{"id":2612,"date":"2024-03-27T12:06:25","date_gmt":"2024-03-27T12:06:25","guid":{"rendered":"https:\/\/dentniswp.bootests.com\/hakkimizda\/"},"modified":"2024-06-28T06:52:58","modified_gmt":"2024-06-28T06:52:58","slug":"about-us","status":"publish","type":"page","link":"https:\/\/dentnis.com\/en\/about-us\/","title":{"rendered":"About Us"},"content":{"rendered":"<div class=\"wpb-content-wrapper\"><p>[vc_row][vc_column]   \r\n\r\n\t\t\t<div class=\"contact-overlay\">\r\n\t\t\t<div id=\"overlay\"><\/div>\r\n\t\t<\/div>\r\n\t\r\n\t\t<section class=\"Contact-Page-Banner\">\r\n\t\t\t<div class=\"container h-100\">\r\n\t\t\t\t<div class=\"row contact-page-banner-row h-100\">\r\n\t\t\t\t\t<div class=\"col-12 col-md-6 col-lg-7 contact-content\">\r\n\t\t\t\t\t\t<span class=\"contact-title\" data-aos=\"fade-up\" data-aos-easing=\"linear\" data-aos-duration=\"900\">DENTN\u0130S<\/span>\r\n\t\t\t\t\t\t<h1 data-aos=\"fade-up\" data-aos-easing=\"linear\" data-aos-duration=\"900\">About Us<\/h1>\r\n\t\t\t\t\t<\/div>\r\n\t\t\t\t\t<div class=\"col-12 col-md-6 col-lg-5 contact-pattern\">\r\n\t\t\t\t\t\t<img decoding=\"async\" src=\"\/wp-content\/themes\/dentnis\/img\/LinePattern.svg\" alt=\"\" data-aos=\"fade-down\"\r\n                        data-aos-easing=\"linear\" data-aos-duration=\"1000\">\r\n\t\t\t\t\t<\/div>\r\n\t\t\t\t<\/div>\r\n\t\t\t<\/div>\r\n\t\t<\/section>\r\n\t[\/vc_column][\/vc_row][vc_row][vc_column][vc_column_text el_class=&#8221;dentnis-content-varsayilan container&#8221;]<\/p>\n<p class=\"vc_custom_heading\"><strong><span style=\"font-size: 16px;\">Welcome to DentNis Implantology and Aesthetic Dental Clinic<\/span><\/strong><\/p>\n<div class=\"wpb_text_column wpb_content_element\">\n<div class=\"wpb_wrapper\">\n<p>\u201cYour smile is a reflection of your inner beauty.\u201d<br \/>\n<a href=\"https:\/\/www.instagram.com\/doktornarin\/\">Dt. Abdulkadir Narin<\/a>\u00a0is the founder of DentNis Implantology and Aesthetic Dental Clinic, a highly regarded clinic in Istanbul providing comprehensive dental care from routine checkups and cleanings to Exclusive Cosmetic Dentistry.<br \/>\nDentNis Implantology and Aesthetic Dental Clinic values its members and makes them its priority. There are no lines to wait or time to waste. The time dedicated is entirely yours. Our entire well-known team consisted of experienced professionals are trained for caring attitude as well.<br \/>\nWe practice the latest technology in dentistry and provide the best diagnosis and treatment that one has to offer. We believe in sharing information with the patient. This allows us to work together to formulate a plan that is best for YOU. The range of services provided by DentNis Implantology and Aesthetic Dental Clinic are listed as below:<\/p>\n<p>\u2022\u00a0<a href=\"https:\/\/dentnis.com\/en\/hollywood-smile-istanbul-turkey\/\" data-mil=\"1311\">Hollywood Smile Design<\/a>,<br \/>\n\u2022 Dental\u00a0bonding\u00a0(Improve alignment, tooth shape and color)<br \/>\n\u2022 Cosmetic Dental implant applications<br \/>\n\u2022\u00a0<a href=\"https:\/\/dentnis.com\/en\/same-day-implant\/\" data-mil=\"1311\">Same Day implant<\/a>\u00a0and teeth applications,<br \/>\n\u2022 Cosmetic implant applications,<br \/>\n\u2022\u00a0<a href=\"https:\/\/dentnis.com\/en\/sameday-implant\/\" data-mil=\"1311\">One Day Implant<\/a>\/\u00a0<a href=\"https:\/\/dentnis.com\/en\/sameday-implant\/\" data-mil=\"1311\">Same day Implant<\/a>\u00a0(immediate same day dental implant treatment),<br \/>\n\u2022 Dental Prosthesis,<br \/>\n\u2022 Esthetic Implant Rehabilitation,<br \/>\n\u2022\u00a0<a href=\"https:\/\/dentnis.com\/en\/nisantasi-laminate-veneers-treatment\/\" data-mil=\"1311\">Porcelain Veneers, Porcelain Dental Crowns and Laminate Veneers<\/a><br \/>\n\u2022\u00a0<a href=\"https:\/\/dentnis.com\/en\/zirconia-crowns\/\" data-mil=\"1311\">Zirconia Crowns Treatment<\/a>,<br \/>\n\u2022\u00a0Teeth Whitening and Bleaching,<br \/>\n\u2022\u00a0<a href=\"https:\/\/dentnis.com\/en\/gummy-smile\/\" data-mil=\"1311\">Gummy Smile<\/a>,<br \/>\n\u2022 Preventive dentistry applications and aesthetic filling applications,<br \/>\n\u2022 Maxiofacial surgery and periodontal surgeries.<\/p>\n<h5><span id=\"We_provide_EXCLUSIVE_HIGH_QUALITY_DENTISTRY_services_that_will_enhance_the_appearance_and_function_of_your_smile\" class=\"ez-toc-section\"><\/span>We provide EXCLUSIVE HIGH QUALITY DENTISTRY services that will enhance the appearance and function of your smile.<\/h5>\n<p>You can be assured of the reliability of our high-quality dentistry services to maximize the appearance of your beautiful smile. Feel free to call us today at DentNis Team to inquire more about the services we provide and to schedule your appointment!<\/p>\n<p>Call us today and schedule your appointment!<\/p>\n<\/div>\n<\/div>\n<div class=\"wpb_text_column wpb_content_element\">\n<div class=\"wpb_wrapper\"><\/div>\n<\/div>\n<p>[\/vc_column_text][\/vc_column][\/vc_row][vc_row el_class=&#8221;mx-auto container&#8221;][vc_column]   \r\n\t\t\t<div class=\"video-iframe animate-on-scroll-text-delay-x\">\r\n\t\t\t<div class=\"wrap\">\r\n\t\t\t\t<div class=\"box-video\">\r\n\t\t\t\t\t<div class=\"bg-video\" style=\"\r\n\t\t\t\t\tbackground-image: url(https:\/\/dentnis.com\/wp-content\/uploads\/video-img.jpg\")>\r\n\t\t\t\t\t\t<div class=\"bt-play\"><\/div>\r\n\t\t\t\t\t<\/div>\r\n\t\t\t\t\t<div class=\"video-container\">\r\n\t\t\t\t\t\t<iframe width=\"590\" height=\"332\"\r\n\t\t\t\t\t\t\tsrc=\"https:\/\/www.youtube.com\/embed\/GkXLn7nbYxs?rel=0&amp;showinfo=0\"\r\n\t\t\t\t\t\t\tframeborder=\"0\" allowfullscreen=\"allowfullscreen\"><\/iframe>\r\n\t\t\t\t\t<\/div>\r\n\t\t\t\t<\/div>\r\n\t\t\t<\/div>\r\n\t\t<\/div>\r\n\t[\/vc_column][\/vc_row]<\/p>\n<\/div>","protected":false},"excerpt":{"rendered":"<p>[vc_row][vc_column][\/vc_column][\/vc_row][vc_row][vc_column][vc_column_text el_class=&#8221;dentnis-content-varsayilan container&#8221;] Welcome to DentNis Implantology and Aesthetic Dental Clinic \u201cYour smile is a reflection of your inner beauty.\u201d Dt. Abdulkadir Narin\u00a0is the founder of DentNis Implantology and Aesthetic Dental Clinic, a highly regarded clinic in Istanbul providing comprehensive dental care from routine checkups and cleanings to Exclusive Cosmetic Dentistry. DentNis Implantology and Aesthetic [&hellip;]<\/p>\n","protected":false},"author":1,"featured_media":0,"parent":0,"menu_order":0,"comment_status":"closed","ping_status":"closed","template":"","meta":{"_acf_changed":false,"footnotes":""},"class_list":["post-2612","page","type-page","status-publish","hentry"],"acf":[],"yoast_head":"<!-- This site is optimized with the Yoast SEO plugin v27.3 - https:\/\/yoast.com\/product\/yoast-seo-wordpress\/ -->\n<title>Aesthetic Dental Clinic in Turkey - About Us - DentNis \u00ae<\/title>\n<meta name=\"description\" content=\"Aesthetic Dental Clinic; Hollywood Smile Design, Dental Bonding, Zirconia Crowns, Dental Veneers, Same Day implant, Smile Makeover and more..\" \/>\n<meta name=\"robots\" content=\"index, follow, max-snippet:-1, max-image-preview:large, max-video-preview:-1\" \/>\n<link rel=\"canonical\" href=\"https:\/\/dentnis.com\/en\/about-us\/\" \/>\n<meta property=\"og:locale\" content=\"en_US\" \/>\n<meta property=\"og:type\" content=\"article\" \/>\n<meta property=\"og:title\" content=\"Aesthetic Dental Clinic in Turkey - About Us - DentNis \u00ae\" \/>\n<meta property=\"og:description\" content=\"Aesthetic Dental Clinic; Hollywood Smile Design, Dental Bonding, Zirconia Crowns, Dental Veneers, Same Day implant, Smile Makeover and more..\" \/>\n<meta property=\"og:url\" content=\"https:\/\/dentnis.com\/en\/about-us\/\" \/>\n<meta property=\"og:site_name\" content=\"DentNis \u00ae\" \/>\n<meta property=\"article:publisher\" content=\"https:\/\/www.facebook.com\/profile.php?id=100008965091602\" \/>\n<meta property=\"article:modified_time\" content=\"2024-06-28T06:52:58+00:00\" \/>\n<meta name=\"twitter:card\" content=\"summary_large_image\" \/>\n<meta name=\"twitter:label1\" content=\"Est. reading time\" \/>\n\t<meta name=\"twitter:data1\" content=\"2 minutes\" \/>\n<script type=\"application\/ld+json\" class=\"yoast-schema-graph\">{\"@context\":\"https:\\\/\\\/schema.org\",\"@graph\":[{\"@type\":\"WebPage\",\"@id\":\"https:\\\/\\\/dentnis.com\\\/en\\\/about-us\\\/\",\"url\":\"https:\\\/\\\/dentnis.com\\\/en\\\/about-us\\\/\",\"name\":\"Aesthetic Dental Clinic in Turkey - About Us - DentNis \u00ae\",\"isPartOf\":{\"@id\":\"https:\\\/\\\/dentnis.com\\\/en\\\/#website\"},\"datePublished\":\"2024-03-27T12:06:25+00:00\",\"dateModified\":\"2024-06-28T06:52:58+00:00\",\"description\":\"Aesthetic Dental Clinic; Hollywood Smile Design, Dental Bonding, Zirconia Crowns, Dental Veneers, Same Day implant, Smile Makeover and more..\",\"breadcrumb\":{\"@id\":\"https:\\\/\\\/dentnis.com\\\/en\\\/about-us\\\/#breadcrumb\"},\"inLanguage\":\"en-US\",\"potentialAction\":[{\"@type\":\"ReadAction\",\"target\":[\"https:\\\/\\\/dentnis.com\\\/en\\\/about-us\\\/\"]}]},{\"@type\":\"BreadcrumbList\",\"@id\":\"https:\\\/\\\/dentnis.com\\\/en\\\/about-us\\\/#breadcrumb\",\"itemListElement\":[{\"@type\":\"ListItem\",\"position\":1,\"name\":\"Anasayfa\",\"item\":\"https:\\\/\\\/dentnis.com\\\/en\\\/\"},{\"@type\":\"ListItem\",\"position\":2,\"name\":\"About Us\"}]},{\"@type\":\"WebSite\",\"@id\":\"https:\\\/\\\/dentnis.com\\\/en\\\/#website\",\"url\":\"https:\\\/\\\/dentnis.com\\\/en\\\/\",\"name\":\"DentNis \u00ae\",\"description\":\"G\u00fcl\u00fc\u015f\u00fcn\u00fcz Kalbinizin Aynas\u0131d\u0131r...\",\"publisher\":{\"@id\":\"https:\\\/\\\/dentnis.com\\\/en\\\/#organization\"},\"potentialAction\":[{\"@type\":\"SearchAction\",\"target\":{\"@type\":\"EntryPoint\",\"urlTemplate\":\"https:\\\/\\\/dentnis.com\\\/en\\\/?s={search_term_string}\"},\"query-input\":{\"@type\":\"PropertyValueSpecification\",\"valueRequired\":true,\"valueName\":\"search_term_string\"}}],\"inLanguage\":\"en-US\"},{\"@type\":\"Organization\",\"@id\":\"https:\\\/\\\/dentnis.com\\\/en\\\/#organization\",\"name\":\"DentNis\",\"url\":\"https:\\\/\\\/dentnis.com\\\/en\\\/\",\"logo\":{\"@type\":\"ImageObject\",\"inLanguage\":\"en-US\",\"@id\":\"https:\\\/\\\/dentnis.com\\\/en\\\/#\\\/schema\\\/logo\\\/image\\\/\",\"url\":\"https:\\\/\\\/dentnis.com\\\/wp-content\\\/uploads\\\/Logo.svg\",\"contentUrl\":\"https:\\\/\\\/dentnis.com\\\/wp-content\\\/uploads\\\/Logo.svg\",\"width\":1,\"height\":1,\"caption\":\"DentNis\"},\"image\":{\"@id\":\"https:\\\/\\\/dentnis.com\\\/en\\\/#\\\/schema\\\/logo\\\/image\\\/\"},\"sameAs\":[\"https:\\\/\\\/www.facebook.com\\\/profile.php?id=100008965091602\",\"https:\\\/\\\/www.instagram.com\\\/doktornarin\\\/\",\"https:\\\/\\\/www.linkedin.com\\\/company\\\/estetik-gulus-tasarimi-dentnis-nisantasi\\\/\",\"https:\\\/\\\/www.youtube.com\\\/channel\\\/UCfv6kUPsCAq1tIw8T7AClOw\"]}]}<\/script>\n<!-- \/ Yoast SEO plugin. -->","yoast_head_json":{"title":"Aesthetic Dental Clinic in Turkey - About Us - DentNis \u00ae","description":"Aesthetic Dental Clinic; Hollywood Smile Design, Dental Bonding, Zirconia Crowns, Dental Veneers, Same Day implant, Smile Makeover and more..","robots":{"index":"index","follow":"follow","max-snippet":"max-snippet:-1","max-image-preview":"max-image-preview:large","max-video-preview":"max-video-preview:-1"},"canonical":"https:\/\/dentnis.com\/en\/about-us\/","og_locale":"en_US","og_type":"article","og_title":"Aesthetic Dental Clinic in Turkey - About Us - DentNis \u00ae","og_description":"Aesthetic Dental Clinic; Hollywood Smile Design, Dental Bonding, Zirconia Crowns, Dental Veneers, Same Day implant, Smile Makeover and more..","og_url":"https:\/\/dentnis.com\/en\/about-us\/","og_site_name":"DentNis \u00ae","article_publisher":"https:\/\/www.facebook.com\/profile.php?id=100008965091602","article_modified_time":"2024-06-28T06:52:58+00:00","twitter_card":"summary_large_image","twitter_misc":{"Est. reading time":"2 minutes"},"schema":{"@context":"https:\/\/schema.org","@graph":[{"@type":"WebPage","@id":"https:\/\/dentnis.com\/en\/about-us\/","url":"https:\/\/dentnis.com\/en\/about-us\/","name":"Aesthetic Dental Clinic in Turkey - About Us - DentNis \u00ae","isPartOf":{"@id":"https:\/\/dentnis.com\/en\/#website"},"datePublished":"2024-03-27T12:06:25+00:00","dateModified":"2024-06-28T06:52:58+00:00","description":"Aesthetic Dental Clinic; Hollywood Smile Design, Dental Bonding, Zirconia Crowns, Dental Veneers, Same Day implant, Smile Makeover and more..","breadcrumb":{"@id":"https:\/\/dentnis.com\/en\/about-us\/#breadcrumb"},"inLanguage":"en-US","potentialAction":[{"@type":"ReadAction","target":["https:\/\/dentnis.com\/en\/about-us\/"]}]},{"@type":"BreadcrumbList","@id":"https:\/\/dentnis.com\/en\/about-us\/#breadcrumb","itemListElement":[{"@type":"ListItem","position":1,"name":"Anasayfa","item":"https:\/\/dentnis.com\/en\/"},{"@type":"ListItem","position":2,"name":"About Us"}]},{"@type":"WebSite","@id":"https:\/\/dentnis.com\/en\/#website","url":"https:\/\/dentnis.com\/en\/","name":"DentNis \u00ae","description":"G\u00fcl\u00fc\u015f\u00fcn\u00fcz Kalbinizin Aynas\u0131d\u0131r...","publisher":{"@id":"https:\/\/dentnis.com\/en\/#organization"},"potentialAction":[{"@type":"SearchAction","target":{"@type":"EntryPoint","urlTemplate":"https:\/\/dentnis.com\/en\/?s={search_term_string}"},"query-input":{"@type":"PropertyValueSpecification","valueRequired":true,"valueName":"search_term_string"}}],"inLanguage":"en-US"},{"@type":"Organization","@id":"https:\/\/dentnis.com\/en\/#organization","name":"DentNis","url":"https:\/\/dentnis.com\/en\/","logo":{"@type":"ImageObject","inLanguage":"en-US","@id":"https:\/\/dentnis.com\/en\/#\/schema\/logo\/image\/","url":"https:\/\/dentnis.com\/wp-content\/uploads\/Logo.svg","contentUrl":"https:\/\/dentnis.com\/wp-content\/uploads\/Logo.svg","width":1,"height":1,"caption":"DentNis"},"image":{"@id":"https:\/\/dentnis.com\/en\/#\/schema\/logo\/image\/"},"sameAs":["https:\/\/www.facebook.com\/profile.php?id=100008965091602","https:\/\/www.instagram.com\/doktornarin\/","https:\/\/www.linkedin.com\/company\/estetik-gulus-tasarimi-dentnis-nisantasi\/","https:\/\/www.youtube.com\/channel\/UCfv6kUPsCAq1tIw8T7AClOw"]}]}},"_links":{"self":[{"href":"https:\/\/dentnis.com\/en\/wp-json\/wp\/v2\/pages\/2612","targetHints":{"allow":["GET"]}}],"collection":[{"href":"https:\/\/dentnis.com\/en\/wp-json\/wp\/v2\/pages"}],"about":[{"href":"https:\/\/dentnis.com\/en\/wp-json\/wp\/v2\/types\/page"}],"author":[{"embeddable":true,"href":"https:\/\/dentnis.com\/en\/wp-json\/wp\/v2\/users\/1"}],"replies":[{"embeddable":true,"href":"https:\/\/dentnis.com\/en\/wp-json\/wp\/v2\/comments?post=2612"}],"version-history":[{"count":10,"href":"https:\/\/dentnis.com\/en\/wp-json\/wp\/v2\/pages\/2612\/revisions"}],"predecessor-version":[{"id":3295,"href":"https:\/\/dentnis.com\/en\/wp-json\/wp\/v2\/pages\/2612\/revisions\/3295"}],"wp:attachment":[{"href":"https:\/\/dentnis.com\/en\/wp-json\/wp\/v2\/media?parent=2612"}],"curies":[{"name":"wp","href":"https:\/\/api.w.org\/{rel}","templated":true}]}}