{"id":1472,"date":"2026-04-01T00:02:00","date_gmt":"2026-04-01T00:02:00","guid":{"rendered":"https:\/\/dentniswp.bootests.com\/tedavilerimiz\/"},"modified":"2024-03-28T13:01:26","modified_gmt":"2024-03-28T13:01:26","slug":"our-treatments","status":"publish","type":"page","link":"https:\/\/dentnis.com\/en\/our-treatments\/","title":{"rendered":"Our Treatments"},"content":{"rendered":"<div class=\"wpb-content-wrapper\"><p>[vc_row][vc_column]   \n\n\n\n<div class=\"archive-overlay\">\n\n<div id=\"overlay\"><\/div>\n\n<\/div>\n\n\n\n<!-- Banner -->\n\n<section class=\"Page-Banner \">\n\n<div class=\"container\">\n\n\t<div class=\"row page-banner-row h-100\">\n\n\t\t<div class=\"col-12 col-md-6 col-lg-5 page-banner-text\">\n\n\t\t\t<span data-aos=\"fade-up\" data-aos-easing=\"linear\" data-aos-duration=\"900\">CATEGORY<\/span>\n\n\t\t\t<h1 data-aos=\"fade-up\" data-aos-easing=\"linear\" data-aos-duration=\"900\">Our Treatments<\/h1>\n\n\t\t\t\n\n\t\t<\/div>\n\n\t\t<div class=\"col-12 col-md-6 col-lg-6 page-banner-img\">\n\n\t\t\t<img decoding=\"async\" src=\"https:\/\/dentnis.com\/wp-content\/uploads\/Group-127-1.png\" class=\"img-desktop\" alt=\"Tedavilerimiz\" data-aos=\"fade-down\"\n\n\t\t\tdata-aos-easing=\"linear\" data-aos-duration=\"1000\">\n\n\t\t\t<img decoding=\"async\" src=\"https:\/\/dentnis.com\/wp-content\/uploads\/MobilePhoto-1.png\" class=\"img-mobile\" alt=\"Estetik Di\u015f Hekimi, G\u00fcl\u00fc\u015f Tasar\u0131m\u0131, \u0130mplant, Zirkonyum Di\u015f, Lamine Di\u015f, Yaprak Di\u015f Hizmetleri, G\u00fcl\u00fc\u015f Esteti\u011fi ve Kozmetik Di\u015f, Ni\u015fanta\u015f\u0131 Di\u015f\" data-aos=\"fade-down\"\n\n\t\t\tdata-aos-easing=\"linear\" data-aos-duration=\"1000\">\n\n\t\t\t\n\n\t\t<\/div>\n\n\t<\/div>\n\n<\/div>\n\n<\/section>\n\n<!-- Banner -->\n\n\t[vc_column_text]\n\n    <section class=\"Archive-Content\">\n\n    <div class=\"container\">\n\n        <div class=\"row our-treatments\">\n\n        \n\n            \n\n\n\n                <div class=\"col-12 col-md-6 col-sm-6 col-xl-4\" data-aos=\"fade-up\" data-aos-easing=\"linear\"\n\n                data-aos-duration=\"1000\">\n\n              \n\n                    <div class=\"card-img \">\n\n                        <div class=\"img\">\n\n                        <a href=\"https:\/\/dentnis.com\/en\/sutureless-implant\/\">   <img decoding=\"async\" src=\"https:\/\/dentnis.com\/wp-content\/uploads\/Dikissiz-Implant-img-kapak.png\" alt=\"Sutureless Implant\">   <\/a>\n\n                        <\/div>\n\n                        <div class=\"card-img-body\">\n\n                            <div class=\"d-flex flex-column\">\n\n                                <span class=\"number \">1<\/span>\n\n                                <a href=\"https:\/\/dentnis.com\/en\/sutureless-implant\/\">      <h3 class=\"title \">Sutureless Implant<\/h3> <\/a>\n\n                            <\/div>\n\n                            <a href=\"https:\/\/dentnis.com\/en\/sutureless-implant\/\" class=\"btn-icon\">\n\n                                <img decoding=\"async\" src=\"\/wp-content\/themes\/dentnis\/img\/Our-Treatments\/Arrow.svg\" alt=\"arrow\">\n\n                            <\/a>\n\n\n\n                        <\/div>\n\n                    <\/div>\n\n             \n\n            <\/div>\n\n     \n\n            \n\n            \n\n\n\n                <div class=\"col-12 col-md-6 col-sm-6 col-xl-4\" data-aos=\"fade-up\" data-aos-easing=\"linear\"\n\n                data-aos-duration=\"1000\">\n\n              \n\n                    <div class=\"card-img \">\n\n                        <div class=\"img\">\n\n                        <a href=\"https:\/\/dentnis.com\/en\/sedation-dentistry\/\">   <img decoding=\"async\" src=\"https:\/\/dentnis.com\/wp-content\/uploads\/Sedasyonla-Uyutarak-Implant-img-kapak.png\" alt=\"Sedation Dentistry\">   <\/a>\n\n                        <\/div>\n\n                        <div class=\"card-img-body\">\n\n                            <div class=\"d-flex flex-column\">\n\n                                <span class=\"number \">2<\/span>\n\n                                <a href=\"https:\/\/dentnis.com\/en\/sedation-dentistry\/\">      <h3 class=\"title \">Sedation Dentistry<\/h3> <\/a>\n\n                            <\/div>\n\n                            <a href=\"https:\/\/dentnis.com\/en\/sedation-dentistry\/\" class=\"btn-icon\">\n\n                                <img decoding=\"async\" src=\"\/wp-content\/themes\/dentnis\/img\/Our-Treatments\/Arrow.svg\" alt=\"arrow\">\n\n                            <\/a>\n\n\n\n                        <\/div>\n\n                    <\/div>\n\n             \n\n            <\/div>\n\n     \n\n            \n\n            \n\n\n\n                <div class=\"col-12 col-md-6 col-sm-6 col-xl-4\" data-aos=\"fade-up\" data-aos-easing=\"linear\"\n\n                data-aos-duration=\"1000\">\n\n              \n\n                    <div class=\"card-img \">\n\n                        <div class=\"img\">\n\n                        <a href=\"https:\/\/dentnis.com\/en\/what-is-smile-design\/\">   <img decoding=\"async\" src=\"https:\/\/dentnis.com\/wp-content\/uploads\/gulus-tasarimi.jpg\" alt=\"Smile Design\">   <\/a>\n\n                        <\/div>\n\n                        <div class=\"card-img-body\">\n\n                            <div class=\"d-flex flex-column\">\n\n                                <span class=\"number \">3<\/span>\n\n                                <a href=\"https:\/\/dentnis.com\/en\/what-is-smile-design\/\">      <h3 class=\"title \">Smile Design<\/h3> <\/a>\n\n                            <\/div>\n\n                            <a href=\"https:\/\/dentnis.com\/en\/what-is-smile-design\/\" class=\"btn-icon\">\n\n                                <img decoding=\"async\" src=\"\/wp-content\/themes\/dentnis\/img\/Our-Treatments\/Arrow.svg\" alt=\"arrow\">\n\n                            <\/a>\n\n\n\n                        <\/div>\n\n                    <\/div>\n\n             \n\n            <\/div>\n\n     \n\n            \n\n            \n\n\n\n                <div class=\"col-12 col-md-6 col-sm-6 col-xl-4\" data-aos=\"fade-up\" data-aos-easing=\"linear\"\n\n                data-aos-duration=\"1000\">\n\n              \n\n                    <div class=\"card-img \">\n\n                        <div class=\"img\">\n\n                        <a href=\"https:\/\/dentnis.com\/en\/gummy-smile\/\">   <img decoding=\"async\" src=\"https:\/\/dentnis.com\/wp-content\/uploads\/Pembe-Estetik-img-kapak.png\" alt=\"Gummy Smile\">   <\/a>\n\n                        <\/div>\n\n                        <div class=\"card-img-body\">\n\n                            <div class=\"d-flex flex-column\">\n\n                                <span class=\"number \">4<\/span>\n\n                                <a href=\"https:\/\/dentnis.com\/en\/gummy-smile\/\">      <h3 class=\"title \">Gummy Smile<\/h3> <\/a>\n\n                            <\/div>\n\n                            <a href=\"https:\/\/dentnis.com\/en\/gummy-smile\/\" class=\"btn-icon\">\n\n                                <img decoding=\"async\" src=\"\/wp-content\/themes\/dentnis\/img\/Our-Treatments\/Arrow.svg\" alt=\"arrow\">\n\n                            <\/a>\n\n\n\n                        <\/div>\n\n                    <\/div>\n\n             \n\n            <\/div>\n\n     \n\n            \n\n            \n\n\n\n                <div class=\"col-12 col-md-6 col-sm-6 col-xl-4\" data-aos=\"fade-up\" data-aos-easing=\"linear\"\n\n                data-aos-duration=\"1000\">\n\n              \n\n                    <div class=\"card-img \">\n\n                        <div class=\"img\">\n\n                        <a href=\"https:\/\/dentnis.com\/en\/oral-diagnosis-and-radiology\/\">   <img decoding=\"async\" src=\"https:\/\/dentnis.com\/wp-content\/uploads\/Oral-Diagnoz-Nedir-img-kapak.png\" alt=\"Oral Diagnosis and Radiology\">   <\/a>\n\n                        <\/div>\n\n                        <div class=\"card-img-body\">\n\n                            <div class=\"d-flex flex-column\">\n\n                                <span class=\"number \">5<\/span>\n\n                                <a href=\"https:\/\/dentnis.com\/en\/oral-diagnosis-and-radiology\/\">      <h3 class=\"title \">Oral Diagnosis and Radiology<\/h3> <\/a>\n\n                            <\/div>\n\n                            <a href=\"https:\/\/dentnis.com\/en\/oral-diagnosis-and-radiology\/\" class=\"btn-icon\">\n\n                                <img decoding=\"async\" src=\"\/wp-content\/themes\/dentnis\/img\/Our-Treatments\/Arrow.svg\" alt=\"arrow\">\n\n                            <\/a>\n\n\n\n                        <\/div>\n\n                    <\/div>\n\n             \n\n            <\/div>\n\n     \n\n            \n\n            \n\n\n\n                <div class=\"col-12 col-md-6 col-sm-6 col-xl-4\" data-aos=\"fade-up\" data-aos-easing=\"linear\"\n\n                data-aos-duration=\"1000\">\n\n              \n\n                    <div class=\"card-img \">\n\n                        <div class=\"img\">\n\n                        <a href=\"https:\/\/dentnis.com\/en\/dental-implant-prices-in-turkey\/\">   <img decoding=\"async\" src=\"https:\/\/dentnis.com\/wp-content\/uploads\/implant-fiyatlari-2026-img-kapak.png\" alt=\"Dental Implant Prices 2026 in Turkey\">   <\/a>\n\n                        <\/div>\n\n                        <div class=\"card-img-body\">\n\n                            <div class=\"d-flex flex-column\">\n\n                                <span class=\"number \">6<\/span>\n\n                                <a href=\"https:\/\/dentnis.com\/en\/dental-implant-prices-in-turkey\/\">      <h3 class=\"title \">Dental Implant Prices 2026 in Turkey<\/h3> <\/a>\n\n                            <\/div>\n\n                            <a href=\"https:\/\/dentnis.com\/en\/dental-implant-prices-in-turkey\/\" class=\"btn-icon\">\n\n                                <img decoding=\"async\" src=\"\/wp-content\/themes\/dentnis\/img\/Our-Treatments\/Arrow.svg\" alt=\"arrow\">\n\n                            <\/a>\n\n\n\n                        <\/div>\n\n                    <\/div>\n\n             \n\n            <\/div>\n\n     \n\n            \n\n            \n\n\n\n                <div class=\"col-12 col-md-6 col-sm-6 col-xl-4\" data-aos=\"fade-up\" data-aos-easing=\"linear\"\n\n                data-aos-duration=\"1000\">\n\n              \n\n                    <div class=\"card-img \">\n\n                        <div class=\"img\">\n\n                        <a href=\"https:\/\/dentnis.com\/en\/free-online-dental-consultation-turkey\/\">   <img decoding=\"async\" src=\"https:\/\/dentnis.com\/wp-content\/uploads\/Free-Online-Dental-Consultation-Turkey-img-cover.png\" alt=\"Free Online Dental Consultation Turkey\">   <\/a>\n\n                        <\/div>\n\n                        <div class=\"card-img-body\">\n\n                            <div class=\"d-flex flex-column\">\n\n                                <span class=\"number \">7<\/span>\n\n                                <a href=\"https:\/\/dentnis.com\/en\/free-online-dental-consultation-turkey\/\">      <h3 class=\"title \">Free Online Dental Consultation Turkey<\/h3> <\/a>\n\n                            <\/div>\n\n                            <a href=\"https:\/\/dentnis.com\/en\/free-online-dental-consultation-turkey\/\" class=\"btn-icon\">\n\n                                <img decoding=\"async\" src=\"\/wp-content\/themes\/dentnis\/img\/Our-Treatments\/Arrow.svg\" alt=\"arrow\">\n\n                            <\/a>\n\n\n\n                        <\/div>\n\n                    <\/div>\n\n             \n\n            <\/div>\n\n     \n\n            \n\n            \n\n\n\n                <div class=\"col-12 col-md-6 col-sm-6 col-xl-4\" data-aos=\"fade-up\" data-aos-easing=\"linear\"\n\n                data-aos-duration=\"1000\">\n\n              \n\n                    <div class=\"card-img \">\n\n                        <div class=\"img\">\n\n                        <a href=\"https:\/\/dentnis.com\/en\/how-long-is-lifespan-of-dental-implants\/\">   <img decoding=\"async\" src=\"https:\/\/dentnis.com\/wp-content\/uploads\/Implant-Omru-Ne-Kadardir-img-kapak.png\" alt=\"How Long is Lifespan of Dental Implants?\">   <\/a>\n\n                        <\/div>\n\n                        <div class=\"card-img-body\">\n\n                            <div class=\"d-flex flex-column\">\n\n                                <span class=\"number \">8<\/span>\n\n                                <a href=\"https:\/\/dentnis.com\/en\/how-long-is-lifespan-of-dental-implants\/\">      <h3 class=\"title \">How Long is Lifespan of Dental Implants?<\/h3> <\/a>\n\n                            <\/div>\n\n                            <a href=\"https:\/\/dentnis.com\/en\/how-long-is-lifespan-of-dental-implants\/\" class=\"btn-icon\">\n\n                                <img decoding=\"async\" src=\"\/wp-content\/themes\/dentnis\/img\/Our-Treatments\/Arrow.svg\" alt=\"arrow\">\n\n                            <\/a>\n\n\n\n                        <\/div>\n\n                    <\/div>\n\n             \n\n            <\/div>\n\n     \n\n            \n\n            \n\n\n\n                <div class=\"col-12 col-md-6 col-sm-6 col-xl-4\" data-aos=\"fade-up\" data-aos-easing=\"linear\"\n\n                data-aos-duration=\"1000\">\n\n              \n\n                    <div class=\"card-img \">\n\n                        <div class=\"img\">\n\n                        <a href=\"https:\/\/dentnis.com\/en\/teeth-veneers-in-turkey\/\">   <img decoding=\"async\" src=\"https:\/\/dentnis.com\/wp-content\/uploads\/Teeth-Veneers-in-Turkey-img-cover.png\" alt=\"Teeth Veneers in Turkey\">   <\/a>\n\n                        <\/div>\n\n                        <div class=\"card-img-body\">\n\n                            <div class=\"d-flex flex-column\">\n\n                                <span class=\"number \">9<\/span>\n\n                                <a href=\"https:\/\/dentnis.com\/en\/teeth-veneers-in-turkey\/\">      <h3 class=\"title \">Teeth Veneers in Turkey<\/h3> <\/a>\n\n                            <\/div>\n\n                            <a href=\"https:\/\/dentnis.com\/en\/teeth-veneers-in-turkey\/\" class=\"btn-icon\">\n\n                                <img decoding=\"async\" src=\"\/wp-content\/themes\/dentnis\/img\/Our-Treatments\/Arrow.svg\" alt=\"arrow\">\n\n                            <\/a>\n\n\n\n                        <\/div>\n\n                    <\/div>\n\n             \n\n            <\/div>\n\n     \n\n            \n\n        <div class=\"pagination d-flex justify-content-center\" data-aos=\"fade-up\" data-aos-easing=\"linear\"\n\n                    data-aos-duration=\"1500\">    <nav aria-label=\"Page navigation example\"><ul class=\"pagination\"><li class=\"page-item\"><span aria-current=\"page\" class=\"page-numbers current\">1<\/span><\/li><li class=\"page-item\"><a class=\"page-numbers\" href=\"https:\/\/dentnis.com\/en\/wp-json\/wp\/v2\/pages\/1472\/page\/2\/\">2<\/a><\/li><li class=\"page-item\"><a class=\"next page-numbers\" href=\"https:\/\/dentnis.com\/en\/wp-json\/wp\/v2\/pages\/1472\/page\/2\/\"><div class=\"page-link button\" href=\"#\" aria-label=\"Next\">\n\n                                    <img decoding=\"async\" src=\"\/wp-content\/themes\/dentnis\/img\/ArchivePage\/PaginationRightArrow.svg\" alt=\"right\">\n\n                                <\/div><span>Next<\/span><\/a><\/li> <\/nav><\/ul><\/div>\n\n        <\/div>\n\n    <\/div>\n\n<\/section> \n\n        [\/vc_column_text][\/vc_column][\/vc_row]<\/p>\n<\/div>","protected":false},"excerpt":{"rendered":"<p>[vc_row][vc_column][vc_column_text][\/vc_column_text][\/vc_column][\/vc_row]<\/p>\n","protected":false},"author":1,"featured_media":0,"parent":0,"menu_order":0,"comment_status":"closed","ping_status":"closed","template":"","meta":{"_acf_changed":false,"footnotes":""},"class_list":["post-1472","page","type-page","status-publish","hentry"],"acf":[],"yoast_head":"<!-- This site is optimized with the Yoast SEO plugin v27.3 - https:\/\/yoast.com\/product\/yoast-seo-wordpress\/ -->\n<title>Our Treatments<\/title>\n<meta name=\"description\" content=\"Click to review our treatments and learn more.\" \/>\n<meta name=\"robots\" content=\"index, follow, max-snippet:-1, max-image-preview:large, max-video-preview:-1\" \/>\n<link rel=\"canonical\" href=\"https:\/\/dentnis.com\/en\/our-treatments\/\" \/>\n<meta property=\"og:locale\" content=\"en_US\" \/>\n<meta property=\"og:type\" content=\"article\" \/>\n<meta property=\"og:title\" content=\"Our Treatments\" \/>\n<meta property=\"og:description\" content=\"Click to review our treatments and learn more.\" \/>\n<meta property=\"og:url\" content=\"https:\/\/dentnis.com\/en\/our-treatments\/\" \/>\n<meta property=\"og:site_name\" content=\"DentNis \u00ae\" \/>\n<meta property=\"article:publisher\" content=\"https:\/\/www.facebook.com\/profile.php?id=100008965091602\" \/>\n<meta name=\"twitter:card\" content=\"summary_large_image\" \/>\n<meta name=\"twitter:label1\" content=\"Est. reading time\" \/>\n\t<meta name=\"twitter:data1\" content=\"1 minute\" \/>\n<script type=\"application\/ld+json\" class=\"yoast-schema-graph\">{\"@context\":\"https:\\\/\\\/schema.org\",\"@graph\":[{\"@type\":\"WebPage\",\"@id\":\"https:\\\/\\\/dentnis.com\\\/en\\\/our-treatments\\\/\",\"url\":\"https:\\\/\\\/dentnis.com\\\/en\\\/our-treatments\\\/\",\"name\":\"Our Treatments\",\"isPartOf\":{\"@id\":\"https:\\\/\\\/dentnis.com\\\/en\\\/#website\"},\"datePublished\":\"2026-04-01T00:02:00+00:00\",\"description\":\"Click to review our treatments and learn more.\",\"breadcrumb\":{\"@id\":\"https:\\\/\\\/dentnis.com\\\/en\\\/our-treatments\\\/#breadcrumb\"},\"inLanguage\":\"en-US\",\"potentialAction\":[{\"@type\":\"ReadAction\",\"target\":[\"https:\\\/\\\/dentnis.com\\\/en\\\/our-treatments\\\/\"]}]},{\"@type\":\"BreadcrumbList\",\"@id\":\"https:\\\/\\\/dentnis.com\\\/en\\\/our-treatments\\\/#breadcrumb\",\"itemListElement\":[{\"@type\":\"ListItem\",\"position\":1,\"name\":\"Anasayfa\",\"item\":\"https:\\\/\\\/dentnis.com\\\/en\\\/\"},{\"@type\":\"ListItem\",\"position\":2,\"name\":\"Our Treatments\"}]},{\"@type\":\"WebSite\",\"@id\":\"https:\\\/\\\/dentnis.com\\\/en\\\/#website\",\"url\":\"https:\\\/\\\/dentnis.com\\\/en\\\/\",\"name\":\"DentNis \u00ae\",\"description\":\"G\u00fcl\u00fc\u015f\u00fcn\u00fcz Kalbinizin Aynas\u0131d\u0131r...\",\"publisher\":{\"@id\":\"https:\\\/\\\/dentnis.com\\\/en\\\/#organization\"},\"potentialAction\":[{\"@type\":\"SearchAction\",\"target\":{\"@type\":\"EntryPoint\",\"urlTemplate\":\"https:\\\/\\\/dentnis.com\\\/en\\\/?s={search_term_string}\"},\"query-input\":{\"@type\":\"PropertyValueSpecification\",\"valueRequired\":true,\"valueName\":\"search_term_string\"}}],\"inLanguage\":\"en-US\"},{\"@type\":\"Organization\",\"@id\":\"https:\\\/\\\/dentnis.com\\\/en\\\/#organization\",\"name\":\"DentNis\",\"url\":\"https:\\\/\\\/dentnis.com\\\/en\\\/\",\"logo\":{\"@type\":\"ImageObject\",\"inLanguage\":\"en-US\",\"@id\":\"https:\\\/\\\/dentnis.com\\\/en\\\/#\\\/schema\\\/logo\\\/image\\\/\",\"url\":\"https:\\\/\\\/dentnis.com\\\/wp-content\\\/uploads\\\/Logo.svg\",\"contentUrl\":\"https:\\\/\\\/dentnis.com\\\/wp-content\\\/uploads\\\/Logo.svg\",\"width\":1,\"height\":1,\"caption\":\"DentNis\"},\"image\":{\"@id\":\"https:\\\/\\\/dentnis.com\\\/en\\\/#\\\/schema\\\/logo\\\/image\\\/\"},\"sameAs\":[\"https:\\\/\\\/www.facebook.com\\\/profile.php?id=100008965091602\",\"https:\\\/\\\/www.instagram.com\\\/doktornarin\\\/\",\"https:\\\/\\\/www.linkedin.com\\\/company\\\/estetik-gulus-tasarimi-dentnis-nisantasi\\\/\",\"https:\\\/\\\/www.youtube.com\\\/channel\\\/UCfv6kUPsCAq1tIw8T7AClOw\"]}]}<\/script>\n<!-- \/ Yoast SEO plugin. -->","yoast_head_json":{"title":"Our Treatments","description":"Click to review our treatments and learn more.","robots":{"index":"index","follow":"follow","max-snippet":"max-snippet:-1","max-image-preview":"max-image-preview:large","max-video-preview":"max-video-preview:-1"},"canonical":"https:\/\/dentnis.com\/en\/our-treatments\/","og_locale":"en_US","og_type":"article","og_title":"Our Treatments","og_description":"Click to review our treatments and learn more.","og_url":"https:\/\/dentnis.com\/en\/our-treatments\/","og_site_name":"DentNis \u00ae","article_publisher":"https:\/\/www.facebook.com\/profile.php?id=100008965091602","twitter_card":"summary_large_image","twitter_misc":{"Est. reading time":"1 minute"},"schema":{"@context":"https:\/\/schema.org","@graph":[{"@type":"WebPage","@id":"https:\/\/dentnis.com\/en\/our-treatments\/","url":"https:\/\/dentnis.com\/en\/our-treatments\/","name":"Our Treatments","isPartOf":{"@id":"https:\/\/dentnis.com\/en\/#website"},"datePublished":"2026-04-01T00:02:00+00:00","description":"Click to review our treatments and learn more.","breadcrumb":{"@id":"https:\/\/dentnis.com\/en\/our-treatments\/#breadcrumb"},"inLanguage":"en-US","potentialAction":[{"@type":"ReadAction","target":["https:\/\/dentnis.com\/en\/our-treatments\/"]}]},{"@type":"BreadcrumbList","@id":"https:\/\/dentnis.com\/en\/our-treatments\/#breadcrumb","itemListElement":[{"@type":"ListItem","position":1,"name":"Anasayfa","item":"https:\/\/dentnis.com\/en\/"},{"@type":"ListItem","position":2,"name":"Our Treatments"}]},{"@type":"WebSite","@id":"https:\/\/dentnis.com\/en\/#website","url":"https:\/\/dentnis.com\/en\/","name":"DentNis \u00ae","description":"G\u00fcl\u00fc\u015f\u00fcn\u00fcz Kalbinizin Aynas\u0131d\u0131r...","publisher":{"@id":"https:\/\/dentnis.com\/en\/#organization"},"potentialAction":[{"@type":"SearchAction","target":{"@type":"EntryPoint","urlTemplate":"https:\/\/dentnis.com\/en\/?s={search_term_string}"},"query-input":{"@type":"PropertyValueSpecification","valueRequired":true,"valueName":"search_term_string"}}],"inLanguage":"en-US"},{"@type":"Organization","@id":"https:\/\/dentnis.com\/en\/#organization","name":"DentNis","url":"https:\/\/dentnis.com\/en\/","logo":{"@type":"ImageObject","inLanguage":"en-US","@id":"https:\/\/dentnis.com\/en\/#\/schema\/logo\/image\/","url":"https:\/\/dentnis.com\/wp-content\/uploads\/Logo.svg","contentUrl":"https:\/\/dentnis.com\/wp-content\/uploads\/Logo.svg","width":1,"height":1,"caption":"DentNis"},"image":{"@id":"https:\/\/dentnis.com\/en\/#\/schema\/logo\/image\/"},"sameAs":["https:\/\/www.facebook.com\/profile.php?id=100008965091602","https:\/\/www.instagram.com\/doktornarin\/","https:\/\/www.linkedin.com\/company\/estetik-gulus-tasarimi-dentnis-nisantasi\/","https:\/\/www.youtube.com\/channel\/UCfv6kUPsCAq1tIw8T7AClOw"]}]}},"_links":{"self":[{"href":"https:\/\/dentnis.com\/en\/wp-json\/wp\/v2\/pages\/1472","targetHints":{"allow":["GET"]}}],"collection":[{"href":"https:\/\/dentnis.com\/en\/wp-json\/wp\/v2\/pages"}],"about":[{"href":"https:\/\/dentnis.com\/en\/wp-json\/wp\/v2\/types\/page"}],"author":[{"embeddable":true,"href":"https:\/\/dentnis.com\/en\/wp-json\/wp\/v2\/users\/1"}],"replies":[{"embeddable":true,"href":"https:\/\/dentnis.com\/en\/wp-json\/wp\/v2\/comments?post=1472"}],"version-history":[{"count":4,"href":"https:\/\/dentnis.com\/en\/wp-json\/wp\/v2\/pages\/1472\/revisions"}],"predecessor-version":[{"id":2777,"href":"https:\/\/dentnis.com\/en\/wp-json\/wp\/v2\/pages\/1472\/revisions\/2777"}],"wp:attachment":[{"href":"https:\/\/dentnis.com\/en\/wp-json\/wp\/v2\/media?parent=1472"}],"curies":[{"name":"wp","href":"https:\/\/api.w.org\/{rel}","templated":true}]}}