{"id":1470,"date":"2026-03-20T06:36:03","date_gmt":"2026-03-20T06:36:03","guid":{"rendered":"https:\/\/dentniswp.bootests.com\/iletisim\/"},"modified":"2024-03-28T12:57:45","modified_gmt":"2024-03-28T12:57:45","slug":"contact-us","status":"publish","type":"page","link":"https:\/\/dentnis.com\/en\/contact-us\/","title":{"rendered":"Contact Us"},"content":{"rendered":"<div class=\"wpb-content-wrapper\"><p>[vc_row][vc_column]   \r\n\r\n\t\t\t<div class=\"contact-overlay\">\r\n\t\t\t<div id=\"overlay\"><\/div>\r\n\t\t<\/div>\r\n\t\r\n\t\t<section class=\"Contact-Page-Banner\">\r\n\t\t\t<div class=\"container h-100\">\r\n\t\t\t\t<div class=\"row contact-page-banner-row h-100\">\r\n\t\t\t\t\t<div class=\"col-12 col-md-6 col-lg-7 contact-content\">\r\n\t\t\t\t\t\t<span class=\"contact-title\" data-aos=\"fade-up\" data-aos-easing=\"linear\" data-aos-duration=\"900\">CONTACT US<\/span>\r\n\t\t\t\t\t\t<h1 data-aos=\"fade-up\" data-aos-easing=\"linear\" data-aos-duration=\"900\">Contact<\/h1>\r\n\t\t\t\t\t<\/div>\r\n\t\t\t\t\t<div class=\"col-12 col-md-6 col-lg-5 contact-pattern\">\r\n\t\t\t\t\t\t<img decoding=\"async\" src=\"\/wp-content\/themes\/dentnis\/img\/LinePattern.svg\" alt=\"\" data-aos=\"fade-down\"\r\n                        data-aos-easing=\"linear\" data-aos-duration=\"1000\">\r\n\t\t\t\t\t<\/div>\r\n\t\t\t\t<\/div>\r\n\t\t\t<\/div>\r\n\t\t<\/section>\r\n\t\n        <section class=\"Contact-Page-Cards\" data-aos=\"fade-up\" data-aos-easing=\"linear\" data-aos-duration=\"1200\">\n            <div class=\"container\">\n                <div class=\"row contact-page-cards-row\">\n                    \n            <div class=\"col-12 col-md-6 col-xl-3\">\n                <div class=\"contact-card\" data-aos=\"fade-up\" data-aos-easing=\"linear\" data-aos-duration=\"1200\">\n                    <div class=\"contact-icon\">\n                        <img decoding=\"async\" src=\"https:\/\/dentnis.com\/wp-content\/uploads\/Location.svg\" class=\"p-2\" alt=\"Adres\">\n                    <\/div>\n                    <div class=\"contact-text-content\">\n                        <span class=\"contact-title\">Address<\/span>\n                        <p class=\"contact-text\">Valikona\u011f\u0131 Caddesi, Narin Apartman\u0131, No:167\/4 Ni\u015fanta\u015f\u0131 \u2013 \u015ei\u015fli \/ istanbul<\/p>\n                    <\/div>\n                <\/div>\n            <\/div>\n            <div class=\"col-12 col-md-6 col-xl-3\">\n                <div class=\"contact-card\" data-aos=\"fade-up\" data-aos-easing=\"linear\" data-aos-duration=\"1200\">\n                    <div class=\"contact-icon\">\n                        <img decoding=\"async\" src=\"https:\/\/dentnis.com\/wp-content\/uploads\/Phone.svg\" class=\"p-2\" alt=\"Telefon\">\n                    <\/div>\n                    <div class=\"contact-text-content\">\n                        <span class=\"contact-title\">Phone<\/span>\n                        <p class=\"contact-text\">+90 (212) 246 09 03<\/p>\n                    <\/div>\n                <\/div>\n            <\/div>\n            <div class=\"col-12 col-md-6 col-xl-3\">\n                <div class=\"contact-card\" data-aos=\"fade-up\" data-aos-easing=\"linear\" data-aos-duration=\"1200\">\n                    <div class=\"contact-icon\">\n                        <img decoding=\"async\" src=\"https:\/\/dentnis.com\/wp-content\/uploads\/Mail.svg\" class=\"p-2\" alt=\"Email\">\n                    <\/div>\n                    <div class=\"contact-text-content\">\n                        <span class=\"contact-title\">E-mail<\/span>\n                        <p class=\"contact-text\">info@dentnis.com<\/p>\n                    <\/div>\n                <\/div>\n            <\/div>\n            <div class=\"col-12 col-md-6 col-xl-3\">\n                <div class=\"contact-card\" data-aos=\"fade-up\" data-aos-easing=\"linear\" data-aos-duration=\"1200\">\n                    <div class=\"contact-icon\">\n                        <img decoding=\"async\" src=\"https:\/\/dentnis.com\/wp-content\/uploads\/Clock.svg\" class=\"p-2\" alt=\"\u00c7al\u0131\u015fma Saati\">\n                    <\/div>\n                    <div class=\"contact-text-content\">\n                        <span class=\"contact-title\">Working Hours<\/span>\n                        <p class=\"contact-text\">Pazartesi - Cumartesi: 08:30 - 19:00 &lt;br&gt; Pazar: Kapal\u0131<\/p>\n                    <\/div>\n                <\/div>\n            <\/div>\n                <\/div>\n            <\/div>\n        <\/section>   \r\n\t\t\t<section class=\"Contact-Page-Form\" data-aos=\"fade-up\" data-aos-easing=\"linear\" data-aos-duration=\"1500\">\r\n\t\t\t<div class=\"container\">\r\n\t\t\t\t<div class=\"row contact-page-row\"  data-aos=\"fade-up\" data-aos-easing=\"linear\"\r\n\t\t\t\tdata-aos-duration=\"1500\">\r\n\t\t\t\t\t<div class=\"col-12 col-lg-6\">\r\n\t\t\t\t\t\t\n<div class=\"wpcf7 no-js\" id=\"wpcf7-f1850-o1\" lang=\"tr-TR\" dir=\"ltr\" data-wpcf7-id=\"1850\">\n<div class=\"screen-reader-response\"><p role=\"status\" aria-live=\"polite\" aria-atomic=\"true\"><\/p> <ul><\/ul><\/div>\n<form action=\"\/en\/wp-json\/wp\/v2\/pages\/1470#wpcf7-f1850-o1\" method=\"post\" class=\"wpcf7-form init\" aria-label=\"\u0130leti\u015fim Formu\" novalidate=\"novalidate\" data-status=\"init\">\n<fieldset class=\"hidden-fields-container\"><input type=\"hidden\" name=\"_wpcf7\" value=\"1850\" \/><input type=\"hidden\" name=\"_wpcf7_version\" value=\"6.1.5\" \/><input type=\"hidden\" name=\"_wpcf7_locale\" value=\"tr_TR\" \/><input type=\"hidden\" name=\"_wpcf7_unit_tag\" value=\"wpcf7-f1850-o1\" \/><input type=\"hidden\" name=\"_wpcf7_container_post\" value=\"0\" \/><input type=\"hidden\" name=\"_wpcf7_posted_data_hash\" value=\"\" \/><input type=\"hidden\" name=\"_wpcf7_recaptcha_response\" value=\"\" \/>\n<\/fieldset>\n<div class=\"row contact-form-row\">\n\t<div class=\"col-12 col-md-6 col-lg-6 contact-input-col\">\n\t\t<p><span class=\"wpcf7-form-control-wrap\" data-name=\"ad-soyad\"><input size=\"40\" maxlength=\"400\" class=\"wpcf7-form-control wpcf7-text wpcf7-validates-as-required\" aria-required=\"true\" aria-invalid=\"false\" placeholder=\"Name, Last Name\" value=\"\" type=\"text\" name=\"ad-soyad\" \/><\/span>\n\t\t<\/p>\n\t<\/div>\n\t<div class=\"col-12 col-md-6 col-lg-6 contact-input-col\">\n\t\t<p><span class=\"wpcf7-form-control-wrap\" data-name=\"tel\"><input size=\"40\" maxlength=\"400\" class=\"wpcf7-form-control wpcf7-tel wpcf7-validates-as-required wpcf7-text wpcf7-validates-as-tel\" aria-required=\"true\" aria-invalid=\"false\" placeholder=\"+90\" value=\"\" type=\"tel\" name=\"tel\" \/><\/span>\n\t\t<\/p>\n\t<\/div>\n\t<div class=\"col-12 col-md-6 col-lg-6 contact-input-col\">\n\t\t<p><span class=\"wpcf7-form-control-wrap\" data-name=\"mail\"><input size=\"40\" maxlength=\"400\" class=\"wpcf7-form-control wpcf7-email wpcf7-validates-as-required wpcf7-text wpcf7-validates-as-email\" aria-required=\"true\" aria-invalid=\"false\" placeholder=\"E-mail\" value=\"\" type=\"email\" name=\"mail\" \/><\/span>\n\t\t<\/p>\n\t<\/div>\n\t<div class=\"col-12 col-md-6 col-lg-6 contact-input-col\">\n\t\t<p><span class=\"wpcf7-form-control-wrap\" data-name=\"konu\"><input size=\"40\" maxlength=\"400\" class=\"wpcf7-form-control wpcf7-text wpcf7-validates-as-required\" aria-required=\"true\" aria-invalid=\"false\" placeholder=\"Subject\" value=\"\" type=\"text\" name=\"konu\" \/><\/span>\n\t\t<\/p>\n\t<\/div>\n\t<div class=\"col-12 contact-input-col\">\n\t\t<p><span class=\"wpcf7-form-control-wrap\" data-name=\"Mesaj\"><input size=\"40\" maxlength=\"400\" class=\"wpcf7-form-control wpcf7-text wpcf7-validates-as-required text-area\" aria-required=\"true\" aria-invalid=\"false\" placeholder=\"Message\" value=\"\" type=\"text\" name=\"Mesaj\" \/><\/span>\n\t\t<\/p>\n\t<\/div>\n\t<div class=\"col-12\">\n\t\t<div class=\"d-flex align-items-center justify-content-between\">\n\t\t\t<div class=\"d-flex align-items-start\">\n\t\t\t\t<p class=\"privacy-text\">\n\t\t\t\t<\/p>\n\t\t\t\t<p><span class=\"wpcf7-form-control-wrap\" data-name=\"your-consent\"><span class=\"wpcf7-form-control wpcf7-acceptance\"><span class=\"wpcf7-list-item\"><label><input type=\"checkbox\" name=\"your-consent\" value=\"1\" class=\"checkmark\" aria-invalid=\"false\" \/><span class=\"wpcf7-list-item-label\">I have read and accept <a href=\"\/en\/kvkk-text\/\" target=\"_blank\">KVKK Text.<\/a><\/span><\/label><\/span><\/span><\/span>\n\t\t\t\t<\/p>\n\t\t\t<\/div>\n\t\t\t<p><input class=\"wpcf7-form-control wpcf7-submit has-spinner section-btn d-none d-lg-block\" type=\"submit\" value=\"submit\" \/>\n\t\t\t<\/p>\n\t\t<\/div>\n\t\t<p><input class=\"wpcf7-form-control wpcf7-submit has-spinner section-btn w-100 text-center d-block d-lg-none my-5\" type=\"submit\" value=\"submit\" \/>\n\t\t<\/p>\n\t<\/div>\n<\/div><div class=\"wpcf7-response-output\" aria-hidden=\"true\"><\/div>\n<\/form>\n<\/div>\n\r\n\t\t\t\t\t<\/div>\r\n\t\t\t\t\t<div class=\"col-12 col-lg-6 map-col\" data-aos=\"fade-up\" data-aos-easing=\"linear\"\r\n                    data-aos-duration=\"1500\">\r\n\t\t\t\t\t\t<div id=\"map-container-google-1\" class=\"z-depth-1-half map-container h-100\">\r\n\t\t\t\t\t\t\t<iframe\r\n\t\t\t\t\t\t\t\tsrc=\"https:\/\/www.google.com\/maps\/embed?pb=!1m18!1m12!1m3!1d3008.6190119841694!2d28.992990076042865!3d41.05545997134395!2m3!1f0!2f0!3f0!3m2!1i1024!2i768!4f13.1!3m3!1m2!1s0x14cab70638f2525d%3A0x4c991533fbafe83a!2sDentNis%20Ni%C5%9Fanta%C5%9F%C4%B1%20%C4%B0mplant%20%26%20Estetik%20Di%C5%9F%20Klini%C4%9Fi%20-%20Estetik%20Di%C5%9F%20Hekimi%20Dr.%20Abdulkadir%20Narin!5e0!3m2!1str!2str!4v1705663847353!5m2!1str!2str\"\r\n\t\t\t\t\t\t\t\twidth=\"600\" height=\"450\" style=\"border:0;\" allowfullscreen=\"\" loading=\"lazy\" class=\"h-100\"\r\n\t\t\t\t\t\t\t\treferrerpolicy=\"no-referrer-when-downgrade\"><\/iframe>\r\n\t\t\t\t\t\t<\/div>\r\n\t\t\t\t\t<\/div>\r\n\t\t\t\t<\/div>\r\n\t\t\t<\/div>\r\n\t\t<\/section>\r\n\t[\/vc_column][\/vc_row]<\/p>\n<\/div>","protected":false},"excerpt":{"rendered":"<p>[vc_row][vc_column][\/vc_column][\/vc_row]<\/p>\n","protected":false},"author":1,"featured_media":0,"parent":0,"menu_order":0,"comment_status":"closed","ping_status":"closed","template":"","meta":{"_acf_changed":false,"footnotes":""},"class_list":["post-1470","page","type-page","status-publish","hentry"],"acf":[],"yoast_head":"<!-- This site is optimized with the Yoast SEO plugin v27.4 - https:\/\/yoast.com\/product\/yoast-seo-wordpress\/ -->\n<title>Contact Us - Dentnis<\/title>\n<meta name=\"description\" content=\"Contact us: DentNis Implantology And Aesthetic Dental Clinic: Valikona\u011f\u0131 Caddesi, Narin Apartman\u0131, No:167\/4 Ni\u015fanta\u015f\u0131 Istanbul\/Turkey\" \/>\n<meta name=\"robots\" content=\"index, follow, max-snippet:-1, max-image-preview:large, max-video-preview:-1\" \/>\n<link rel=\"canonical\" href=\"https:\/\/dentnis.com\/en\/contact-us\/\" \/>\n<meta property=\"og:locale\" content=\"en_US\" \/>\n<meta property=\"og:type\" content=\"article\" \/>\n<meta property=\"og:title\" content=\"Contact Us - Dentnis\" \/>\n<meta property=\"og:description\" content=\"Contact us: DentNis Implantology And Aesthetic Dental Clinic: Valikona\u011f\u0131 Caddesi, Narin Apartman\u0131, No:167\/4 Ni\u015fanta\u015f\u0131 Istanbul\/Turkey\" \/>\n<meta property=\"og:url\" content=\"https:\/\/dentnis.com\/en\/contact-us\/\" \/>\n<meta property=\"og:site_name\" content=\"DentNis \u00ae\" \/>\n<meta property=\"article:publisher\" content=\"https:\/\/www.facebook.com\/profile.php?id=100008965091602\" \/>\n<meta name=\"twitter:card\" content=\"summary_large_image\" \/>\n<meta name=\"twitter:label1\" content=\"Est. reading time\" \/>\n\t<meta name=\"twitter:data1\" content=\"1 minute\" \/>\n<script type=\"application\/ld+json\" class=\"yoast-schema-graph\">{\"@context\":\"https:\\\/\\\/schema.org\",\"@graph\":[{\"@type\":\"WebPage\",\"@id\":\"https:\\\/\\\/dentnis.com\\\/en\\\/contact-us\\\/\",\"url\":\"https:\\\/\\\/dentnis.com\\\/en\\\/contact-us\\\/\",\"name\":\"Contact Us - Dentnis\",\"isPartOf\":{\"@id\":\"https:\\\/\\\/dentnis.com\\\/en\\\/#website\"},\"datePublished\":\"2026-03-20T06:36:03+00:00\",\"description\":\"Contact us: DentNis Implantology And Aesthetic Dental Clinic: Valikona\u011f\u0131 Caddesi, Narin Apartman\u0131, No:167\\\/4 Ni\u015fanta\u015f\u0131 Istanbul\\\/Turkey\",\"breadcrumb\":{\"@id\":\"https:\\\/\\\/dentnis.com\\\/en\\\/contact-us\\\/#breadcrumb\"},\"inLanguage\":\"en-US\",\"potentialAction\":[{\"@type\":\"ReadAction\",\"target\":[\"https:\\\/\\\/dentnis.com\\\/en\\\/contact-us\\\/\"]}]},{\"@type\":\"BreadcrumbList\",\"@id\":\"https:\\\/\\\/dentnis.com\\\/en\\\/contact-us\\\/#breadcrumb\",\"itemListElement\":[{\"@type\":\"ListItem\",\"position\":1,\"name\":\"Anasayfa\",\"item\":\"https:\\\/\\\/dentnis.com\\\/en\\\/\"},{\"@type\":\"ListItem\",\"position\":2,\"name\":\"Contact Us\"}]},{\"@type\":\"WebSite\",\"@id\":\"https:\\\/\\\/dentnis.com\\\/en\\\/#website\",\"url\":\"https:\\\/\\\/dentnis.com\\\/en\\\/\",\"name\":\"DentNis \u00ae\",\"description\":\"G\u00fcl\u00fc\u015f\u00fcn\u00fcz Kalbinizin Aynas\u0131d\u0131r...\",\"publisher\":{\"@id\":\"https:\\\/\\\/dentnis.com\\\/en\\\/#organization\"},\"potentialAction\":[{\"@type\":\"SearchAction\",\"target\":{\"@type\":\"EntryPoint\",\"urlTemplate\":\"https:\\\/\\\/dentnis.com\\\/en\\\/?s={search_term_string}\"},\"query-input\":{\"@type\":\"PropertyValueSpecification\",\"valueRequired\":true,\"valueName\":\"search_term_string\"}}],\"inLanguage\":\"en-US\"},{\"@type\":\"Organization\",\"@id\":\"https:\\\/\\\/dentnis.com\\\/en\\\/#organization\",\"name\":\"DentNis\",\"url\":\"https:\\\/\\\/dentnis.com\\\/en\\\/\",\"logo\":{\"@type\":\"ImageObject\",\"inLanguage\":\"en-US\",\"@id\":\"https:\\\/\\\/dentnis.com\\\/en\\\/#\\\/schema\\\/logo\\\/image\\\/\",\"url\":\"https:\\\/\\\/dentnis.com\\\/wp-content\\\/uploads\\\/Logo.svg\",\"contentUrl\":\"https:\\\/\\\/dentnis.com\\\/wp-content\\\/uploads\\\/Logo.svg\",\"width\":1,\"height\":1,\"caption\":\"DentNis\"},\"image\":{\"@id\":\"https:\\\/\\\/dentnis.com\\\/en\\\/#\\\/schema\\\/logo\\\/image\\\/\"},\"sameAs\":[\"https:\\\/\\\/www.facebook.com\\\/profile.php?id=100008965091602\",\"https:\\\/\\\/www.instagram.com\\\/doktornarin\\\/\",\"https:\\\/\\\/www.linkedin.com\\\/company\\\/estetik-gulus-tasarimi-dentnis-nisantasi\\\/\",\"https:\\\/\\\/www.youtube.com\\\/channel\\\/UCfv6kUPsCAq1tIw8T7AClOw\"]}]}<\/script>\n<!-- \/ Yoast SEO plugin. -->","yoast_head_json":{"title":"Contact Us - Dentnis","description":"Contact us: DentNis Implantology And Aesthetic Dental Clinic: Valikona\u011f\u0131 Caddesi, Narin Apartman\u0131, No:167\/4 Ni\u015fanta\u015f\u0131 Istanbul\/Turkey","robots":{"index":"index","follow":"follow","max-snippet":"max-snippet:-1","max-image-preview":"max-image-preview:large","max-video-preview":"max-video-preview:-1"},"canonical":"https:\/\/dentnis.com\/en\/contact-us\/","og_locale":"en_US","og_type":"article","og_title":"Contact Us - Dentnis","og_description":"Contact us: DentNis Implantology And Aesthetic Dental Clinic: Valikona\u011f\u0131 Caddesi, Narin Apartman\u0131, No:167\/4 Ni\u015fanta\u015f\u0131 Istanbul\/Turkey","og_url":"https:\/\/dentnis.com\/en\/contact-us\/","og_site_name":"DentNis \u00ae","article_publisher":"https:\/\/www.facebook.com\/profile.php?id=100008965091602","twitter_card":"summary_large_image","twitter_misc":{"Est. reading time":"1 minute"},"schema":{"@context":"https:\/\/schema.org","@graph":[{"@type":"WebPage","@id":"https:\/\/dentnis.com\/en\/contact-us\/","url":"https:\/\/dentnis.com\/en\/contact-us\/","name":"Contact Us - Dentnis","isPartOf":{"@id":"https:\/\/dentnis.com\/en\/#website"},"datePublished":"2026-03-20T06:36:03+00:00","description":"Contact us: DentNis Implantology And Aesthetic Dental Clinic: Valikona\u011f\u0131 Caddesi, Narin Apartman\u0131, No:167\/4 Ni\u015fanta\u015f\u0131 Istanbul\/Turkey","breadcrumb":{"@id":"https:\/\/dentnis.com\/en\/contact-us\/#breadcrumb"},"inLanguage":"en-US","potentialAction":[{"@type":"ReadAction","target":["https:\/\/dentnis.com\/en\/contact-us\/"]}]},{"@type":"BreadcrumbList","@id":"https:\/\/dentnis.com\/en\/contact-us\/#breadcrumb","itemListElement":[{"@type":"ListItem","position":1,"name":"Anasayfa","item":"https:\/\/dentnis.com\/en\/"},{"@type":"ListItem","position":2,"name":"Contact Us"}]},{"@type":"WebSite","@id":"https:\/\/dentnis.com\/en\/#website","url":"https:\/\/dentnis.com\/en\/","name":"DentNis \u00ae","description":"G\u00fcl\u00fc\u015f\u00fcn\u00fcz Kalbinizin Aynas\u0131d\u0131r...","publisher":{"@id":"https:\/\/dentnis.com\/en\/#organization"},"potentialAction":[{"@type":"SearchAction","target":{"@type":"EntryPoint","urlTemplate":"https:\/\/dentnis.com\/en\/?s={search_term_string}"},"query-input":{"@type":"PropertyValueSpecification","valueRequired":true,"valueName":"search_term_string"}}],"inLanguage":"en-US"},{"@type":"Organization","@id":"https:\/\/dentnis.com\/en\/#organization","name":"DentNis","url":"https:\/\/dentnis.com\/en\/","logo":{"@type":"ImageObject","inLanguage":"en-US","@id":"https:\/\/dentnis.com\/en\/#\/schema\/logo\/image\/","url":"https:\/\/dentnis.com\/wp-content\/uploads\/Logo.svg","contentUrl":"https:\/\/dentnis.com\/wp-content\/uploads\/Logo.svg","width":1,"height":1,"caption":"DentNis"},"image":{"@id":"https:\/\/dentnis.com\/en\/#\/schema\/logo\/image\/"},"sameAs":["https:\/\/www.facebook.com\/profile.php?id=100008965091602","https:\/\/www.instagram.com\/doktornarin\/","https:\/\/www.linkedin.com\/company\/estetik-gulus-tasarimi-dentnis-nisantasi\/","https:\/\/www.youtube.com\/channel\/UCfv6kUPsCAq1tIw8T7AClOw"]}]}},"_links":{"self":[{"href":"https:\/\/dentnis.com\/en\/wp-json\/wp\/v2\/pages\/1470","targetHints":{"allow":["GET"]}}],"collection":[{"href":"https:\/\/dentnis.com\/en\/wp-json\/wp\/v2\/pages"}],"about":[{"href":"https:\/\/dentnis.com\/en\/wp-json\/wp\/v2\/types\/page"}],"author":[{"embeddable":true,"href":"https:\/\/dentnis.com\/en\/wp-json\/wp\/v2\/users\/1"}],"replies":[{"embeddable":true,"href":"https:\/\/dentnis.com\/en\/wp-json\/wp\/v2\/comments?post=1470"}],"version-history":[{"count":9,"href":"https:\/\/dentnis.com\/en\/wp-json\/wp\/v2\/pages\/1470\/revisions"}],"predecessor-version":[{"id":2566,"href":"https:\/\/dentnis.com\/en\/wp-json\/wp\/v2\/pages\/1470\/revisions\/2566"}],"wp:attachment":[{"href":"https:\/\/dentnis.com\/en\/wp-json\/wp\/v2\/media?parent=1470"}],"curies":[{"name":"wp","href":"https:\/\/api.w.org\/{rel}","templated":true}]}}