{"id":1468,"date":"2024-02-23T07:45:49","date_gmt":"2024-02-23T07:45:49","guid":{"rendered":"https:\/\/dentniswp.bootests.com\/hasta-yorumlari\/"},"modified":"2024-03-28T13:02:16","modified_gmt":"2024-03-28T13:02:16","slug":"testimonials","status":"publish","type":"page","link":"https:\/\/dentnis.com\/en\/testimonials\/","title":{"rendered":"Testimonials"},"content":{"rendered":"<div class=\"wpb-content-wrapper\"><p>[vc_row][vc_column]   \n\n\n\n<div class=\"archive-overlay\">\n\n<div id=\"overlay\"><\/div>\n\n<\/div>\n\n\n\n<!-- Banner -->\n\n<section class=\"Page-Banner \">\n\n<div class=\"container\">\n\n\t<div class=\"row page-banner-row h-100\">\n\n\t\t<div class=\"col-12 col-md-6 col-lg-5 page-banner-text\">\n\n\t\t\t<span data-aos=\"fade-up\" data-aos-easing=\"linear\" data-aos-duration=\"900\">OPINIONS<\/span>\n\n\t\t\t<h1 data-aos=\"fade-up\" data-aos-easing=\"linear\" data-aos-duration=\"900\">Testimonials<\/h1>\n\n\t\t\t<p data-aos=\"fade-up\" data-aos-easing=\"linear\" data-aos-duration=\"900\">Smile design is a treatment method in the field of dentistry.<\/p>\n\n\t\t<\/div>\n\n\t\t<div class=\"col-12 col-md-6 col-lg-6 page-banner-img\">\n\n\t\t\t<img decoding=\"async\" src=\"https:\/\/dentnis.com\/wp-content\/uploads\/Group-127-1.png\" class=\"img-desktop\" alt=\"Tedavilerimiz\" data-aos=\"fade-down\"\n\n\t\t\tdata-aos-easing=\"linear\" data-aos-duration=\"1000\">\n\n\t\t\t<img decoding=\"async\" src=\"https:\/\/dentnis.com\/wp-content\/uploads\/BannerMobilePhoto-1.svg\" class=\"img-mobile\" alt=\"Estetik Di\u015f Hekimi, G\u00fcl\u00fc\u015f Tasar\u0131m\u0131, \u0130mplant, Zirkonyum Di\u015f, Lamine Di\u015f, Yaprak Di\u015f Hizmetleri, G\u00fcl\u00fc\u015f Esteti\u011fi ve Kozmetik Di\u015f, Ni\u015fanta\u015f\u0131 Di\u015f\" data-aos=\"fade-down\"\n\n\t\t\tdata-aos-easing=\"linear\" data-aos-duration=\"1000\">\n\n\t\t\t\n\n\t\t<\/div>\n\n\t<\/div>\n\n<\/div>\n\n<\/section>\n\n<!-- Banner -->\n\n\t[vc_column_text]\n\n            <section class=\"Testimonials\"  data-aos=\"fade-down\" data-aos-easing=\"linear\" data-aos-duration=\"1500\">\n\n                <div class=\"container\"><div class=\"row testimonials-row\"><div class=\"col-lg-4 p-lg-0 h-100 testimonials-col\"><div class=\"testimonials-card\">\n\n                                    <div class=\"star\">\n\n                                        <ul class=\"p-0 d-flex\"><li><img decoding=\"async\" src=\"\/wp-content\/themes\/dentnis\/img\/Testimonials\/Rate.svg\" alt=\"star\"><\/li><li><img decoding=\"async\" src=\"\/wp-content\/themes\/dentnis\/img\/Testimonials\/Rate.svg\" alt=\"star\"><\/li><li><img decoding=\"async\" src=\"\/wp-content\/themes\/dentnis\/img\/Testimonials\/Rate.svg\" alt=\"star\"><\/li><li><img decoding=\"async\" src=\"\/wp-content\/themes\/dentnis\/img\/Testimonials\/Rate.svg\" alt=\"star\"><\/li><li><img decoding=\"async\" src=\"\/wp-content\/themes\/dentnis\/img\/Testimonials\/Rate.svg\" alt=\"star\"><\/li>\n\n                                            <\/ul>\n\n                                        <\/div>\n\n        \n\n                                  \n\n                                  \n\n                                        \n\n                                        <div class=\"card-text\"><p>I am so happy to have found Dr. Abdulkadir. He has an eye for the essential. The interplay of dental health and esthetic. He takes his time and explains all the steps. Since he speaks not only Turkish but also English and German. Communication is very pleasant. The staff of the practice is very nice and courteous.<\/p>\n<p>My dentist in Istanbul \u2764\ufe0f<\/p>\n<\/div>\n\n                                        <div class=\"profile\">\n\n                                        <div class=\"profile-img\">\n\n                                        <span>S <\/span>\n\n                                    <\/div>\n\n                                            <div class=\"profile-content\">\n\n                                                <div class=\"profile-name\">Silke Zollner<\/div>\n\n                                                <div class=\"profile-date\"><\/div>\n\n                                            <\/div>\n\n                                        <\/div>\n\n                                    <\/div><div class=\"testimonials-card\">\n\n                                    <div class=\"star\">\n\n                                        <ul class=\"p-0 d-flex\"><li><img decoding=\"async\" src=\"\/wp-content\/themes\/dentnis\/img\/Testimonials\/Rate.svg\" alt=\"star\"><\/li><li><img decoding=\"async\" src=\"\/wp-content\/themes\/dentnis\/img\/Testimonials\/Rate.svg\" alt=\"star\"><\/li><li><img decoding=\"async\" src=\"\/wp-content\/themes\/dentnis\/img\/Testimonials\/Rate.svg\" alt=\"star\"><\/li><li><img decoding=\"async\" src=\"\/wp-content\/themes\/dentnis\/img\/Testimonials\/Rate.svg\" alt=\"star\"><\/li><li><img decoding=\"async\" src=\"\/wp-content\/themes\/dentnis\/img\/Testimonials\/Rate.svg\" alt=\"star\"><\/li>\n\n                                            <\/ul>\n\n                                        <\/div>\n\n        \n\n                                  \n\n                                  \n\n                                        \n\n                                        <div class=\"card-text\"><p>Truly outstanding. The minute I set foot at this place I knew I made the right decision .Nejla the personal assistant made me so comfortable and was a strong support . I met Dr Abdulkadir Narin for the first time and he had such an aura about him.<\/p>\n<p>I knew my case was complicated .All throughout the treatment. His expertise,compassion and attention to details brought me a lot of comfort and I will never forget .The whole team including the other dentists are group of dedicated professionals always working with a smile.<\/p>\n<\/div>\n\n                                        <div class=\"profile\">\n\n                                        <div class=\"profile-img\">\n\n                                        <span>S <\/span>\n\n                                    <\/div>\n\n                                            <div class=\"profile-content\">\n\n                                                <div class=\"profile-name\">Suleiman Shimjee<\/div>\n\n                                                <div class=\"profile-date\"><\/div>\n\n                                            <\/div>\n\n                                        <\/div>\n\n                                    <\/div><\/div><div class=\"col-12 col-md-6 col-lg-4 h-100 testimonials-col\"><div class=\"testimonials-card\">\n\n                                    <div class=\"star\">\n\n                                        <ul class=\"p-0 d-flex\"><li><img decoding=\"async\" src=\"\/wp-content\/themes\/dentnis\/img\/Testimonials\/Rate.svg\" alt=\"star\"><\/li><li><img decoding=\"async\" src=\"\/wp-content\/themes\/dentnis\/img\/Testimonials\/Rate.svg\" alt=\"star\"><\/li><li><img decoding=\"async\" src=\"\/wp-content\/themes\/dentnis\/img\/Testimonials\/Rate.svg\" alt=\"star\"><\/li><li><img decoding=\"async\" src=\"\/wp-content\/themes\/dentnis\/img\/Testimonials\/Rate.svg\" alt=\"star\"><\/li><li><img decoding=\"async\" src=\"\/wp-content\/themes\/dentnis\/img\/Testimonials\/Rate.svg\" alt=\"star\"><\/li>\n\n                                            <\/ul>\n\n                                        <\/div>\n\n        \n\n                                  \n\n                                  \n\n                                        \n\n                                        <div class=\"card-text\"><p>Very professional service provided by Dr. Abdulqadir and his team for the whole experience; starting from communication, flexibility of appointments and of course the major surgery and work which my father\u2019s teeth required. Several Thanks for the whole team and absolutely 100% reccommended for dental implants.<\/p>\n<\/div>\n\n                                        <div class=\"profile\">\n\n                                        <div class=\"profile-img\">\n\n                                        <span>H <\/span>\n\n                                    <\/div>\n\n                                            <div class=\"profile-content\">\n\n                                                <div class=\"profile-name\">Hussam Abdulbari<\/div>\n\n                                                <div class=\"profile-date\"><\/div>\n\n                                            <\/div>\n\n                                        <\/div>\n\n                                    <\/div><div class=\"testimonials-card\">\n\n                                    <div class=\"star\">\n\n                                        <ul class=\"p-0 d-flex\"><li><img decoding=\"async\" src=\"\/wp-content\/themes\/dentnis\/img\/Testimonials\/Rate.svg\" alt=\"star\"><\/li><li><img decoding=\"async\" src=\"\/wp-content\/themes\/dentnis\/img\/Testimonials\/Rate.svg\" alt=\"star\"><\/li><li><img decoding=\"async\" src=\"\/wp-content\/themes\/dentnis\/img\/Testimonials\/Rate.svg\" alt=\"star\"><\/li><li><img decoding=\"async\" src=\"\/wp-content\/themes\/dentnis\/img\/Testimonials\/Rate.svg\" alt=\"star\"><\/li><li><img decoding=\"async\" src=\"\/wp-content\/themes\/dentnis\/img\/Testimonials\/Rate.svg\" alt=\"star\"><\/li>\n\n                                            <\/ul>\n\n                                        <\/div>\n\n        \n\n                                  \n\n                                  \n\n                                        \n\n                                        <div class=\"card-text\"><p>I choose this clinic from google reviews. And<\/p>\n<p>now after few visits to the clinic, I want to write my review too. Who is looking for esthetic smile I highly advise you this clinic, doctor knows his job very good. He gives very detailed information about\u00a0 what can be done, offering options, explaining what need to be corrected to get a beautiful smile.. He is not offering some unnecessary job (what I often experienced living in Istanbul for 10 years). Im very happy to get a great result for the few visits.<\/p>\n<p>Thank you so much to the doctor and his team. Im happy to chose your clinic\ud83d\ude4f\ud83c\udf37<\/p>\n<\/div>\n\n                                        <div class=\"profile\">\n\n                                        <div class=\"profile-img\">\n\n                                        <span>? <\/span>\n\n                                    <\/div>\n\n                                            <div class=\"profile-content\">\n\n                                                <div class=\"profile-name\">\u0410\u043d\u043d\u0430 \u041d\u0435\u0441\u043a\u043e\u0440\u043e\u043c\u043d\u0430\u044f<\/div>\n\n                                                <div class=\"profile-date\"><\/div>\n\n                                            <\/div>\n\n                                        <\/div>\n\n                                    <\/div><\/div><div class=\"col-12 col-md-6 col-lg-4 p-lg-0 h-100 testimonials-col\"><div class=\"testimonials-card\">\n\n                                    <div class=\"star\">\n\n                                        <ul class=\"p-0 d-flex\"><li><img decoding=\"async\" src=\"\/wp-content\/themes\/dentnis\/img\/Testimonials\/Rate.svg\" alt=\"star\"><\/li><li><img decoding=\"async\" src=\"\/wp-content\/themes\/dentnis\/img\/Testimonials\/Rate.svg\" alt=\"star\"><\/li><li><img decoding=\"async\" src=\"\/wp-content\/themes\/dentnis\/img\/Testimonials\/Rate.svg\" alt=\"star\"><\/li><li><img decoding=\"async\" src=\"\/wp-content\/themes\/dentnis\/img\/Testimonials\/Rate.svg\" alt=\"star\"><\/li><li><img decoding=\"async\" src=\"\/wp-content\/themes\/dentnis\/img\/Testimonials\/Rate.svg\" alt=\"star\"><\/li>\n\n                                            <\/ul>\n\n                                        <\/div>\n\n        \n\n                                  \n\n                                  \n\n                                        \n\n                                        <div class=\"card-text\"><p>Great doctor! We came across a serious problem that needed to be resolved urgently. He figured out how and helped! Very friendly staff at the clinic! I recommend this dentist<\/p>\n<\/div>\n\n                                        <div class=\"profile\">\n\n                                        <div class=\"profile-img\">\n\n                                        <span>I <\/span>\n\n                                    <\/div>\n\n                                            <div class=\"profile-content\">\n\n                                                <div class=\"profile-name\">Indira Melnik<\/div>\n\n                                                <div class=\"profile-date\"><\/div>\n\n                                            <\/div>\n\n                                        <\/div>\n\n                                    <\/div><div class=\"testimonials-card\">\n\n                                    <div class=\"star\">\n\n                                        <ul class=\"p-0 d-flex\"><li><img decoding=\"async\" src=\"\/wp-content\/themes\/dentnis\/img\/Testimonials\/Rate.svg\" alt=\"star\"><\/li><li><img decoding=\"async\" src=\"\/wp-content\/themes\/dentnis\/img\/Testimonials\/Rate.svg\" alt=\"star\"><\/li><li><img decoding=\"async\" src=\"\/wp-content\/themes\/dentnis\/img\/Testimonials\/Rate.svg\" alt=\"star\"><\/li><li><img decoding=\"async\" src=\"\/wp-content\/themes\/dentnis\/img\/Testimonials\/Rate.svg\" alt=\"star\"><\/li><li><img decoding=\"async\" src=\"\/wp-content\/themes\/dentnis\/img\/Testimonials\/Rate.svg\" alt=\"star\"><\/li>\n\n                                            <\/ul>\n\n                                        <\/div>\n\n        \n\n                                  \n\n                                  \n\n                                        \n\n                                        <div class=\"card-text\"><p>When I was looking for dentist in Turkey, I found Dr. Narin plus some other dentists in Istanbul. I contacted 4 dentists and when I had my consultation with Dr. Narin online, I was sure that I wanted to go with him and his team. The price for crown that he proposed was more expensive than others but I based on my experience and communication I could trust him more than others. It was a bit complicated process as I was in Turkey for a short time and he did his best to do the job in that short period and I am 100% happy with my new smile now. It looks very natural and clean. Thank you so much Dr.Narin and the team for being so accomodating and Professional<\/p>\n<\/div>\n\n                                        <div class=\"profile\">\n\n                                        <div class=\"profile-img\">\n\n                                        <span>E <\/span>\n\n                                    <\/div>\n\n                                            <div class=\"profile-content\">\n\n                                                <div class=\"profile-name\">Ellie Kia<\/div>\n\n                                                <div class=\"profile-date\"><\/div>\n\n                                            <\/div>\n\n                                        <\/div>\n\n                                    <\/div><\/div><\/div>\n\n                    <div class=\"pagination d-flex justify-content-center\" id=\"pagination\"  data-aos=\"fade-down\" data-aos-easing=\"linear\" data-aos-duration=\"1500\"><ul class=\"pagination\"><li class=\"page-item\"><span aria-current=\"page\" class=\"page-numbers current\">1<\/span><\/li><li class=\"page-item\"><a class=\"page-numbers\" href=\"https:\/\/dentnis.com\/en\/wp-json\/wp\/v2\/pages\/1468\/page\/2\/\">2<\/a><\/li><li class=\"page-item\"><a class=\"page-numbers\" href=\"https:\/\/dentnis.com\/en\/wp-json\/wp\/v2\/pages\/1468\/page\/3\/\">3<\/a><\/li><li class=\"page-item\"><a class=\"page-numbers\" href=\"https:\/\/dentnis.com\/en\/wp-json\/wp\/v2\/pages\/1468\/page\/4\/\">4<\/a><\/li><li class=\"page-item\"><a class=\"next page-numbers\" href=\"https:\/\/dentnis.com\/en\/wp-json\/wp\/v2\/pages\/1468\/page\/2\/\"><div class=\"page-link button\" href=\"#\" aria-label=\"Next\">\n\n                                    <img decoding=\"async\" src=\"\/wp-content\/themes\/dentnis\/img\/ArchivePage\/PaginationRightArrow.svg\" alt=\"right\">\n\n                                <\/div><span>Next<\/span><\/a><\/li><\/ul><\/div>\n\n                <\/div>\n\n            <\/section>[\/vc_column_text][\/vc_column][\/vc_row]<\/p>\n<\/div>","protected":false},"excerpt":{"rendered":"<p>[vc_row][vc_column][vc_column_text][\/vc_column_text][\/vc_column][\/vc_row]<\/p>\n","protected":false},"author":1,"featured_media":0,"parent":0,"menu_order":0,"comment_status":"closed","ping_status":"closed","template":"","meta":{"_acf_changed":false,"footnotes":""},"class_list":["post-1468","page","type-page","status-publish","hentry"],"acf":[],"yoast_head":"<!-- This site is optimized with the Yoast SEO plugin v27.3 - https:\/\/yoast.com\/product\/yoast-seo-wordpress\/ -->\n<title>Testimonials<\/title>\n<meta name=\"description\" content=\"Many thanks to Mr. Abd\u00fclkadir and all Dentnis. The attention to detail, the care for the patient, always a smiling face \u2013 incredible!\" \/>\n<meta name=\"robots\" content=\"index, follow, max-snippet:-1, max-image-preview:large, max-video-preview:-1\" \/>\n<link rel=\"canonical\" href=\"https:\/\/dentnis.com\/en\/testimonials\/\" \/>\n<meta property=\"og:locale\" content=\"en_US\" \/>\n<meta property=\"og:type\" content=\"article\" \/>\n<meta property=\"og:title\" content=\"Testimonials\" \/>\n<meta property=\"og:description\" content=\"Many thanks to Mr. Abd\u00fclkadir and all Dentnis. The attention to detail, the care for the patient, always a smiling face \u2013 incredible!\" \/>\n<meta property=\"og:url\" content=\"https:\/\/dentnis.com\/en\/testimonials\/\" \/>\n<meta property=\"og:site_name\" content=\"DentNis \u00ae\" \/>\n<meta property=\"article:publisher\" content=\"https:\/\/www.facebook.com\/profile.php?id=100008965091602\" \/>\n<meta property=\"article:modified_time\" content=\"2024-03-28T13:02:16+00:00\" \/>\n<meta name=\"twitter:card\" content=\"summary_large_image\" \/>\n<meta name=\"twitter:label1\" content=\"Est. reading time\" \/>\n\t<meta name=\"twitter:data1\" content=\"1 minute\" \/>\n<script type=\"application\/ld+json\" class=\"yoast-schema-graph\">{\"@context\":\"https:\\\/\\\/schema.org\",\"@graph\":[{\"@type\":\"WebPage\",\"@id\":\"https:\\\/\\\/dentnis.com\\\/en\\\/testimonials\\\/\",\"url\":\"https:\\\/\\\/dentnis.com\\\/en\\\/testimonials\\\/\",\"name\":\"Testimonials\",\"isPartOf\":{\"@id\":\"https:\\\/\\\/dentnis.com\\\/en\\\/#website\"},\"datePublished\":\"2024-02-23T07:45:49+00:00\",\"dateModified\":\"2024-03-28T13:02:16+00:00\",\"description\":\"Many thanks to Mr. Abd\u00fclkadir and all Dentnis. The attention to detail, the care for the patient, always a smiling face \u2013 incredible!\",\"breadcrumb\":{\"@id\":\"https:\\\/\\\/dentnis.com\\\/en\\\/testimonials\\\/#breadcrumb\"},\"inLanguage\":\"en-US\",\"potentialAction\":[{\"@type\":\"ReadAction\",\"target\":[\"https:\\\/\\\/dentnis.com\\\/en\\\/testimonials\\\/\"]}]},{\"@type\":\"BreadcrumbList\",\"@id\":\"https:\\\/\\\/dentnis.com\\\/en\\\/testimonials\\\/#breadcrumb\",\"itemListElement\":[{\"@type\":\"ListItem\",\"position\":1,\"name\":\"Anasayfa\",\"item\":\"https:\\\/\\\/dentnis.com\\\/en\\\/\"},{\"@type\":\"ListItem\",\"position\":2,\"name\":\"Testimonials\"}]},{\"@type\":\"WebSite\",\"@id\":\"https:\\\/\\\/dentnis.com\\\/en\\\/#website\",\"url\":\"https:\\\/\\\/dentnis.com\\\/en\\\/\",\"name\":\"DentNis \u00ae\",\"description\":\"G\u00fcl\u00fc\u015f\u00fcn\u00fcz Kalbinizin Aynas\u0131d\u0131r...\",\"publisher\":{\"@id\":\"https:\\\/\\\/dentnis.com\\\/en\\\/#organization\"},\"potentialAction\":[{\"@type\":\"SearchAction\",\"target\":{\"@type\":\"EntryPoint\",\"urlTemplate\":\"https:\\\/\\\/dentnis.com\\\/en\\\/?s={search_term_string}\"},\"query-input\":{\"@type\":\"PropertyValueSpecification\",\"valueRequired\":true,\"valueName\":\"search_term_string\"}}],\"inLanguage\":\"en-US\"},{\"@type\":\"Organization\",\"@id\":\"https:\\\/\\\/dentnis.com\\\/en\\\/#organization\",\"name\":\"DentNis\",\"url\":\"https:\\\/\\\/dentnis.com\\\/en\\\/\",\"logo\":{\"@type\":\"ImageObject\",\"inLanguage\":\"en-US\",\"@id\":\"https:\\\/\\\/dentnis.com\\\/en\\\/#\\\/schema\\\/logo\\\/image\\\/\",\"url\":\"https:\\\/\\\/dentnis.com\\\/wp-content\\\/uploads\\\/Logo.svg\",\"contentUrl\":\"https:\\\/\\\/dentnis.com\\\/wp-content\\\/uploads\\\/Logo.svg\",\"width\":1,\"height\":1,\"caption\":\"DentNis\"},\"image\":{\"@id\":\"https:\\\/\\\/dentnis.com\\\/en\\\/#\\\/schema\\\/logo\\\/image\\\/\"},\"sameAs\":[\"https:\\\/\\\/www.facebook.com\\\/profile.php?id=100008965091602\",\"https:\\\/\\\/www.instagram.com\\\/doktornarin\\\/\",\"https:\\\/\\\/www.linkedin.com\\\/company\\\/estetik-gulus-tasarimi-dentnis-nisantasi\\\/\",\"https:\\\/\\\/www.youtube.com\\\/channel\\\/UCfv6kUPsCAq1tIw8T7AClOw\"]}]}<\/script>\n<!-- \/ Yoast SEO plugin. -->","yoast_head_json":{"title":"Testimonials","description":"Many thanks to Mr. Abd\u00fclkadir and all Dentnis. The attention to detail, the care for the patient, always a smiling face \u2013 incredible!","robots":{"index":"index","follow":"follow","max-snippet":"max-snippet:-1","max-image-preview":"max-image-preview:large","max-video-preview":"max-video-preview:-1"},"canonical":"https:\/\/dentnis.com\/en\/testimonials\/","og_locale":"en_US","og_type":"article","og_title":"Testimonials","og_description":"Many thanks to Mr. Abd\u00fclkadir and all Dentnis. The attention to detail, the care for the patient, always a smiling face \u2013 incredible!","og_url":"https:\/\/dentnis.com\/en\/testimonials\/","og_site_name":"DentNis \u00ae","article_publisher":"https:\/\/www.facebook.com\/profile.php?id=100008965091602","article_modified_time":"2024-03-28T13:02:16+00:00","twitter_card":"summary_large_image","twitter_misc":{"Est. reading time":"1 minute"},"schema":{"@context":"https:\/\/schema.org","@graph":[{"@type":"WebPage","@id":"https:\/\/dentnis.com\/en\/testimonials\/","url":"https:\/\/dentnis.com\/en\/testimonials\/","name":"Testimonials","isPartOf":{"@id":"https:\/\/dentnis.com\/en\/#website"},"datePublished":"2024-02-23T07:45:49+00:00","dateModified":"2024-03-28T13:02:16+00:00","description":"Many thanks to Mr. Abd\u00fclkadir and all Dentnis. The attention to detail, the care for the patient, always a smiling face \u2013 incredible!","breadcrumb":{"@id":"https:\/\/dentnis.com\/en\/testimonials\/#breadcrumb"},"inLanguage":"en-US","potentialAction":[{"@type":"ReadAction","target":["https:\/\/dentnis.com\/en\/testimonials\/"]}]},{"@type":"BreadcrumbList","@id":"https:\/\/dentnis.com\/en\/testimonials\/#breadcrumb","itemListElement":[{"@type":"ListItem","position":1,"name":"Anasayfa","item":"https:\/\/dentnis.com\/en\/"},{"@type":"ListItem","position":2,"name":"Testimonials"}]},{"@type":"WebSite","@id":"https:\/\/dentnis.com\/en\/#website","url":"https:\/\/dentnis.com\/en\/","name":"DentNis \u00ae","description":"G\u00fcl\u00fc\u015f\u00fcn\u00fcz Kalbinizin Aynas\u0131d\u0131r...","publisher":{"@id":"https:\/\/dentnis.com\/en\/#organization"},"potentialAction":[{"@type":"SearchAction","target":{"@type":"EntryPoint","urlTemplate":"https:\/\/dentnis.com\/en\/?s={search_term_string}"},"query-input":{"@type":"PropertyValueSpecification","valueRequired":true,"valueName":"search_term_string"}}],"inLanguage":"en-US"},{"@type":"Organization","@id":"https:\/\/dentnis.com\/en\/#organization","name":"DentNis","url":"https:\/\/dentnis.com\/en\/","logo":{"@type":"ImageObject","inLanguage":"en-US","@id":"https:\/\/dentnis.com\/en\/#\/schema\/logo\/image\/","url":"https:\/\/dentnis.com\/wp-content\/uploads\/Logo.svg","contentUrl":"https:\/\/dentnis.com\/wp-content\/uploads\/Logo.svg","width":1,"height":1,"caption":"DentNis"},"image":{"@id":"https:\/\/dentnis.com\/en\/#\/schema\/logo\/image\/"},"sameAs":["https:\/\/www.facebook.com\/profile.php?id=100008965091602","https:\/\/www.instagram.com\/doktornarin\/","https:\/\/www.linkedin.com\/company\/estetik-gulus-tasarimi-dentnis-nisantasi\/","https:\/\/www.youtube.com\/channel\/UCfv6kUPsCAq1tIw8T7AClOw"]}]}},"_links":{"self":[{"href":"https:\/\/dentnis.com\/en\/wp-json\/wp\/v2\/pages\/1468","targetHints":{"allow":["GET"]}}],"collection":[{"href":"https:\/\/dentnis.com\/en\/wp-json\/wp\/v2\/pages"}],"about":[{"href":"https:\/\/dentnis.com\/en\/wp-json\/wp\/v2\/types\/page"}],"author":[{"embeddable":true,"href":"https:\/\/dentnis.com\/en\/wp-json\/wp\/v2\/users\/1"}],"replies":[{"embeddable":true,"href":"https:\/\/dentnis.com\/en\/wp-json\/wp\/v2\/comments?post=1468"}],"version-history":[{"count":4,"href":"https:\/\/dentnis.com\/en\/wp-json\/wp\/v2\/pages\/1468\/revisions"}],"predecessor-version":[{"id":1835,"href":"https:\/\/dentnis.com\/en\/wp-json\/wp\/v2\/pages\/1468\/revisions\/1835"}],"wp:attachment":[{"href":"https:\/\/dentnis.com\/en\/wp-json\/wp\/v2\/media?parent=1468"}],"curies":[{"name":"wp","href":"https:\/\/api.w.org\/{rel}","templated":true}]}}