{"id":1466,"date":"2024-02-27T11:20:53","date_gmt":"2024-02-27T11:20:53","guid":{"rendered":"https:\/\/dentniswp.bootests.com\/blog\/"},"modified":"2024-04-01T06:03:49","modified_gmt":"2024-04-01T06:03:49","slug":"blog","status":"publish","type":"page","link":"https:\/\/dentnis.com\/en\/blog\/","title":{"rendered":"Articles"},"content":{"rendered":"<div class=\"wpb-content-wrapper\"><p>[vc_row][vc_column]   \n\n\n\n<div class=\"archive-overlay\">\n\n<div id=\"overlay\"><\/div>\n\n<\/div>\n\n\n\n<!-- Banner -->\n\n<section class=\"Page-Banner \">\n\n<div class=\"container\">\n\n\t<div class=\"row page-banner-row h-100\">\n\n\t\t<div class=\"col-12 col-md-6 col-lg-5 page-banner-text\">\n\n\t\t\t<span data-aos=\"fade-up\" data-aos-easing=\"linear\" data-aos-duration=\"900\">DENTN\u0130S<\/span>\n\n\t\t\t<h1 data-aos=\"fade-up\" data-aos-easing=\"linear\" data-aos-duration=\"900\">Blog<\/h1>\n\n\t\t\t\n\n\t\t<\/div>\n\n\t\t<div class=\"col-12 col-md-6 col-lg-6 page-banner-img\">\n\n\t\t\t\n\n\t\t<\/div>\n\n\t<\/div>\n\n<\/div>\n\n<\/section>\n\n<!-- Banner -->\n\n\t[vc_column_text]\n\n    <section class=\"Archive-Content\">\n\n    <div class=\"container\">\n\n        <div class=\"row our-treatments\">\n\n        \n\n            \n\n\n\n                <div class=\"col-12 col-md-6 col-sm-6 col-xl-4\" data-aos=\"fade-up\" data-aos-easing=\"linear\"\n\n                data-aos-duration=\"1000\">\n\n              \n\n                    <div class=\"card-img \">\n\n                        <div class=\"img\">\n\n                        <a href=\"https:\/\/dentnis.com\/en\/single-tooth-dental-implant\/\">   <img decoding=\"async\" src=\"https:\/\/dentnis.com\/wp-content\/uploads\/Single-Tooth-Dental-Implant-img-cover-3.png\" alt=\"Single Tooth Dental Implant\">   <\/a>\n\n                        <\/div>\n\n                        <div class=\"card-img-body\">\n\n                            <div class=\"d-flex flex-column\">\n\n                                <span class=\"number \">1<\/span>\n\n                                <a href=\"https:\/\/dentnis.com\/en\/single-tooth-dental-implant\/\">      <h3 class=\"title \">Single Tooth Dental Implant<\/h3> <\/a>\n\n                            <\/div>\n\n                            <a href=\"https:\/\/dentnis.com\/en\/single-tooth-dental-implant\/\" class=\"btn-icon\">\n\n                                <img decoding=\"async\" src=\"\/wp-content\/themes\/dentnis\/img\/Our-Treatments\/Arrow.svg\" alt=\"arrow\">\n\n                            <\/a>\n\n\n\n                        <\/div>\n\n                    <\/div>\n\n             \n\n            <\/div>\n\n     \n\n            \n\n            \n\n\n\n                <div class=\"col-12 col-md-6 col-sm-6 col-xl-4\" data-aos=\"fade-up\" data-aos-easing=\"linear\"\n\n                data-aos-duration=\"1000\">\n\n              \n\n                    <div class=\"card-img \">\n\n                        <div class=\"img\">\n\n                        <a href=\"https:\/\/dentnis.com\/en\/orthodontics\/\">   <img decoding=\"async\" src=\"https:\/\/dentnis.com\/wp-content\/uploads\/Orthodontics-img-cover.png\" alt=\"Orthodontics\">   <\/a>\n\n                        <\/div>\n\n                        <div class=\"card-img-body\">\n\n                            <div class=\"d-flex flex-column\">\n\n                                <span class=\"number \">2<\/span>\n\n                                <a href=\"https:\/\/dentnis.com\/en\/orthodontics\/\">      <h3 class=\"title \">Orthodontics<\/h3> <\/a>\n\n                            <\/div>\n\n                            <a href=\"https:\/\/dentnis.com\/en\/orthodontics\/\" class=\"btn-icon\">\n\n                                <img decoding=\"async\" src=\"\/wp-content\/themes\/dentnis\/img\/Our-Treatments\/Arrow.svg\" alt=\"arrow\">\n\n                            <\/a>\n\n\n\n                        <\/div>\n\n                    <\/div>\n\n             \n\n            <\/div>\n\n     \n\n            \n\n            \n\n\n\n                <div class=\"col-12 col-md-6 col-sm-6 col-xl-4\" data-aos=\"fade-up\" data-aos-easing=\"linear\"\n\n                data-aos-duration=\"1000\">\n\n              \n\n                    <div class=\"card-img \">\n\n                        <div class=\"img\">\n\n                        <a href=\"https:\/\/dentnis.com\/en\/bichectomy\/\">   <img decoding=\"async\" src=\"https:\/\/dentnis.com\/wp-content\/uploads\/Bichectomy-img-cover.png\" alt=\"Bichectomy\">   <\/a>\n\n                        <\/div>\n\n                        <div class=\"card-img-body\">\n\n                            <div class=\"d-flex flex-column\">\n\n                                <span class=\"number \">3<\/span>\n\n                                <a href=\"https:\/\/dentnis.com\/en\/bichectomy\/\">      <h3 class=\"title \">Bichectomy<\/h3> <\/a>\n\n                            <\/div>\n\n                            <a href=\"https:\/\/dentnis.com\/en\/bichectomy\/\" class=\"btn-icon\">\n\n                                <img decoding=\"async\" src=\"\/wp-content\/themes\/dentnis\/img\/Our-Treatments\/Arrow.svg\" alt=\"arrow\">\n\n                            <\/a>\n\n\n\n                        <\/div>\n\n                    <\/div>\n\n             \n\n            <\/div>\n\n     \n\n            \n\n            \n\n\n\n                <div class=\"col-12 col-md-6 col-sm-6 col-xl-4\" data-aos=\"fade-up\" data-aos-easing=\"linear\"\n\n                data-aos-duration=\"1000\">\n\n              \n\n                    <div class=\"card-img \">\n\n                        <div class=\"img\">\n\n                        <a href=\"https:\/\/dentnis.com\/en\/cost-of-dental-treatments-in-turkey-istanbul\/\">   <img decoding=\"async\" src=\"https:\/\/dentnis.com\/wp-content\/uploads\/cost-of-dental-treatments-in-turkey-istanbul-2026-img-cover.png\" alt=\"Cost of Dental Treatments in Turkey, Istanbul 2026\">   <\/a>\n\n                        <\/div>\n\n                        <div class=\"card-img-body\">\n\n                            <div class=\"d-flex flex-column\">\n\n                                <span class=\"number \">4<\/span>\n\n                                <a href=\"https:\/\/dentnis.com\/en\/cost-of-dental-treatments-in-turkey-istanbul\/\">      <h3 class=\"title \">Cost of Dental Treatments in Turkey, Istanbul 2026<\/h3> <\/a>\n\n                            <\/div>\n\n                            <a href=\"https:\/\/dentnis.com\/en\/cost-of-dental-treatments-in-turkey-istanbul\/\" class=\"btn-icon\">\n\n                                <img decoding=\"async\" src=\"\/wp-content\/themes\/dentnis\/img\/Our-Treatments\/Arrow.svg\" alt=\"arrow\">\n\n                            <\/a>\n\n\n\n                        <\/div>\n\n                    <\/div>\n\n             \n\n            <\/div>\n\n     \n\n            \n\n            \n\n\n\n                <div class=\"col-12 col-md-6 col-sm-6 col-xl-4\" data-aos=\"fade-up\" data-aos-easing=\"linear\"\n\n                data-aos-duration=\"1000\">\n\n              \n\n                    <div class=\"card-img \">\n\n                        <div class=\"img\">\n\n                        <a href=\"https:\/\/dentnis.com\/en\/veneers-turkey-vs-uk-emax-porcelain-full-set-prices\/\">   <img decoding=\"async\" src=\"https:\/\/dentnis.com\/wp-content\/uploads\/Veneers-Turkey-vs-UK-\u2013-Emax-Porcelain-Full-Set-Prices-2026.jpg\" alt=\"Veneers Turkey vs UK \u2013 Emax, Porcelain &#038; Full Set Prices 2026\">   <\/a>\n\n                        <\/div>\n\n                        <div class=\"card-img-body\">\n\n                            <div class=\"d-flex flex-column\">\n\n                                <span class=\"number \">5<\/span>\n\n                                <a href=\"https:\/\/dentnis.com\/en\/veneers-turkey-vs-uk-emax-porcelain-full-set-prices\/\">      <h3 class=\"title \">Veneers Turkey vs UK \u2013 Emax, Porcelain &#038; Full Set&hellip;<\/h3> <\/a>\n\n                            <\/div>\n\n                            <a href=\"https:\/\/dentnis.com\/en\/veneers-turkey-vs-uk-emax-porcelain-full-set-prices\/\" class=\"btn-icon\">\n\n                                <img decoding=\"async\" src=\"\/wp-content\/themes\/dentnis\/img\/Our-Treatments\/Arrow.svg\" alt=\"arrow\">\n\n                            <\/a>\n\n\n\n                        <\/div>\n\n                    <\/div>\n\n             \n\n            <\/div>\n\n     \n\n            \n\n            \n\n\n\n                <div class=\"col-12 col-md-6 col-sm-6 col-xl-4\" data-aos=\"fade-up\" data-aos-easing=\"linear\"\n\n                data-aos-duration=\"1000\">\n\n              \n\n                    <div class=\"card-img \">\n\n                        <div class=\"img\">\n\n                        <a href=\"https:\/\/dentnis.com\/en\/what-is-bonding\/\">   <img decoding=\"async\" src=\"https:\/\/dentnis.com\/wp-content\/uploads\/Bonding-Dis-Fiyatlari-img-kapak.png\" alt=\"What is Bonding?\">   <\/a>\n\n                        <\/div>\n\n                        <div class=\"card-img-body\">\n\n                            <div class=\"d-flex flex-column\">\n\n                                <span class=\"number \">6<\/span>\n\n                                <a href=\"https:\/\/dentnis.com\/en\/what-is-bonding\/\">      <h3 class=\"title \">What is Bonding?<\/h3> <\/a>\n\n                            <\/div>\n\n                            <a href=\"https:\/\/dentnis.com\/en\/what-is-bonding\/\" class=\"btn-icon\">\n\n                                <img decoding=\"async\" src=\"\/wp-content\/themes\/dentnis\/img\/Our-Treatments\/Arrow.svg\" alt=\"arrow\">\n\n                            <\/a>\n\n\n\n                        <\/div>\n\n                    <\/div>\n\n             \n\n            <\/div>\n\n     \n\n            \n\n            \n\n\n\n                <div class=\"col-12 col-md-6 col-sm-6 col-xl-4\" data-aos=\"fade-up\" data-aos-easing=\"linear\"\n\n                data-aos-duration=\"1000\">\n\n              \n\n                    <div class=\"card-img \">\n\n                        <div class=\"img\">\n\n                        <a href=\"https:\/\/dentnis.com\/en\/smile-makeover\/\">   <img decoding=\"async\" src=\"https:\/\/dentnis.com\/wp-content\/uploads\/Smile-Makeover-img-cover.png\" alt=\"Smile Makeover\">   <\/a>\n\n                        <\/div>\n\n                        <div class=\"card-img-body\">\n\n                            <div class=\"d-flex flex-column\">\n\n                                <span class=\"number \">7<\/span>\n\n                                <a href=\"https:\/\/dentnis.com\/en\/smile-makeover\/\">      <h3 class=\"title \">Smile Makeover<\/h3> <\/a>\n\n                            <\/div>\n\n                            <a href=\"https:\/\/dentnis.com\/en\/smile-makeover\/\" class=\"btn-icon\">\n\n                                <img decoding=\"async\" src=\"\/wp-content\/themes\/dentnis\/img\/Our-Treatments\/Arrow.svg\" alt=\"arrow\">\n\n                            <\/a>\n\n\n\n                        <\/div>\n\n                    <\/div>\n\n             \n\n            <\/div>\n\n     \n\n            \n\n            \n\n\n\n                <div class=\"col-12 col-md-6 col-sm-6 col-xl-4\" data-aos=\"fade-up\" data-aos-easing=\"linear\"\n\n                data-aos-duration=\"1000\">\n\n              \n\n                    <div class=\"card-img \">\n\n                        <div class=\"img\">\n\n                        <a href=\"https:\/\/dentnis.com\/en\/art-enamel-technique\/\">   <img decoding=\"async\" src=\"https:\/\/dentnis.com\/wp-content\/uploads\/Art-Enemal-Bonding-Teknig-img-kapak.png\" alt=\"Art Enamel Technique\">   <\/a>\n\n                        <\/div>\n\n                        <div class=\"card-img-body\">\n\n                            <div class=\"d-flex flex-column\">\n\n                                <span class=\"number \">8<\/span>\n\n                                <a href=\"https:\/\/dentnis.com\/en\/art-enamel-technique\/\">      <h3 class=\"title \">Art Enamel Technique<\/h3> <\/a>\n\n                            <\/div>\n\n                            <a href=\"https:\/\/dentnis.com\/en\/art-enamel-technique\/\" class=\"btn-icon\">\n\n                                <img decoding=\"async\" src=\"\/wp-content\/themes\/dentnis\/img\/Our-Treatments\/Arrow.svg\" alt=\"arrow\">\n\n                            <\/a>\n\n\n\n                        <\/div>\n\n                    <\/div>\n\n             \n\n            <\/div>\n\n     \n\n            \n\n            \n\n\n\n                <div class=\"col-12 col-md-6 col-sm-6 col-xl-4\" data-aos=\"fade-up\" data-aos-easing=\"linear\"\n\n                data-aos-duration=\"1000\">\n\n              \n\n                    <div class=\"card-img \">\n\n                        <div class=\"img\">\n\n                        <a href=\"https:\/\/dentnis.com\/en\/digital-dentistry\/\">   <img decoding=\"async\" src=\"https:\/\/dentnis.com\/wp-content\/uploads\/Dijital-Dis-Hekimligi-img-kapak.png\" alt=\"Digital Dentistry\">   <\/a>\n\n                        <\/div>\n\n                        <div class=\"card-img-body\">\n\n                            <div class=\"d-flex flex-column\">\n\n                                <span class=\"number \">9<\/span>\n\n                                <a href=\"https:\/\/dentnis.com\/en\/digital-dentistry\/\">      <h3 class=\"title \">Digital Dentistry<\/h3> <\/a>\n\n                            <\/div>\n\n                            <a href=\"https:\/\/dentnis.com\/en\/digital-dentistry\/\" class=\"btn-icon\">\n\n                                <img decoding=\"async\" src=\"\/wp-content\/themes\/dentnis\/img\/Our-Treatments\/Arrow.svg\" alt=\"arrow\">\n\n                            <\/a>\n\n\n\n                        <\/div>\n\n                    <\/div>\n\n             \n\n            <\/div>\n\n     \n\n            \n\n        <div class=\"pagination d-flex justify-content-center\" data-aos=\"fade-up\" data-aos-easing=\"linear\"\n\n                    data-aos-duration=\"1500\">    <nav aria-label=\"Page navigation example\"><ul class=\"pagination\"><li class=\"page-item\"><span aria-current=\"page\" class=\"page-numbers current\">1<\/span><\/li><li class=\"page-item\"><a class=\"page-numbers\" href=\"https:\/\/dentnis.com\/en\/wp-json\/wp\/v2\/pages\/1466\/page\/2\/\">2<\/a><\/li><li class=\"page-item\"><a class=\"page-numbers\" href=\"https:\/\/dentnis.com\/en\/wp-json\/wp\/v2\/pages\/1466\/page\/3\/\">3<\/a><\/li><li class=\"page-item\"><span class=\"page-numbers dots\">&hellip;<\/span><\/li><li class=\"page-item\"><a class=\"page-numbers\" href=\"https:\/\/dentnis.com\/en\/wp-json\/wp\/v2\/pages\/1466\/page\/5\/\">5<\/a><\/li><li class=\"page-item\"><a class=\"next page-numbers\" href=\"https:\/\/dentnis.com\/en\/wp-json\/wp\/v2\/pages\/1466\/page\/2\/\"><div class=\"page-link button\" href=\"#\" aria-label=\"Next\">\n\n                                    <img decoding=\"async\" src=\"\/wp-content\/themes\/dentnis\/img\/ArchivePage\/PaginationRightArrow.svg\" alt=\"right\">\n\n                                <\/div><span>Next<\/span><\/a><\/li> <\/nav><\/ul><\/div>\n\n        <\/div>\n\n    <\/div>\n\n<\/section> \n\n        [\/vc_column_text][\/vc_column][\/vc_row]<\/p>\n<\/div>","protected":false},"excerpt":{"rendered":"<p>[vc_row][vc_column][vc_column_text][\/vc_column_text][\/vc_column][\/vc_row]<\/p>\n","protected":false},"author":1,"featured_media":0,"parent":0,"menu_order":0,"comment_status":"closed","ping_status":"closed","template":"","meta":{"_acf_changed":false,"footnotes":""},"class_list":["post-1466","page","type-page","status-publish","hentry"],"acf":[],"yoast_head":"<!-- This site is optimized with the Yoast SEO plugin v27.3 - https:\/\/yoast.com\/product\/yoast-seo-wordpress\/ -->\n<title>Articles - DentNis \u00ae<\/title>\n<meta name=\"robots\" content=\"index, follow, max-snippet:-1, max-image-preview:large, max-video-preview:-1\" \/>\n<link rel=\"canonical\" href=\"https:\/\/dentnis.com\/en\/blog\/\" \/>\n<meta property=\"og:locale\" content=\"en_US\" \/>\n<meta property=\"og:type\" content=\"article\" \/>\n<meta property=\"og:title\" content=\"Articles - DentNis \u00ae\" \/>\n<meta property=\"og:description\" content=\"[vc_row][vc_column][vc_column_text][\/vc_column_text][\/vc_column][\/vc_row]\" \/>\n<meta property=\"og:url\" content=\"https:\/\/dentnis.com\/en\/blog\/\" \/>\n<meta property=\"og:site_name\" content=\"DentNis \u00ae\" \/>\n<meta property=\"article:publisher\" content=\"https:\/\/www.facebook.com\/profile.php?id=100008965091602\" \/>\n<meta property=\"article:modified_time\" content=\"2024-04-01T06:03:49+00:00\" \/>\n<meta name=\"twitter:card\" content=\"summary_large_image\" \/>\n<meta name=\"twitter:label1\" content=\"Est. reading time\" \/>\n\t<meta name=\"twitter:data1\" content=\"1 minute\" \/>\n<script type=\"application\/ld+json\" class=\"yoast-schema-graph\">{\"@context\":\"https:\\\/\\\/schema.org\",\"@graph\":[{\"@type\":\"WebPage\",\"@id\":\"https:\\\/\\\/dentnis.com\\\/en\\\/blog\\\/\",\"url\":\"https:\\\/\\\/dentnis.com\\\/en\\\/blog\\\/\",\"name\":\"Articles - DentNis \u00ae\",\"isPartOf\":{\"@id\":\"https:\\\/\\\/dentnis.com\\\/en\\\/#website\"},\"datePublished\":\"2024-02-27T11:20:53+00:00\",\"dateModified\":\"2024-04-01T06:03:49+00:00\",\"breadcrumb\":{\"@id\":\"https:\\\/\\\/dentnis.com\\\/en\\\/blog\\\/#breadcrumb\"},\"inLanguage\":\"en-US\",\"potentialAction\":[{\"@type\":\"ReadAction\",\"target\":[\"https:\\\/\\\/dentnis.com\\\/en\\\/blog\\\/\"]}]},{\"@type\":\"BreadcrumbList\",\"@id\":\"https:\\\/\\\/dentnis.com\\\/en\\\/blog\\\/#breadcrumb\",\"itemListElement\":[{\"@type\":\"ListItem\",\"position\":1,\"name\":\"Anasayfa\",\"item\":\"https:\\\/\\\/dentnis.com\\\/en\\\/\"},{\"@type\":\"ListItem\",\"position\":2,\"name\":\"Articles\"}]},{\"@type\":\"WebSite\",\"@id\":\"https:\\\/\\\/dentnis.com\\\/en\\\/#website\",\"url\":\"https:\\\/\\\/dentnis.com\\\/en\\\/\",\"name\":\"DentNis \u00ae\",\"description\":\"G\u00fcl\u00fc\u015f\u00fcn\u00fcz Kalbinizin Aynas\u0131d\u0131r...\",\"publisher\":{\"@id\":\"https:\\\/\\\/dentnis.com\\\/en\\\/#organization\"},\"potentialAction\":[{\"@type\":\"SearchAction\",\"target\":{\"@type\":\"EntryPoint\",\"urlTemplate\":\"https:\\\/\\\/dentnis.com\\\/en\\\/?s={search_term_string}\"},\"query-input\":{\"@type\":\"PropertyValueSpecification\",\"valueRequired\":true,\"valueName\":\"search_term_string\"}}],\"inLanguage\":\"en-US\"},{\"@type\":\"Organization\",\"@id\":\"https:\\\/\\\/dentnis.com\\\/en\\\/#organization\",\"name\":\"DentNis\",\"url\":\"https:\\\/\\\/dentnis.com\\\/en\\\/\",\"logo\":{\"@type\":\"ImageObject\",\"inLanguage\":\"en-US\",\"@id\":\"https:\\\/\\\/dentnis.com\\\/en\\\/#\\\/schema\\\/logo\\\/image\\\/\",\"url\":\"https:\\\/\\\/dentnis.com\\\/wp-content\\\/uploads\\\/Logo.svg\",\"contentUrl\":\"https:\\\/\\\/dentnis.com\\\/wp-content\\\/uploads\\\/Logo.svg\",\"width\":1,\"height\":1,\"caption\":\"DentNis\"},\"image\":{\"@id\":\"https:\\\/\\\/dentnis.com\\\/en\\\/#\\\/schema\\\/logo\\\/image\\\/\"},\"sameAs\":[\"https:\\\/\\\/www.facebook.com\\\/profile.php?id=100008965091602\",\"https:\\\/\\\/www.instagram.com\\\/doktornarin\\\/\",\"https:\\\/\\\/www.linkedin.com\\\/company\\\/estetik-gulus-tasarimi-dentnis-nisantasi\\\/\",\"https:\\\/\\\/www.youtube.com\\\/channel\\\/UCfv6kUPsCAq1tIw8T7AClOw\"]}]}<\/script>\n<!-- \/ Yoast SEO plugin. -->","yoast_head_json":{"title":"Articles - DentNis \u00ae","robots":{"index":"index","follow":"follow","max-snippet":"max-snippet:-1","max-image-preview":"max-image-preview:large","max-video-preview":"max-video-preview:-1"},"canonical":"https:\/\/dentnis.com\/en\/blog\/","og_locale":"en_US","og_type":"article","og_title":"Articles - DentNis \u00ae","og_description":"[vc_row][vc_column][vc_column_text][\/vc_column_text][\/vc_column][\/vc_row]","og_url":"https:\/\/dentnis.com\/en\/blog\/","og_site_name":"DentNis \u00ae","article_publisher":"https:\/\/www.facebook.com\/profile.php?id=100008965091602","article_modified_time":"2024-04-01T06:03:49+00:00","twitter_card":"summary_large_image","twitter_misc":{"Est. reading time":"1 minute"},"schema":{"@context":"https:\/\/schema.org","@graph":[{"@type":"WebPage","@id":"https:\/\/dentnis.com\/en\/blog\/","url":"https:\/\/dentnis.com\/en\/blog\/","name":"Articles - DentNis \u00ae","isPartOf":{"@id":"https:\/\/dentnis.com\/en\/#website"},"datePublished":"2024-02-27T11:20:53+00:00","dateModified":"2024-04-01T06:03:49+00:00","breadcrumb":{"@id":"https:\/\/dentnis.com\/en\/blog\/#breadcrumb"},"inLanguage":"en-US","potentialAction":[{"@type":"ReadAction","target":["https:\/\/dentnis.com\/en\/blog\/"]}]},{"@type":"BreadcrumbList","@id":"https:\/\/dentnis.com\/en\/blog\/#breadcrumb","itemListElement":[{"@type":"ListItem","position":1,"name":"Anasayfa","item":"https:\/\/dentnis.com\/en\/"},{"@type":"ListItem","position":2,"name":"Articles"}]},{"@type":"WebSite","@id":"https:\/\/dentnis.com\/en\/#website","url":"https:\/\/dentnis.com\/en\/","name":"DentNis \u00ae","description":"G\u00fcl\u00fc\u015f\u00fcn\u00fcz Kalbinizin Aynas\u0131d\u0131r...","publisher":{"@id":"https:\/\/dentnis.com\/en\/#organization"},"potentialAction":[{"@type":"SearchAction","target":{"@type":"EntryPoint","urlTemplate":"https:\/\/dentnis.com\/en\/?s={search_term_string}"},"query-input":{"@type":"PropertyValueSpecification","valueRequired":true,"valueName":"search_term_string"}}],"inLanguage":"en-US"},{"@type":"Organization","@id":"https:\/\/dentnis.com\/en\/#organization","name":"DentNis","url":"https:\/\/dentnis.com\/en\/","logo":{"@type":"ImageObject","inLanguage":"en-US","@id":"https:\/\/dentnis.com\/en\/#\/schema\/logo\/image\/","url":"https:\/\/dentnis.com\/wp-content\/uploads\/Logo.svg","contentUrl":"https:\/\/dentnis.com\/wp-content\/uploads\/Logo.svg","width":1,"height":1,"caption":"DentNis"},"image":{"@id":"https:\/\/dentnis.com\/en\/#\/schema\/logo\/image\/"},"sameAs":["https:\/\/www.facebook.com\/profile.php?id=100008965091602","https:\/\/www.instagram.com\/doktornarin\/","https:\/\/www.linkedin.com\/company\/estetik-gulus-tasarimi-dentnis-nisantasi\/","https:\/\/www.youtube.com\/channel\/UCfv6kUPsCAq1tIw8T7AClOw"]}]}},"_links":{"self":[{"href":"https:\/\/dentnis.com\/en\/wp-json\/wp\/v2\/pages\/1466","targetHints":{"allow":["GET"]}}],"collection":[{"href":"https:\/\/dentnis.com\/en\/wp-json\/wp\/v2\/pages"}],"about":[{"href":"https:\/\/dentnis.com\/en\/wp-json\/wp\/v2\/types\/page"}],"author":[{"embeddable":true,"href":"https:\/\/dentnis.com\/en\/wp-json\/wp\/v2\/users\/1"}],"replies":[{"embeddable":true,"href":"https:\/\/dentnis.com\/en\/wp-json\/wp\/v2\/comments?post=1466"}],"version-history":[{"count":8,"href":"https:\/\/dentnis.com\/en\/wp-json\/wp\/v2\/pages\/1466\/revisions"}],"predecessor-version":[{"id":2973,"href":"https:\/\/dentnis.com\/en\/wp-json\/wp\/v2\/pages\/1466\/revisions\/2973"}],"wp:attachment":[{"href":"https:\/\/dentnis.com\/en\/wp-json\/wp\/v2\/media?parent=1466"}],"curies":[{"name":"wp","href":"https:\/\/api.w.org\/{rel}","templated":true}]}}