{"id":1464,"date":"2026-03-08T09:45:03","date_gmt":"2026-03-08T09:45:03","guid":{"rendered":"https:\/\/dentniswp.bootests.com\/anasayfa\/"},"modified":"2026-04-06T12:43:57","modified_gmt":"2026-04-06T12:43:57","slug":"homepage","status":"publish","type":"page","link":"https:\/\/dentnis.com\/en\/","title":{"rendered":"Homepage"},"content":{"rendered":"","protected":false},"excerpt":{"rendered":"","protected":false},"author":1,"featured_media":0,"parent":0,"menu_order":0,"comment_status":"closed","ping_status":"closed","template":"page-anasayfa.php","meta":{"_acf_changed":false,"footnotes":""},"class_list":["post-1464","page","type-page","status-publish","hentry"],"acf":[],"yoast_head":"<!-- This site is optimized with the Yoast SEO plugin v27.5 - https:\/\/yoast.com\/product\/yoast-seo-wordpress\/ -->\n<title>Best Cosmetic Dentist in Turkey | Dr. Abdulkadir Narin | DentNis \u00ae<\/title>\n<meta name=\"description\" content=\"Best &amp; Top Cosmetic Dentist in Turkey \u2013 Same Day Dental Implant, Zirconia Crowns, Laminate Veneers, Smile Makeover, Hollywood Smile Design\" \/>\n<meta name=\"robots\" content=\"index, follow, max-snippet:-1, max-image-preview:large, max-video-preview:-1\" \/>\n<link rel=\"canonical\" href=\"https:\/\/dentnis.com\/en\/\" \/>\n<meta property=\"og:locale\" content=\"en_US\" \/>\n<meta property=\"og:type\" content=\"article\" \/>\n<meta property=\"og:title\" content=\"Best Cosmetic Dentist in Turkey | Dr. Abdulkadir Narin | DentNis \u00ae\" \/>\n<meta property=\"og:description\" content=\"Best &amp; Top Cosmetic Dentist in Turkey \u2013 Same Day Dental Implant, Zirconia Crowns, Laminate Veneers, Smile Makeover, Hollywood Smile Design\" \/>\n<meta property=\"og:url\" content=\"https:\/\/dentnis.com\/en\/\" \/>\n<meta property=\"og:site_name\" content=\"DentNis \u00ae\" \/>\n<meta property=\"article:publisher\" content=\"https:\/\/www.facebook.com\/profile.php?id=100008965091602\" \/>\n<meta property=\"article:modified_time\" content=\"2026-04-06T12:43:57+00:00\" \/>\n<meta name=\"twitter:card\" content=\"summary_large_image\" \/>\n<!-- \/ Yoast SEO plugin. -->","yoast_head_json":{"title":"Best Cosmetic Dentist in Turkey | Dr. Abdulkadir Narin | DentNis \u00ae","description":"Best & Top Cosmetic Dentist in Turkey \u2013 Same Day Dental Implant, Zirconia Crowns, Laminate Veneers, Smile Makeover, Hollywood Smile Design","robots":{"index":"index","follow":"follow","max-snippet":"max-snippet:-1","max-image-preview":"max-image-preview:large","max-video-preview":"max-video-preview:-1"},"canonical":"https:\/\/dentnis.com\/en\/","og_locale":"en_US","og_type":"article","og_title":"Best Cosmetic Dentist in Turkey | Dr. Abdulkadir Narin | DentNis \u00ae","og_description":"Best & Top Cosmetic Dentist in Turkey \u2013 Same Day Dental Implant, Zirconia Crowns, Laminate Veneers, Smile Makeover, Hollywood Smile Design","og_url":"https:\/\/dentnis.com\/en\/","og_site_name":"DentNis \u00ae","article_publisher":"https:\/\/www.facebook.com\/profile.php?id=100008965091602","article_modified_time":"2026-04-06T12:43:57+00:00","twitter_card":"summary_large_image","schema":{"@context":"https:\/\/schema.org","@graph":[{"@type":"WebPage","@id":"https:\/\/dentnis.com\/en\/","url":"https:\/\/dentnis.com\/en\/","name":"Best Cosmetic Dentist in Turkey | Dr. Abdulkadir Narin | DentNis \u00ae","isPartOf":{"@id":"https:\/\/dentnis.com\/en\/#website"},"datePublished":"2026-03-08T09:45:03+00:00","dateModified":"2026-04-06T12:43:57+00:00","description":"Best & Top Cosmetic Dentist in Turkey \u2013 Same Day Dental Implant, Zirconia Crowns, Laminate Veneers, Smile Makeover, Hollywood Smile Design","breadcrumb":{"@id":"https:\/\/dentnis.com\/en\/#breadcrumb"},"inLanguage":"en-US","potentialAction":[{"@type":"ReadAction","target":["https:\/\/dentnis.com\/en\/"]}]},{"@type":"BreadcrumbList","@id":"https:\/\/dentnis.com\/en\/#breadcrumb","itemListElement":[{"@type":"ListItem","position":1,"name":"Anasayfa","item":"https:\/\/dentnis.com\/en\/"},{"@type":"ListItem","position":2,"name":"Homepage"}]},{"@type":"WebSite","@id":"https:\/\/dentnis.com\/en\/#website","url":"https:\/\/dentnis.com\/en\/","name":"DentNis \u00ae","description":"G\u00fcl\u00fc\u015f\u00fcn\u00fcz Kalbinizin Aynas\u0131d\u0131r...","publisher":{"@id":"https:\/\/dentnis.com\/en\/#organization"},"potentialAction":[{"@type":"SearchAction","target":{"@type":"EntryPoint","urlTemplate":"https:\/\/dentnis.com\/en\/?s={search_term_string}"},"query-input":{"@type":"PropertyValueSpecification","valueRequired":true,"valueName":"search_term_string"}}],"inLanguage":"en-US"},{"@type":"Organization","@id":"https:\/\/dentnis.com\/en\/#organization","name":"DentNis","url":"https:\/\/dentnis.com\/en\/","logo":{"@type":"ImageObject","inLanguage":"en-US","@id":"https:\/\/dentnis.com\/en\/#\/schema\/logo\/image\/","url":"https:\/\/dentnis.com\/wp-content\/uploads\/Logo.svg","contentUrl":"https:\/\/dentnis.com\/wp-content\/uploads\/Logo.svg","width":1,"height":1,"caption":"DentNis"},"image":{"@id":"https:\/\/dentnis.com\/en\/#\/schema\/logo\/image\/"},"sameAs":["https:\/\/www.facebook.com\/profile.php?id=100008965091602","https:\/\/www.instagram.com\/doktornarin\/","https:\/\/www.linkedin.com\/company\/estetik-gulus-tasarimi-dentnis-nisantasi\/","https:\/\/www.youtube.com\/channel\/UCfv6kUPsCAq1tIw8T7AClOw"]}]}},"_links":{"self":[{"href":"https:\/\/dentnis.com\/en\/wp-json\/wp\/v2\/pages\/1464","targetHints":{"allow":["GET"]}}],"collection":[{"href":"https:\/\/dentnis.com\/en\/wp-json\/wp\/v2\/pages"}],"about":[{"href":"https:\/\/dentnis.com\/en\/wp-json\/wp\/v2\/types\/page"}],"author":[{"embeddable":true,"href":"https:\/\/dentnis.com\/en\/wp-json\/wp\/v2\/users\/1"}],"replies":[{"embeddable":true,"href":"https:\/\/dentnis.com\/en\/wp-json\/wp\/v2\/comments?post=1464"}],"version-history":[{"count":3,"href":"https:\/\/dentnis.com\/en\/wp-json\/wp\/v2\/pages\/1464\/revisions"}],"predecessor-version":[{"id":2972,"href":"https:\/\/dentnis.com\/en\/wp-json\/wp\/v2\/pages\/1464\/revisions\/2972"}],"wp:attachment":[{"href":"https:\/\/dentnis.com\/en\/wp-json\/wp\/v2\/media?parent=1464"}],"curies":[{"name":"wp","href":"https:\/\/api.w.org\/{rel}","templated":true}]}}