{"id":2613,"date":"2024-03-27T12:06:25","date_gmt":"2024-03-27T12:06:25","guid":{"rendered":"https:\/\/dentniswp.bootests.com\/hakkimizda\/"},"modified":"2026-04-06T18:21:26","modified_gmt":"2026-04-06T18:21:26","slug":"ueber-uns","status":"publish","type":"page","link":"https:\/\/dentnis.com\/de\/ueber-uns\/","title":{"rendered":"\u00dcber Uns"},"content":{"rendered":"<div class=\"wpb-content-wrapper\"><p>[vc_row][vc_column]   \r\n\r\n\t\t\t<div class=\"contact-overlay\">\r\n\t\t\t<div id=\"overlay\"><\/div>\r\n\t\t<\/div>\r\n\t\r\n\t\t<section class=\"Contact-Page-Banner\">\r\n\t\t\t<div class=\"container h-100\">\r\n\t\t\t\t<div class=\"row contact-page-banner-row h-100\">\r\n\t\t\t\t\t<div class=\"col-12 col-md-6 col-lg-7 contact-content\">\r\n\t\t\t\t\t\t<span class=\"contact-title\" data-aos=\"fade-up\" data-aos-easing=\"linear\" data-aos-duration=\"900\">DENTN\u0130S<\/span>\r\n\t\t\t\t\t\t<h1 data-aos=\"fade-up\" data-aos-easing=\"linear\" data-aos-duration=\"900\">Hakk\u0131m\u0131zda<\/h1>\r\n\t\t\t\t\t<\/div>\r\n\t\t\t\t\t<div class=\"col-12 col-md-6 col-lg-5 contact-pattern\">\r\n\t\t\t\t\t\t<img decoding=\"async\" src=\"\/wp-content\/themes\/dentnis\/img\/LinePattern.svg\" alt=\"\" data-aos=\"fade-down\"\r\n                        data-aos-easing=\"linear\" data-aos-duration=\"1000\">\r\n\t\t\t\t\t<\/div>\r\n\t\t\t\t<\/div>\r\n\t\t\t<\/div>\r\n\t\t<\/section>\r\n\t[\/vc_column][\/vc_row][vc_row][vc_column][vc_column_text css=&#8220;&#8220; el_class=&#8220;dentnis-content-varsayilan container&#8220;]<\/p>\n<h1>\u00dcber Uns<\/h1>\n<p>\u2018Z\u00e4hne sind nicht nur Ess- und Sprechwerkzeuge sie beeinflussen auch den optischen Gesamteindruck den wir bei anderen Menschen hinterlassen. Deswegen ist es sehr wichtig gesunde Z\u00e4hne und ein \u00e4sthetisches L\u00e4cheln zu haben.\u2018, bieten wir die besten kosmetischen zahn\u00e4rztlichen Dienstleistungen an;<\/p>\n<p>\u2022 Hollywood-<a href=\"https:\/\/dentnis.com\/de\/laecheln-design-in-der-tuerkei\/\" data-mil=\"2543\">L\u00e4cheln-Design<\/a>,<br \/>\n\u2022 Anwendungen f\u00fcr Zahnbindung und kosmetische Zahnheilkunde,<br \/>\n\u2022 Anwendungen f\u00fcr kosmetische Zahnimplantate<br \/>\n\u2022\u00a0<a href=\"https:\/\/dentnis.com\/de\/implantat-an-einem-tag\/\" data-mil=\"2543\">Implantat an einem Tag<\/a>\u00a0und Zahnprothese,<br \/>\n\u2022 Rehabilitation kosmetischer Implantate,<br \/>\n\u2022\u00a0Porzellanfurnier- Lumineer kronen und laminierte Blattz\u00e4hne,<br \/>\n\u2022\u00a0<a href=\"https:\/\/dentnis.com\/de\/zirkonkrone\/\" data-mil=\"2543\">Zirkonium furnieren Kronenbehandlungen<\/a>,<br \/>\n\u2022 Zahnaufhellung,<br \/>\n\u2022 Zahnfleisch\u00e4sthetische Operationen,<br \/>\n\u2022 Kosmetische kieferorthop\u00e4dische Behandlungen,<br \/>\n\u2022 Pr\u00e4ventive zahnmedizinische Anwendungen und \u00e4sthetische F\u00fcllungsanwendungen,<br \/>\n\u2022 Kiefer- und Gesichtschirurgie und Parodontal chirurgie,<br \/>\n\u2022 Knochenmangel, Zahn-Kiefer-Knochenvergr\u00f6\u00dferungen,<br \/>\n\u2022 Dental Botox.<\/p>\n<p>Wir sind all unseren Patienten dankbar, die es uns erm\u00f6glicht haben, ideale L\u00f6sungen f\u00fcr deren Fall in Leidenschaft zum Sch\u00f6nheit zu pr\u00e4sentieren und anzuwenden.<\/p>\n<p>\u00c4sthetische Zahnheilkunde<\/p>\n<p>F\u00fcr instagram:\u00a0<a href=\"https:\/\/www.instagram.com\/doktornarin\/\">@doktornarin<\/a><\/p>\n<div class=\"wpb_text_column wpb_content_element\">\n<div class=\"wpb_wrapper\"><\/div>\n<\/div>\n<p>[\/vc_column_text][\/vc_column][\/vc_row][vc_row el_class=&#8220;mx-auto container&#8220;][vc_column]   \r\n\t\t\t<div class=\"video-iframe animate-on-scroll-text-delay-x\">\r\n\t\t\t<div class=\"wrap\">\r\n\t\t\t\t<div class=\"box-video\">\r\n\t\t\t\t\t<div class=\"bg-video\" style=\"\r\n\t\t\t\t\tbackground-image: url(https:\/\/dentnis.com\/wp-content\/uploads\/video-img.jpg\")>\r\n\t\t\t\t\t\t<div class=\"bt-play\"><\/div>\r\n\t\t\t\t\t<\/div>\r\n\t\t\t\t\t<div class=\"video-container\">\r\n\t\t\t\t\t\t<iframe width=\"590\" height=\"332\"\r\n\t\t\t\t\t\t\tsrc=\"https:\/\/www.youtube.com\/embed\/GkXLn7nbYxs?rel=0&amp;showinfo=0\"\r\n\t\t\t\t\t\t\tframeborder=\"0\" allowfullscreen=\"allowfullscreen\"><\/iframe>\r\n\t\t\t\t\t<\/div>\r\n\t\t\t\t<\/div>\r\n\t\t\t<\/div>\r\n\t\t<\/div>\r\n\t[\/vc_column][\/vc_row]<\/p>\n<\/div>","protected":false},"excerpt":{"rendered":"<p>[vc_row][vc_column][\/vc_column][\/vc_row][vc_row][vc_column][vc_column_text css=&#8220;&#8220; el_class=&#8220;dentnis-content-varsayilan container&#8220;] \u00dcber Uns \u2018Z\u00e4hne sind nicht nur Ess- und Sprechwerkzeuge sie beeinflussen auch den optischen Gesamteindruck den wir bei anderen Menschen hinterlassen. Deswegen ist es sehr wichtig gesunde Z\u00e4hne und ein \u00e4sthetisches L\u00e4cheln zu haben.\u2018, bieten wir die besten kosmetischen zahn\u00e4rztlichen Dienstleistungen an; \u2022 Hollywood-L\u00e4cheln-Design, \u2022 Anwendungen f\u00fcr Zahnbindung und kosmetische Zahnheilkunde, [&hellip;]<\/p>\n","protected":false},"author":1,"featured_media":0,"parent":0,"menu_order":0,"comment_status":"closed","ping_status":"closed","template":"","meta":{"_acf_changed":false,"footnotes":""},"class_list":["post-2613","page","type-page","status-publish","hentry"],"acf":[],"yoast_head":"<!-- This site is optimized with the Yoast SEO plugin v27.3 - https:\/\/yoast.com\/product\/yoast-seo-wordpress\/ -->\n<title>\u00dcber Uns<\/title>\n<meta name=\"description\" content=\"\u00dcber uns \u201eIhr L\u00e4cheln ist eine Manifestation Ihrer inneren Sch\u00f6nheit. Mit dem Ziel, diese Sch\u00f6nheit zu offenbaren, hat der \u00e4sthetische Zahnarzt Dt. Abdulkadir Narin\u2026\" \/>\n<meta name=\"robots\" content=\"index, follow, max-snippet:-1, max-image-preview:large, max-video-preview:-1\" \/>\n<link rel=\"canonical\" href=\"https:\/\/dentnis.com\/de\/ueber-uns\/\" \/>\n<meta property=\"og:locale\" content=\"de_DE\" \/>\n<meta property=\"og:type\" content=\"article\" \/>\n<meta property=\"og:title\" content=\"\u00dcber Uns\" \/>\n<meta property=\"og:description\" content=\"\u00dcber uns \u201eIhr L\u00e4cheln ist eine Manifestation Ihrer inneren Sch\u00f6nheit. Mit dem Ziel, diese Sch\u00f6nheit zu offenbaren, hat der \u00e4sthetische Zahnarzt Dt. Abdulkadir Narin\u2026\" \/>\n<meta property=\"og:url\" content=\"https:\/\/dentnis.com\/de\/ueber-uns\/\" \/>\n<meta property=\"og:site_name\" content=\"DentNis \u00ae\" \/>\n<meta property=\"article:publisher\" content=\"https:\/\/www.facebook.com\/profile.php?id=100008965091602\" \/>\n<meta property=\"article:modified_time\" content=\"2026-04-06T18:21:26+00:00\" \/>\n<meta name=\"twitter:card\" content=\"summary_large_image\" \/>\n<meta name=\"twitter:label1\" content=\"Gesch\u00e4tzte Lesezeit\" \/>\n\t<meta name=\"twitter:data1\" content=\"1\u00a0Minute\" \/>\n<script type=\"application\/ld+json\" class=\"yoast-schema-graph\">{\"@context\":\"https:\\\/\\\/schema.org\",\"@graph\":[{\"@type\":\"WebPage\",\"@id\":\"https:\\\/\\\/dentnis.com\\\/de\\\/ueber-uns\\\/\",\"url\":\"https:\\\/\\\/dentnis.com\\\/de\\\/ueber-uns\\\/\",\"name\":\"\u00dcber Uns\",\"isPartOf\":{\"@id\":\"https:\\\/\\\/dentnis.com\\\/de\\\/#website\"},\"datePublished\":\"2024-03-27T12:06:25+00:00\",\"dateModified\":\"2026-04-06T18:21:26+00:00\",\"description\":\"\u00dcber uns \u201eIhr L\u00e4cheln ist eine Manifestation Ihrer inneren Sch\u00f6nheit. Mit dem Ziel, diese Sch\u00f6nheit zu offenbaren, hat der \u00e4sthetische Zahnarzt Dt. Abdulkadir Narin\u2026\",\"breadcrumb\":{\"@id\":\"https:\\\/\\\/dentnis.com\\\/de\\\/ueber-uns\\\/#breadcrumb\"},\"inLanguage\":\"de\",\"potentialAction\":[{\"@type\":\"ReadAction\",\"target\":[\"https:\\\/\\\/dentnis.com\\\/de\\\/ueber-uns\\\/\"]}]},{\"@type\":\"BreadcrumbList\",\"@id\":\"https:\\\/\\\/dentnis.com\\\/de\\\/ueber-uns\\\/#breadcrumb\",\"itemListElement\":[{\"@type\":\"ListItem\",\"position\":1,\"name\":\"Anasayfa\",\"item\":\"https:\\\/\\\/dentnis.com\\\/de\\\/\"},{\"@type\":\"ListItem\",\"position\":2,\"name\":\"\u00dcber Uns\"}]},{\"@type\":\"WebSite\",\"@id\":\"https:\\\/\\\/dentnis.com\\\/de\\\/#website\",\"url\":\"https:\\\/\\\/dentnis.com\\\/de\\\/\",\"name\":\"DentNis \u00ae\",\"description\":\"G\u00fcl\u00fc\u015f\u00fcn\u00fcz Kalbinizin Aynas\u0131d\u0131r...\",\"publisher\":{\"@id\":\"https:\\\/\\\/dentnis.com\\\/de\\\/#organization\"},\"potentialAction\":[{\"@type\":\"SearchAction\",\"target\":{\"@type\":\"EntryPoint\",\"urlTemplate\":\"https:\\\/\\\/dentnis.com\\\/de\\\/?s={search_term_string}\"},\"query-input\":{\"@type\":\"PropertyValueSpecification\",\"valueRequired\":true,\"valueName\":\"search_term_string\"}}],\"inLanguage\":\"de\"},{\"@type\":\"Organization\",\"@id\":\"https:\\\/\\\/dentnis.com\\\/de\\\/#organization\",\"name\":\"DentNis\",\"url\":\"https:\\\/\\\/dentnis.com\\\/de\\\/\",\"logo\":{\"@type\":\"ImageObject\",\"inLanguage\":\"de\",\"@id\":\"https:\\\/\\\/dentnis.com\\\/de\\\/#\\\/schema\\\/logo\\\/image\\\/\",\"url\":\"https:\\\/\\\/dentnis.com\\\/wp-content\\\/uploads\\\/Logo.svg\",\"contentUrl\":\"https:\\\/\\\/dentnis.com\\\/wp-content\\\/uploads\\\/Logo.svg\",\"width\":1,\"height\":1,\"caption\":\"DentNis\"},\"image\":{\"@id\":\"https:\\\/\\\/dentnis.com\\\/de\\\/#\\\/schema\\\/logo\\\/image\\\/\"},\"sameAs\":[\"https:\\\/\\\/www.facebook.com\\\/profile.php?id=100008965091602\",\"https:\\\/\\\/www.instagram.com\\\/doktornarin\\\/\",\"https:\\\/\\\/www.linkedin.com\\\/company\\\/estetik-gulus-tasarimi-dentnis-nisantasi\\\/\",\"https:\\\/\\\/www.youtube.com\\\/channel\\\/UCfv6kUPsCAq1tIw8T7AClOw\"]}]}<\/script>\n<!-- \/ Yoast SEO plugin. -->","yoast_head_json":{"title":"\u00dcber Uns","description":"\u00dcber uns \u201eIhr L\u00e4cheln ist eine Manifestation Ihrer inneren Sch\u00f6nheit. Mit dem Ziel, diese Sch\u00f6nheit zu offenbaren, hat der \u00e4sthetische Zahnarzt Dt. Abdulkadir Narin\u2026","robots":{"index":"index","follow":"follow","max-snippet":"max-snippet:-1","max-image-preview":"max-image-preview:large","max-video-preview":"max-video-preview:-1"},"canonical":"https:\/\/dentnis.com\/de\/ueber-uns\/","og_locale":"de_DE","og_type":"article","og_title":"\u00dcber Uns","og_description":"\u00dcber uns \u201eIhr L\u00e4cheln ist eine Manifestation Ihrer inneren Sch\u00f6nheit. Mit dem Ziel, diese Sch\u00f6nheit zu offenbaren, hat der \u00e4sthetische Zahnarzt Dt. Abdulkadir Narin\u2026","og_url":"https:\/\/dentnis.com\/de\/ueber-uns\/","og_site_name":"DentNis \u00ae","article_publisher":"https:\/\/www.facebook.com\/profile.php?id=100008965091602","article_modified_time":"2026-04-06T18:21:26+00:00","twitter_card":"summary_large_image","twitter_misc":{"Gesch\u00e4tzte Lesezeit":"1\u00a0Minute"},"schema":{"@context":"https:\/\/schema.org","@graph":[{"@type":"WebPage","@id":"https:\/\/dentnis.com\/de\/ueber-uns\/","url":"https:\/\/dentnis.com\/de\/ueber-uns\/","name":"\u00dcber Uns","isPartOf":{"@id":"https:\/\/dentnis.com\/de\/#website"},"datePublished":"2024-03-27T12:06:25+00:00","dateModified":"2026-04-06T18:21:26+00:00","description":"\u00dcber uns \u201eIhr L\u00e4cheln ist eine Manifestation Ihrer inneren Sch\u00f6nheit. Mit dem Ziel, diese Sch\u00f6nheit zu offenbaren, hat der \u00e4sthetische Zahnarzt Dt. Abdulkadir Narin\u2026","breadcrumb":{"@id":"https:\/\/dentnis.com\/de\/ueber-uns\/#breadcrumb"},"inLanguage":"de","potentialAction":[{"@type":"ReadAction","target":["https:\/\/dentnis.com\/de\/ueber-uns\/"]}]},{"@type":"BreadcrumbList","@id":"https:\/\/dentnis.com\/de\/ueber-uns\/#breadcrumb","itemListElement":[{"@type":"ListItem","position":1,"name":"Anasayfa","item":"https:\/\/dentnis.com\/de\/"},{"@type":"ListItem","position":2,"name":"\u00dcber Uns"}]},{"@type":"WebSite","@id":"https:\/\/dentnis.com\/de\/#website","url":"https:\/\/dentnis.com\/de\/","name":"DentNis \u00ae","description":"G\u00fcl\u00fc\u015f\u00fcn\u00fcz Kalbinizin Aynas\u0131d\u0131r...","publisher":{"@id":"https:\/\/dentnis.com\/de\/#organization"},"potentialAction":[{"@type":"SearchAction","target":{"@type":"EntryPoint","urlTemplate":"https:\/\/dentnis.com\/de\/?s={search_term_string}"},"query-input":{"@type":"PropertyValueSpecification","valueRequired":true,"valueName":"search_term_string"}}],"inLanguage":"de"},{"@type":"Organization","@id":"https:\/\/dentnis.com\/de\/#organization","name":"DentNis","url":"https:\/\/dentnis.com\/de\/","logo":{"@type":"ImageObject","inLanguage":"de","@id":"https:\/\/dentnis.com\/de\/#\/schema\/logo\/image\/","url":"https:\/\/dentnis.com\/wp-content\/uploads\/Logo.svg","contentUrl":"https:\/\/dentnis.com\/wp-content\/uploads\/Logo.svg","width":1,"height":1,"caption":"DentNis"},"image":{"@id":"https:\/\/dentnis.com\/de\/#\/schema\/logo\/image\/"},"sameAs":["https:\/\/www.facebook.com\/profile.php?id=100008965091602","https:\/\/www.instagram.com\/doktornarin\/","https:\/\/www.linkedin.com\/company\/estetik-gulus-tasarimi-dentnis-nisantasi\/","https:\/\/www.youtube.com\/channel\/UCfv6kUPsCAq1tIw8T7AClOw"]}]}},"_links":{"self":[{"href":"https:\/\/dentnis.com\/de\/wp-json\/wp\/v2\/pages\/2613","targetHints":{"allow":["GET"]}}],"collection":[{"href":"https:\/\/dentnis.com\/de\/wp-json\/wp\/v2\/pages"}],"about":[{"href":"https:\/\/dentnis.com\/de\/wp-json\/wp\/v2\/types\/page"}],"author":[{"embeddable":true,"href":"https:\/\/dentnis.com\/de\/wp-json\/wp\/v2\/users\/1"}],"replies":[{"embeddable":true,"href":"https:\/\/dentnis.com\/de\/wp-json\/wp\/v2\/comments?post=2613"}],"version-history":[{"count":8,"href":"https:\/\/dentnis.com\/de\/wp-json\/wp\/v2\/pages\/2613\/revisions"}],"predecessor-version":[{"id":3931,"href":"https:\/\/dentnis.com\/de\/wp-json\/wp\/v2\/pages\/2613\/revisions\/3931"}],"wp:attachment":[{"href":"https:\/\/dentnis.com\/de\/wp-json\/wp\/v2\/media?parent=2613"}],"curies":[{"name":"wp","href":"https:\/\/api.w.org\/{rel}","templated":true}]}}