{"id":1475,"date":"2026-04-01T00:59:42","date_gmt":"2026-04-01T00:59:42","guid":{"rendered":"https:\/\/dentniswp.bootests.com\/uzman-ekibimiz\/"},"modified":"2024-03-28T13:54:43","modified_gmt":"2024-03-28T13:54:43","slug":"unser-expertenteam","status":"publish","type":"page","link":"https:\/\/dentnis.com\/de\/unser-expertenteam\/","title":{"rendered":"Unser Expertenteam"},"content":{"rendered":"<div class=\"wpb-content-wrapper\"><p>[vc_row][vc_column]   \r\n\r\n\t\t\t<div class=\"contact-overlay\">\r\n\t\t\t<div id=\"overlay\"><\/div>\r\n\t\t<\/div>\r\n\t\r\n\t\t<section class=\"Contact-Page-Banner\">\r\n\t\t\t<div class=\"container h-100\">\r\n\t\t\t\t<div class=\"row contact-page-banner-row h-100\">\r\n\t\t\t\t\t<div class=\"col-12 col-md-6 col-lg-7 contact-content\">\r\n\t\t\t\t\t\t<span class=\"contact-title\" data-aos=\"fade-up\" data-aos-easing=\"linear\" data-aos-duration=\"900\">Unser Team<\/span>\r\n\t\t\t\t\t\t<h1 data-aos=\"fade-up\" data-aos-easing=\"linear\" data-aos-duration=\"900\">Unser Expertenteam<\/h1>\r\n\t\t\t\t\t<\/div>\r\n\t\t\t\t\t<div class=\"col-12 col-md-6 col-lg-5 contact-pattern\">\r\n\t\t\t\t\t\t<img decoding=\"async\" src=\"\/wp-content\/themes\/dentnis\/img\/LinePattern.svg\" alt=\"\" data-aos=\"fade-down\"\r\n                        data-aos-easing=\"linear\" data-aos-duration=\"1000\">\r\n\t\t\t\t\t<\/div>\r\n\t\t\t\t<\/div>\r\n\t\t\t<\/div>\r\n\t\t<\/section>\r\n\t[vc_column_text]\n\n       <section class=\"Our-Team-Content our-team-page-section pb-0\">\n\n       <div class=\"container\">\n\n           <div class=\"row our-team-content-row\">\n\n              \n\n            <div class=\"col-12 col-md-6 ps-xxl-0 col-xxl-4\" data-aos=\"fade-up\" data-aos-easing=\"linear\"\n\n            data-aos-duration=\"1000\">\n\n                    <div class=\"card\">\n\n                        <div class=\"card-img position-relative\">\n\n                            <img decoding=\"async\" src=\"https:\/\/dentnis.com\/wp-content\/uploads\/2024\/02\/img-1-3-1.png\" alt=\"Dr. Abdulkadir Narin\">\n\n                            <div class=\"card-img-content\">\n\n                                <h5 class=\"card-img-title\">Dr. Abdulkadir Narin<\/h5>\n\n                                <p class=\"card-img-text\"> Kosmetischer Zahnarzt<\/p>\n\n                            <\/div>\n\n                        <\/div>\n\n                    <\/div>\n\n                <\/div>\n\n                \n\n            <div class=\"col-12 col-md-6 ps-xxl-0 col-xxl-4\" data-aos=\"fade-up\" data-aos-easing=\"linear\"\n\n            data-aos-duration=\"1000\">\n\n                    <div class=\"card\">\n\n                        <div class=\"card-img position-relative\">\n\n                            <img decoding=\"async\" src=\"https:\/\/dentnis.com\/wp-content\/uploads\/2024\/02\/img-2-3.png\" alt=\"Dr. Musa Erdem\">\n\n                            <div class=\"card-img-content\">\n\n                                <h5 class=\"card-img-title\">Dr. Musa Erdem<\/h5>\n\n                                <p class=\"card-img-text\"> Kiefer- und Gesichtschirurgie und orthognathische Chirurgie<\/p>\n\n                            <\/div>\n\n                        <\/div>\n\n                    <\/div>\n\n                <\/div>\n\n                \n\n            <div class=\"col-12 col-md-6 ps-xxl-0 col-xxl-4\" data-aos=\"fade-up\" data-aos-easing=\"linear\"\n\n            data-aos-duration=\"1000\">\n\n                    <div class=\"card\">\n\n                        <div class=\"card-img position-relative\">\n\n                            <img decoding=\"async\" src=\"https:\/\/dentnis.com\/wp-content\/uploads\/hakan-aydemir.png\" alt=\"Dt. Hakan Aydemir\">\n\n                            <div class=\"card-img-content\">\n\n                                <h5 class=\"card-img-title\">Dt. Hakan Aydemir<\/h5>\n\n                                <p class=\"card-img-text\"> Kieferorthop\u00e4die<\/p>\n\n                            <\/div>\n\n                        <\/div>\n\n                    <\/div>\n\n                <\/div>\n\n                \n\n            <div class=\"col-12 col-md-6 ps-xxl-0 col-xxl-4\" data-aos=\"fade-up\" data-aos-easing=\"linear\"\n\n            data-aos-duration=\"1000\">\n\n                    <div class=\"card\">\n\n                        <div class=\"card-img position-relative\">\n\n                            <img decoding=\"async\" src=\"https:\/\/dentnis.com\/wp-content\/uploads\/ayse-muberra-aluc.png\" alt=\"Ay\u015fe M\u00fcberra Alu\u00e7\">\n\n                            <div class=\"card-img-content\">\n\n                                <h5 class=\"card-img-title\">Ay\u015fe M\u00fcberra Alu\u00e7<\/h5>\n\n                                <p class=\"card-img-text\"> B\u00fcroleiter<\/p>\n\n                            <\/div>\n\n                        <\/div>\n\n                    <\/div>\n\n                <\/div>\n\n                \n\n            <div class=\"col-12 col-md-6 ps-xxl-0 col-xxl-4\" data-aos=\"fade-up\" data-aos-easing=\"linear\"\n\n            data-aos-duration=\"1000\">\n\n                    <div class=\"card\">\n\n                        <div class=\"card-img position-relative\">\n\n                            <img decoding=\"async\" src=\"https:\/\/dentnis.com\/wp-content\/uploads\/2024\/02\/img-3-2-1.png\" alt=\"Co.Dt. Sevda G\u00fcler\">\n\n                            <div class=\"card-img-content\">\n\n                                <h5 class=\"card-img-title\">Co.Dt. Sevda G\u00fcler<\/h5>\n\n                                <p class=\"card-img-text\"> Hygieniker<\/p>\n\n                            <\/div>\n\n                        <\/div>\n\n                    <\/div>\n\n                <\/div>\n\n                \n\n            <div class=\"col-12 col-md-6 ps-xxl-0 col-xxl-4\" data-aos=\"fade-up\" data-aos-easing=\"linear\"\n\n            data-aos-duration=\"1000\">\n\n                    <div class=\"card\">\n\n                        <div class=\"card-img position-relative\">\n\n                            <img decoding=\"async\" src=\"https:\/\/dentnis.com\/wp-content\/uploads\/rabia-akca.png\" alt=\"Co. Dt. Rabia Ak\u00e7a\">\n\n                            <div class=\"card-img-content\">\n\n                                <h5 class=\"card-img-title\">Co. Dt. Rabia Ak\u00e7a<\/h5>\n\n                                <p class=\"card-img-text\"> Hygieniker<\/p>\n\n                            <\/div>\n\n                        <\/div>\n\n                    <\/div>\n\n                <\/div>\n\n                \n\n            <div class=\"col-12 col-md-6 ps-xxl-0 col-xxl-4\" data-aos=\"fade-up\" data-aos-easing=\"linear\"\n\n            data-aos-duration=\"1000\">\n\n                    <div class=\"card\">\n\n                        <div class=\"card-img position-relative\">\n\n                            <img decoding=\"async\" src=\"https:\/\/dentnis.com\/wp-content\/uploads\/mehtap-aksu.png\" alt=\"Mehtap Aksu\">\n\n                            <div class=\"card-img-content\">\n\n                                <h5 class=\"card-img-title\">Mehtap Aksu<\/h5>\n\n                                <p class=\"card-img-text\"> Assistent<\/p>\n\n                            <\/div>\n\n                        <\/div>\n\n                    <\/div>\n\n                <\/div>\n\n                \n\n\n\n           <\/div>\n\n       <\/div>\n\n   <\/section>[\/vc_column_text][\/vc_column][\/vc_row]<\/p>\n<\/div>","protected":false},"excerpt":{"rendered":"<p>[vc_row][vc_column][vc_column_text][\/vc_column_text][\/vc_column][\/vc_row]<\/p>\n","protected":false},"author":1,"featured_media":0,"parent":0,"menu_order":0,"comment_status":"closed","ping_status":"closed","template":"","meta":{"_acf_changed":false,"footnotes":""},"class_list":["post-1475","page","type-page","status-publish","hentry"],"acf":[],"yoast_head":"<!-- This site is optimized with the Yoast SEO plugin v27.3 - https:\/\/yoast.com\/product\/yoast-seo-wordpress\/ -->\n<title>Unser Expertenteam<\/title>\n<meta name=\"description\" content=\"Klicken Sie hier, um detaillierte Informationen \u00fcber unser Expertenteam zu erhalten.\" \/>\n<meta name=\"robots\" content=\"index, follow, max-snippet:-1, max-image-preview:large, max-video-preview:-1\" \/>\n<link rel=\"canonical\" href=\"https:\/\/dentnis.com\/de\/unser-expertenteam\/\" \/>\n<meta property=\"og:locale\" content=\"de_DE\" \/>\n<meta property=\"og:type\" content=\"article\" \/>\n<meta property=\"og:title\" content=\"Unser Expertenteam\" \/>\n<meta property=\"og:description\" content=\"Klicken Sie hier, um detaillierte Informationen \u00fcber unser Expertenteam zu erhalten.\" \/>\n<meta property=\"og:url\" content=\"https:\/\/dentnis.com\/de\/unser-expertenteam\/\" \/>\n<meta property=\"og:site_name\" content=\"DentNis \u00ae\" \/>\n<meta property=\"article:publisher\" content=\"https:\/\/www.facebook.com\/profile.php?id=100008965091602\" \/>\n<meta name=\"twitter:card\" content=\"summary_large_image\" \/>\n<meta name=\"twitter:label1\" content=\"Gesch\u00e4tzte Lesezeit\" \/>\n\t<meta name=\"twitter:data1\" content=\"1\u00a0Minute\" \/>\n<script type=\"application\/ld+json\" class=\"yoast-schema-graph\">{\"@context\":\"https:\\\/\\\/schema.org\",\"@graph\":[{\"@type\":\"WebPage\",\"@id\":\"https:\\\/\\\/dentnis.com\\\/de\\\/unser-expertenteam\\\/\",\"url\":\"https:\\\/\\\/dentnis.com\\\/de\\\/unser-expertenteam\\\/\",\"name\":\"Unser Expertenteam\",\"isPartOf\":{\"@id\":\"https:\\\/\\\/dentnis.com\\\/de\\\/#website\"},\"datePublished\":\"2026-04-01T00:59:42+00:00\",\"description\":\"Klicken Sie hier, um detaillierte Informationen \u00fcber unser Expertenteam zu erhalten.\",\"breadcrumb\":{\"@id\":\"https:\\\/\\\/dentnis.com\\\/de\\\/unser-expertenteam\\\/#breadcrumb\"},\"inLanguage\":\"de\",\"potentialAction\":[{\"@type\":\"ReadAction\",\"target\":[\"https:\\\/\\\/dentnis.com\\\/de\\\/unser-expertenteam\\\/\"]}]},{\"@type\":\"BreadcrumbList\",\"@id\":\"https:\\\/\\\/dentnis.com\\\/de\\\/unser-expertenteam\\\/#breadcrumb\",\"itemListElement\":[{\"@type\":\"ListItem\",\"position\":1,\"name\":\"Anasayfa\",\"item\":\"https:\\\/\\\/dentnis.com\\\/de\\\/\"},{\"@type\":\"ListItem\",\"position\":2,\"name\":\"Unser Expertenteam\"}]},{\"@type\":\"WebSite\",\"@id\":\"https:\\\/\\\/dentnis.com\\\/de\\\/#website\",\"url\":\"https:\\\/\\\/dentnis.com\\\/de\\\/\",\"name\":\"DentNis \u00ae\",\"description\":\"G\u00fcl\u00fc\u015f\u00fcn\u00fcz Kalbinizin Aynas\u0131d\u0131r...\",\"publisher\":{\"@id\":\"https:\\\/\\\/dentnis.com\\\/de\\\/#organization\"},\"potentialAction\":[{\"@type\":\"SearchAction\",\"target\":{\"@type\":\"EntryPoint\",\"urlTemplate\":\"https:\\\/\\\/dentnis.com\\\/de\\\/?s={search_term_string}\"},\"query-input\":{\"@type\":\"PropertyValueSpecification\",\"valueRequired\":true,\"valueName\":\"search_term_string\"}}],\"inLanguage\":\"de\"},{\"@type\":\"Organization\",\"@id\":\"https:\\\/\\\/dentnis.com\\\/de\\\/#organization\",\"name\":\"DentNis\",\"url\":\"https:\\\/\\\/dentnis.com\\\/de\\\/\",\"logo\":{\"@type\":\"ImageObject\",\"inLanguage\":\"de\",\"@id\":\"https:\\\/\\\/dentnis.com\\\/de\\\/#\\\/schema\\\/logo\\\/image\\\/\",\"url\":\"https:\\\/\\\/dentnis.com\\\/wp-content\\\/uploads\\\/Logo.svg\",\"contentUrl\":\"https:\\\/\\\/dentnis.com\\\/wp-content\\\/uploads\\\/Logo.svg\",\"width\":1,\"height\":1,\"caption\":\"DentNis\"},\"image\":{\"@id\":\"https:\\\/\\\/dentnis.com\\\/de\\\/#\\\/schema\\\/logo\\\/image\\\/\"},\"sameAs\":[\"https:\\\/\\\/www.facebook.com\\\/profile.php?id=100008965091602\",\"https:\\\/\\\/www.instagram.com\\\/doktornarin\\\/\",\"https:\\\/\\\/www.linkedin.com\\\/company\\\/estetik-gulus-tasarimi-dentnis-nisantasi\\\/\",\"https:\\\/\\\/www.youtube.com\\\/channel\\\/UCfv6kUPsCAq1tIw8T7AClOw\"]}]}<\/script>\n<!-- \/ Yoast SEO plugin. -->","yoast_head_json":{"title":"Unser Expertenteam","description":"Klicken Sie hier, um detaillierte Informationen \u00fcber unser Expertenteam zu erhalten.","robots":{"index":"index","follow":"follow","max-snippet":"max-snippet:-1","max-image-preview":"max-image-preview:large","max-video-preview":"max-video-preview:-1"},"canonical":"https:\/\/dentnis.com\/de\/unser-expertenteam\/","og_locale":"de_DE","og_type":"article","og_title":"Unser Expertenteam","og_description":"Klicken Sie hier, um detaillierte Informationen \u00fcber unser Expertenteam zu erhalten.","og_url":"https:\/\/dentnis.com\/de\/unser-expertenteam\/","og_site_name":"DentNis \u00ae","article_publisher":"https:\/\/www.facebook.com\/profile.php?id=100008965091602","twitter_card":"summary_large_image","twitter_misc":{"Gesch\u00e4tzte Lesezeit":"1\u00a0Minute"},"schema":{"@context":"https:\/\/schema.org","@graph":[{"@type":"WebPage","@id":"https:\/\/dentnis.com\/de\/unser-expertenteam\/","url":"https:\/\/dentnis.com\/de\/unser-expertenteam\/","name":"Unser Expertenteam","isPartOf":{"@id":"https:\/\/dentnis.com\/de\/#website"},"datePublished":"2026-04-01T00:59:42+00:00","description":"Klicken Sie hier, um detaillierte Informationen \u00fcber unser Expertenteam zu erhalten.","breadcrumb":{"@id":"https:\/\/dentnis.com\/de\/unser-expertenteam\/#breadcrumb"},"inLanguage":"de","potentialAction":[{"@type":"ReadAction","target":["https:\/\/dentnis.com\/de\/unser-expertenteam\/"]}]},{"@type":"BreadcrumbList","@id":"https:\/\/dentnis.com\/de\/unser-expertenteam\/#breadcrumb","itemListElement":[{"@type":"ListItem","position":1,"name":"Anasayfa","item":"https:\/\/dentnis.com\/de\/"},{"@type":"ListItem","position":2,"name":"Unser Expertenteam"}]},{"@type":"WebSite","@id":"https:\/\/dentnis.com\/de\/#website","url":"https:\/\/dentnis.com\/de\/","name":"DentNis \u00ae","description":"G\u00fcl\u00fc\u015f\u00fcn\u00fcz Kalbinizin Aynas\u0131d\u0131r...","publisher":{"@id":"https:\/\/dentnis.com\/de\/#organization"},"potentialAction":[{"@type":"SearchAction","target":{"@type":"EntryPoint","urlTemplate":"https:\/\/dentnis.com\/de\/?s={search_term_string}"},"query-input":{"@type":"PropertyValueSpecification","valueRequired":true,"valueName":"search_term_string"}}],"inLanguage":"de"},{"@type":"Organization","@id":"https:\/\/dentnis.com\/de\/#organization","name":"DentNis","url":"https:\/\/dentnis.com\/de\/","logo":{"@type":"ImageObject","inLanguage":"de","@id":"https:\/\/dentnis.com\/de\/#\/schema\/logo\/image\/","url":"https:\/\/dentnis.com\/wp-content\/uploads\/Logo.svg","contentUrl":"https:\/\/dentnis.com\/wp-content\/uploads\/Logo.svg","width":1,"height":1,"caption":"DentNis"},"image":{"@id":"https:\/\/dentnis.com\/de\/#\/schema\/logo\/image\/"},"sameAs":["https:\/\/www.facebook.com\/profile.php?id=100008965091602","https:\/\/www.instagram.com\/doktornarin\/","https:\/\/www.linkedin.com\/company\/estetik-gulus-tasarimi-dentnis-nisantasi\/","https:\/\/www.youtube.com\/channel\/UCfv6kUPsCAq1tIw8T7AClOw"]}]}},"_links":{"self":[{"href":"https:\/\/dentnis.com\/de\/wp-json\/wp\/v2\/pages\/1475","targetHints":{"allow":["GET"]}}],"collection":[{"href":"https:\/\/dentnis.com\/de\/wp-json\/wp\/v2\/pages"}],"about":[{"href":"https:\/\/dentnis.com\/de\/wp-json\/wp\/v2\/types\/page"}],"author":[{"embeddable":true,"href":"https:\/\/dentnis.com\/de\/wp-json\/wp\/v2\/users\/1"}],"replies":[{"embeddable":true,"href":"https:\/\/dentnis.com\/de\/wp-json\/wp\/v2\/comments?post=1475"}],"version-history":[{"count":1,"href":"https:\/\/dentnis.com\/de\/wp-json\/wp\/v2\/pages\/1475\/revisions"}],"predecessor-version":[{"id":1830,"href":"https:\/\/dentnis.com\/de\/wp-json\/wp\/v2\/pages\/1475\/revisions\/1830"}],"wp:attachment":[{"href":"https:\/\/dentnis.com\/de\/wp-json\/wp\/v2\/media?parent=1475"}],"curies":[{"name":"wp","href":"https:\/\/api.w.org\/{rel}","templated":true}]}}