{"id":1469,"date":"2024-02-23T07:45:49","date_gmt":"2024-02-23T07:45:49","guid":{"rendered":"https:\/\/dentniswp.bootests.com\/hasta-yorumlari\/"},"modified":"2024-03-28T13:52:51","modified_gmt":"2024-03-28T13:52:51","slug":"patientenkommentare","status":"publish","type":"page","link":"https:\/\/dentnis.com\/de\/patientenkommentare\/","title":{"rendered":"Patientenkommentare"},"content":{"rendered":"<div class=\"wpb-content-wrapper\"><p>[vc_row][vc_column]   \n\n\n\n<div class=\"archive-overlay\">\n\n<div id=\"overlay\"><\/div>\n\n<\/div>\n\n\n\n<!-- Banner -->\n\n<section class=\"Page-Banner \">\n\n<div class=\"container\">\n\n\t<div class=\"row page-banner-row h-100\">\n\n\t\t<div class=\"col-12 col-md-6 col-lg-5 page-banner-text\">\n\n\t\t\t<span data-aos=\"fade-up\" data-aos-easing=\"linear\" data-aos-duration=\"900\">MEINUNGEN<\/span>\n\n\t\t\t<h1 data-aos=\"fade-up\" data-aos-easing=\"linear\" data-aos-duration=\"900\">Patientenkommentare<\/h1>\n\n\t\t\t<p data-aos=\"fade-up\" data-aos-easing=\"linear\" data-aos-duration=\"900\">Smile Design ist eine Behandlungsmethode aus dem Bereich der Zahnheilkunde.<\/p>\n\n\t\t<\/div>\n\n\t\t<div class=\"col-12 col-md-6 col-lg-6 page-banner-img\">\n\n\t\t\t<img decoding=\"async\" src=\"https:\/\/dentnis.com\/wp-content\/uploads\/Group-127-1.png\" class=\"img-desktop\" alt=\"Tedavilerimiz\" data-aos=\"fade-down\"\n\n\t\t\tdata-aos-easing=\"linear\" data-aos-duration=\"1000\">\n\n\t\t\t<img decoding=\"async\" src=\"https:\/\/dentnis.com\/wp-content\/uploads\/BannerMobilePhoto-1.svg\" class=\"img-mobile\" alt=\"Estetik Di\u015f Hekimi, G\u00fcl\u00fc\u015f Tasar\u0131m\u0131, \u0130mplant, Zirkonyum Di\u015f, Lamine Di\u015f, Yaprak Di\u015f Hizmetleri, G\u00fcl\u00fc\u015f Esteti\u011fi ve Kozmetik Di\u015f, Ni\u015fanta\u015f\u0131 Di\u015f\" data-aos=\"fade-down\"\n\n\t\t\tdata-aos-easing=\"linear\" data-aos-duration=\"1000\">\n\n\t\t\t\n\n\t\t<\/div>\n\n\t<\/div>\n\n<\/div>\n\n<\/section>\n\n<!-- Banner -->\n\n\t[vc_column_text]\n\n            <section class=\"Testimonials\"  data-aos=\"fade-down\" data-aos-easing=\"linear\" data-aos-duration=\"1500\">\n\n                <div class=\"container\"><div class=\"row testimonials-row\"><div class=\"col-lg-4 p-lg-0 h-100 testimonials-col\"><div class=\"testimonials-card\">\n\n                                    <div class=\"star\">\n\n                                        <ul class=\"p-0 d-flex\"><li><img decoding=\"async\" src=\"\/wp-content\/themes\/dentnis\/img\/Testimonials\/Rate.svg\" alt=\"star\"><\/li><li><img decoding=\"async\" src=\"\/wp-content\/themes\/dentnis\/img\/Testimonials\/Rate.svg\" alt=\"star\"><\/li><li><img decoding=\"async\" src=\"\/wp-content\/themes\/dentnis\/img\/Testimonials\/Rate.svg\" alt=\"star\"><\/li><li><img decoding=\"async\" src=\"\/wp-content\/themes\/dentnis\/img\/Testimonials\/Rate.svg\" alt=\"star\"><\/li><li><img decoding=\"async\" src=\"\/wp-content\/themes\/dentnis\/img\/Testimonials\/Rate.svg\" alt=\"star\"><\/li>\n\n                                            <\/ul>\n\n                                        <\/div>\n\n        \n\n                                  \n\n                                  \n\n                                        \n\n                                        <div class=\"card-text\"><p>Ich danke Dr. Abdulkadir und seinem freundlichen Team vom Herzen. Ich war mit meinem estetischen Problem schon bei vielen \u00c4rzten in Deutschland. Niemand konnte mir ein gutes Ergebnis versprechen oder hatte eine zufriedenstellende L\u00f6sung.<\/p>\n<p>Es war die beste Entscheidung, Dr Abdulkadir zu vertrauen.<\/p>\n<p>Ich bin mehr als zufrieden. ICH L\u00c4CHEL WIEDER \ud83d\ude42<\/p>\n<p>Und es sieht so nat\u00fcrlich aus. Ich bin normalerweise sehr schmerzempfindlich, aber w\u00e4hrend der ganzen Behandlung hatte ich wirklich keine schmerzen. Alles war auszuhalten.<\/p>\n<p>Ich danke allen Mitarbeitern und Herr DR Abdulkadir.<\/p>\n<p>Das Team ist sehr zuvorkommend, f\u00fcrsorglich und immer freundlich. Ich habe mich w\u00e4hrend der gesamten Behandlungszeit sehr wohl gef\u00fchlt. Ich kann es vom Herzen jeden empfehlen, Herr DR Abdulkadir ist ein toller Herzensmensch und macht seine Arbeit sehr gut.<\/p>\n<\/div>\n\n                                        <div class=\"profile\">\n\n                                        <div class=\"profile-img\">\n\n                                        <span>A <\/span>\n\n                                    <\/div>\n\n                                            <div class=\"profile-content\">\n\n                                                <div class=\"profile-name\">Aylin K\u00f6se<\/div>\n\n                                                <div class=\"profile-date\"><\/div>\n\n                                            <\/div>\n\n                                        <\/div>\n\n                                    <\/div><div class=\"testimonials-card\">\n\n                                    <div class=\"star\">\n\n                                        <ul class=\"p-0 d-flex\"><li><img decoding=\"async\" src=\"\/wp-content\/themes\/dentnis\/img\/Testimonials\/Rate.svg\" alt=\"star\"><\/li><li><img decoding=\"async\" src=\"\/wp-content\/themes\/dentnis\/img\/Testimonials\/Rate.svg\" alt=\"star\"><\/li><li><img decoding=\"async\" src=\"\/wp-content\/themes\/dentnis\/img\/Testimonials\/Rate.svg\" alt=\"star\"><\/li><li><img decoding=\"async\" src=\"\/wp-content\/themes\/dentnis\/img\/Testimonials\/Rate.svg\" alt=\"star\"><\/li><li><img decoding=\"async\" src=\"\/wp-content\/themes\/dentnis\/img\/Testimonials\/Rate.svg\" alt=\"star\"><\/li>\n\n                                            <\/ul>\n\n                                        <\/div>\n\n        \n\n                                  \n\n                                  \n\n                                        \n\n                                        <div class=\"card-text\"><p>Eine unglaublich nette Praxis, in jeder Hinsicht .<\/p>\n<p>Sehr professionell und dabei sehr freundlich was man von einem Zahnarzt eigentlich nicht so gewohnt ist \ud83d\ude42<\/p>\n<p>Mehrere Sprachen die der Doktor spricht die f\u00fcr mich sehr hilfreich waren .<\/p>\n<p>Ein Riesen dank und Lob an die ganze Praxis und das super freundliche Personal<\/p>\n<p>Diese Praxis kann ich jeden weiter empfehlen<\/p>\n<p>Liebe Gr\u00fc\u00dfe Duygu<\/p>\n<\/div>\n\n                                        <div class=\"profile\">\n\n                                        <div class=\"profile-img\">\n\n                                        <span>D <\/span>\n\n                                    <\/div>\n\n                                            <div class=\"profile-content\">\n\n                                                <div class=\"profile-name\">DieD DieD<\/div>\n\n                                                <div class=\"profile-date\"><\/div>\n\n                                            <\/div>\n\n                                        <\/div>\n\n                                    <\/div><\/div><div class=\"col-12 col-md-6 col-lg-4 h-100 testimonials-col\"><div class=\"testimonials-card\">\n\n                                    <div class=\"star\">\n\n                                        <ul class=\"p-0 d-flex\"><li><img decoding=\"async\" src=\"\/wp-content\/themes\/dentnis\/img\/Testimonials\/Rate.svg\" alt=\"star\"><\/li><li><img decoding=\"async\" src=\"\/wp-content\/themes\/dentnis\/img\/Testimonials\/Rate.svg\" alt=\"star\"><\/li><li><img decoding=\"async\" src=\"\/wp-content\/themes\/dentnis\/img\/Testimonials\/Rate.svg\" alt=\"star\"><\/li><li><img decoding=\"async\" src=\"\/wp-content\/themes\/dentnis\/img\/Testimonials\/Rate.svg\" alt=\"star\"><\/li><li><img decoding=\"async\" src=\"\/wp-content\/themes\/dentnis\/img\/Testimonials\/Rate.svg\" alt=\"star\"><\/li>\n\n                                            <\/ul>\n\n                                        <\/div>\n\n        \n\n                                  \n\n                                  \n\n                                        \n\n                                        <div class=\"card-text\"><p>1 A Arzt, 1 A Team, 1 A Service !!! Vorallem f\u00fcr Menschen die evtl. eine Zahnarztphobie haben, ihr werdet euch nach der ersten Behandlung fragen, warum ihr bisher Angst hattet. Es wird alles bis ins kleinste Detail erkl\u00e4rt, Alternativen werden aufgezeigt und die individuell beste Behandlungsmethode ausgesucht. Die Atmosph\u00e4re ist nicht klassisch wie bei anderen Zahn\u00e4rzten eine Dauerbeschallung durch die Bohrmaschine sondern ganz angenehme Musik im Hintergrund. Selbst eine Patientin wie ich, die wegen ihrem starken W\u00fcrgereiz, die Arbeit besonders erschwert, wird so verst\u00e4ndnisvoll und kompetent behandelt, da freut man sich schon auf den n\u00e4chsten Termin. Wenn nicht unbedingt n\u00f6tig, w\u00fcrde ich nie wieder zu einem anderen Zahnarzt gehen. Die f\u00fcnf Sterne sind zu wenig, ich vergebe sieben Sterne.<\/p>\n<\/div>\n\n                                        <div class=\"profile\">\n\n                                        <div class=\"profile-img\">\n\n                                        <span>H <\/span>\n\n                                    <\/div>\n\n                                            <div class=\"profile-content\">\n\n                                                <div class=\"profile-name\">Hanife Hanife<\/div>\n\n                                                <div class=\"profile-date\"><\/div>\n\n                                            <\/div>\n\n                                        <\/div>\n\n                                    <\/div><div class=\"testimonials-card\">\n\n                                    <div class=\"star\">\n\n                                        <ul class=\"p-0 d-flex\"><li><img decoding=\"async\" src=\"\/wp-content\/themes\/dentnis\/img\/Testimonials\/Rate.svg\" alt=\"star\"><\/li><li><img decoding=\"async\" src=\"\/wp-content\/themes\/dentnis\/img\/Testimonials\/Rate.svg\" alt=\"star\"><\/li><li><img decoding=\"async\" src=\"\/wp-content\/themes\/dentnis\/img\/Testimonials\/Rate.svg\" alt=\"star\"><\/li><li><img decoding=\"async\" src=\"\/wp-content\/themes\/dentnis\/img\/Testimonials\/Rate.svg\" alt=\"star\"><\/li><li><img decoding=\"async\" src=\"\/wp-content\/themes\/dentnis\/img\/Testimonials\/Rate.svg\" alt=\"star\"><\/li>\n\n                                            <\/ul>\n\n                                        <\/div>\n\n        \n\n                                  \n\n                                  \n\n                                        \n\n                                        <div class=\"card-text\"><p>Sehr professioneller und netter Zahnarzt.<\/p>\n<p>In der Praxis wird man sehr gut versorgt. Hilfsbereit in der gesamten Abwickelung der Zahnbehandlung. Knochenaufbau und Implantat wurde sauber eingesetzt.<\/p>\n<p>Danke f\u00fcr die tolle Arbeit. Ich kann es nur weiterempfehlen.<\/p>\n<\/div>\n\n                                        <div class=\"profile\">\n\n                                        <div class=\"profile-img\">\n\n                                        <span>C <\/span>\n\n                                    <\/div>\n\n                                            <div class=\"profile-content\">\n\n                                                <div class=\"profile-name\">Caner T\u00fcrker<\/div>\n\n                                                <div class=\"profile-date\"><\/div>\n\n                                            <\/div>\n\n                                        <\/div>\n\n                                    <\/div><\/div><\/div>\n\n                    <div class=\"pagination d-flex justify-content-center\" id=\"pagination\"  data-aos=\"fade-down\" data-aos-easing=\"linear\" data-aos-duration=\"1500\"><ul class=\"pagination\"><\/ul><\/div>\n\n                <\/div>\n\n            <\/section>[\/vc_column_text][\/vc_column][\/vc_row]<\/p>\n<\/div>","protected":false},"excerpt":{"rendered":"<p>[vc_row][vc_column][vc_column_text][\/vc_column_text][\/vc_column][\/vc_row]<\/p>\n","protected":false},"author":1,"featured_media":0,"parent":0,"menu_order":0,"comment_status":"closed","ping_status":"closed","template":"","meta":{"_acf_changed":false,"footnotes":""},"class_list":["post-1469","page","type-page","status-publish","hentry"],"acf":[],"yoast_head":"<!-- This site is optimized with the Yoast SEO plugin v27.3 - https:\/\/yoast.com\/product\/yoast-seo-wordpress\/ -->\n<title>Patientenkommentare<\/title>\n<meta name=\"description\" content=\"Vielen Dank an Herrn Abd\u00fclkadir und alle Dentnis. Die Liebe zum Detail, die F\u00fcrsorge f\u00fcr den Patienten, immer ein l\u00e4chelndes Gesicht \u2013 unglaublich!\" \/>\n<meta name=\"robots\" content=\"index, follow, max-snippet:-1, max-image-preview:large, max-video-preview:-1\" \/>\n<link rel=\"canonical\" href=\"https:\/\/dentnis.com\/de\/patientenkommentare\/\" \/>\n<meta property=\"og:locale\" content=\"de_DE\" \/>\n<meta property=\"og:type\" content=\"article\" \/>\n<meta property=\"og:title\" content=\"Patientenkommentare\" \/>\n<meta property=\"og:description\" content=\"Vielen Dank an Herrn Abd\u00fclkadir und alle Dentnis. Die Liebe zum Detail, die F\u00fcrsorge f\u00fcr den Patienten, immer ein l\u00e4chelndes Gesicht \u2013 unglaublich!\" \/>\n<meta property=\"og:url\" content=\"https:\/\/dentnis.com\/de\/patientenkommentare\/\" \/>\n<meta property=\"og:site_name\" content=\"DentNis \u00ae\" \/>\n<meta property=\"article:publisher\" content=\"https:\/\/www.facebook.com\/profile.php?id=100008965091602\" \/>\n<meta property=\"article:modified_time\" content=\"2024-03-28T13:52:51+00:00\" \/>\n<meta name=\"twitter:card\" content=\"summary_large_image\" \/>\n<meta name=\"twitter:label1\" content=\"Gesch\u00e4tzte Lesezeit\" \/>\n\t<meta name=\"twitter:data1\" content=\"1\u00a0Minute\" \/>\n<script type=\"application\/ld+json\" class=\"yoast-schema-graph\">{\"@context\":\"https:\\\/\\\/schema.org\",\"@graph\":[{\"@type\":\"WebPage\",\"@id\":\"https:\\\/\\\/dentnis.com\\\/de\\\/patientenkommentare\\\/\",\"url\":\"https:\\\/\\\/dentnis.com\\\/de\\\/patientenkommentare\\\/\",\"name\":\"Patientenkommentare\",\"isPartOf\":{\"@id\":\"https:\\\/\\\/dentnis.com\\\/de\\\/#website\"},\"datePublished\":\"2024-02-23T07:45:49+00:00\",\"dateModified\":\"2024-03-28T13:52:51+00:00\",\"description\":\"Vielen Dank an Herrn Abd\u00fclkadir und alle Dentnis. Die Liebe zum Detail, die F\u00fcrsorge f\u00fcr den Patienten, immer ein l\u00e4chelndes Gesicht \u2013 unglaublich!\",\"breadcrumb\":{\"@id\":\"https:\\\/\\\/dentnis.com\\\/de\\\/patientenkommentare\\\/#breadcrumb\"},\"inLanguage\":\"de\",\"potentialAction\":[{\"@type\":\"ReadAction\",\"target\":[\"https:\\\/\\\/dentnis.com\\\/de\\\/patientenkommentare\\\/\"]}]},{\"@type\":\"BreadcrumbList\",\"@id\":\"https:\\\/\\\/dentnis.com\\\/de\\\/patientenkommentare\\\/#breadcrumb\",\"itemListElement\":[{\"@type\":\"ListItem\",\"position\":1,\"name\":\"Anasayfa\",\"item\":\"https:\\\/\\\/dentnis.com\\\/de\\\/\"},{\"@type\":\"ListItem\",\"position\":2,\"name\":\"Patientenkommentare\"}]},{\"@type\":\"WebSite\",\"@id\":\"https:\\\/\\\/dentnis.com\\\/de\\\/#website\",\"url\":\"https:\\\/\\\/dentnis.com\\\/de\\\/\",\"name\":\"DentNis \u00ae\",\"description\":\"G\u00fcl\u00fc\u015f\u00fcn\u00fcz Kalbinizin Aynas\u0131d\u0131r...\",\"publisher\":{\"@id\":\"https:\\\/\\\/dentnis.com\\\/de\\\/#organization\"},\"potentialAction\":[{\"@type\":\"SearchAction\",\"target\":{\"@type\":\"EntryPoint\",\"urlTemplate\":\"https:\\\/\\\/dentnis.com\\\/de\\\/?s={search_term_string}\"},\"query-input\":{\"@type\":\"PropertyValueSpecification\",\"valueRequired\":true,\"valueName\":\"search_term_string\"}}],\"inLanguage\":\"de\"},{\"@type\":\"Organization\",\"@id\":\"https:\\\/\\\/dentnis.com\\\/de\\\/#organization\",\"name\":\"DentNis\",\"url\":\"https:\\\/\\\/dentnis.com\\\/de\\\/\",\"logo\":{\"@type\":\"ImageObject\",\"inLanguage\":\"de\",\"@id\":\"https:\\\/\\\/dentnis.com\\\/de\\\/#\\\/schema\\\/logo\\\/image\\\/\",\"url\":\"https:\\\/\\\/dentnis.com\\\/wp-content\\\/uploads\\\/Logo.svg\",\"contentUrl\":\"https:\\\/\\\/dentnis.com\\\/wp-content\\\/uploads\\\/Logo.svg\",\"width\":1,\"height\":1,\"caption\":\"DentNis\"},\"image\":{\"@id\":\"https:\\\/\\\/dentnis.com\\\/de\\\/#\\\/schema\\\/logo\\\/image\\\/\"},\"sameAs\":[\"https:\\\/\\\/www.facebook.com\\\/profile.php?id=100008965091602\",\"https:\\\/\\\/www.instagram.com\\\/doktornarin\\\/\",\"https:\\\/\\\/www.linkedin.com\\\/company\\\/estetik-gulus-tasarimi-dentnis-nisantasi\\\/\",\"https:\\\/\\\/www.youtube.com\\\/channel\\\/UCfv6kUPsCAq1tIw8T7AClOw\"]}]}<\/script>\n<!-- \/ Yoast SEO plugin. -->","yoast_head_json":{"title":"Patientenkommentare","description":"Vielen Dank an Herrn Abd\u00fclkadir und alle Dentnis. Die Liebe zum Detail, die F\u00fcrsorge f\u00fcr den Patienten, immer ein l\u00e4chelndes Gesicht \u2013 unglaublich!","robots":{"index":"index","follow":"follow","max-snippet":"max-snippet:-1","max-image-preview":"max-image-preview:large","max-video-preview":"max-video-preview:-1"},"canonical":"https:\/\/dentnis.com\/de\/patientenkommentare\/","og_locale":"de_DE","og_type":"article","og_title":"Patientenkommentare","og_description":"Vielen Dank an Herrn Abd\u00fclkadir und alle Dentnis. Die Liebe zum Detail, die F\u00fcrsorge f\u00fcr den Patienten, immer ein l\u00e4chelndes Gesicht \u2013 unglaublich!","og_url":"https:\/\/dentnis.com\/de\/patientenkommentare\/","og_site_name":"DentNis \u00ae","article_publisher":"https:\/\/www.facebook.com\/profile.php?id=100008965091602","article_modified_time":"2024-03-28T13:52:51+00:00","twitter_card":"summary_large_image","twitter_misc":{"Gesch\u00e4tzte Lesezeit":"1\u00a0Minute"},"schema":{"@context":"https:\/\/schema.org","@graph":[{"@type":"WebPage","@id":"https:\/\/dentnis.com\/de\/patientenkommentare\/","url":"https:\/\/dentnis.com\/de\/patientenkommentare\/","name":"Patientenkommentare","isPartOf":{"@id":"https:\/\/dentnis.com\/de\/#website"},"datePublished":"2024-02-23T07:45:49+00:00","dateModified":"2024-03-28T13:52:51+00:00","description":"Vielen Dank an Herrn Abd\u00fclkadir und alle Dentnis. Die Liebe zum Detail, die F\u00fcrsorge f\u00fcr den Patienten, immer ein l\u00e4chelndes Gesicht \u2013 unglaublich!","breadcrumb":{"@id":"https:\/\/dentnis.com\/de\/patientenkommentare\/#breadcrumb"},"inLanguage":"de","potentialAction":[{"@type":"ReadAction","target":["https:\/\/dentnis.com\/de\/patientenkommentare\/"]}]},{"@type":"BreadcrumbList","@id":"https:\/\/dentnis.com\/de\/patientenkommentare\/#breadcrumb","itemListElement":[{"@type":"ListItem","position":1,"name":"Anasayfa","item":"https:\/\/dentnis.com\/de\/"},{"@type":"ListItem","position":2,"name":"Patientenkommentare"}]},{"@type":"WebSite","@id":"https:\/\/dentnis.com\/de\/#website","url":"https:\/\/dentnis.com\/de\/","name":"DentNis \u00ae","description":"G\u00fcl\u00fc\u015f\u00fcn\u00fcz Kalbinizin Aynas\u0131d\u0131r...","publisher":{"@id":"https:\/\/dentnis.com\/de\/#organization"},"potentialAction":[{"@type":"SearchAction","target":{"@type":"EntryPoint","urlTemplate":"https:\/\/dentnis.com\/de\/?s={search_term_string}"},"query-input":{"@type":"PropertyValueSpecification","valueRequired":true,"valueName":"search_term_string"}}],"inLanguage":"de"},{"@type":"Organization","@id":"https:\/\/dentnis.com\/de\/#organization","name":"DentNis","url":"https:\/\/dentnis.com\/de\/","logo":{"@type":"ImageObject","inLanguage":"de","@id":"https:\/\/dentnis.com\/de\/#\/schema\/logo\/image\/","url":"https:\/\/dentnis.com\/wp-content\/uploads\/Logo.svg","contentUrl":"https:\/\/dentnis.com\/wp-content\/uploads\/Logo.svg","width":1,"height":1,"caption":"DentNis"},"image":{"@id":"https:\/\/dentnis.com\/de\/#\/schema\/logo\/image\/"},"sameAs":["https:\/\/www.facebook.com\/profile.php?id=100008965091602","https:\/\/www.instagram.com\/doktornarin\/","https:\/\/www.linkedin.com\/company\/estetik-gulus-tasarimi-dentnis-nisantasi\/","https:\/\/www.youtube.com\/channel\/UCfv6kUPsCAq1tIw8T7AClOw"]}]}},"_links":{"self":[{"href":"https:\/\/dentnis.com\/de\/wp-json\/wp\/v2\/pages\/1469","targetHints":{"allow":["GET"]}}],"collection":[{"href":"https:\/\/dentnis.com\/de\/wp-json\/wp\/v2\/pages"}],"about":[{"href":"https:\/\/dentnis.com\/de\/wp-json\/wp\/v2\/types\/page"}],"author":[{"embeddable":true,"href":"https:\/\/dentnis.com\/de\/wp-json\/wp\/v2\/users\/1"}],"replies":[{"embeddable":true,"href":"https:\/\/dentnis.com\/de\/wp-json\/wp\/v2\/comments?post=1469"}],"version-history":[{"count":2,"href":"https:\/\/dentnis.com\/de\/wp-json\/wp\/v2\/pages\/1469\/revisions"}],"predecessor-version":[{"id":2035,"href":"https:\/\/dentnis.com\/de\/wp-json\/wp\/v2\/pages\/1469\/revisions\/2035"}],"wp:attachment":[{"href":"https:\/\/dentnis.com\/de\/wp-json\/wp\/v2\/media?parent=1469"}],"curies":[{"name":"wp","href":"https:\/\/api.w.org\/{rel}","templated":true}]}}