{"id":1467,"date":"2024-02-27T11:20:53","date_gmt":"2024-02-27T11:20:53","guid":{"rendered":"https:\/\/dentniswp.bootests.com\/blog\/"},"modified":"2024-04-01T06:02:28","modified_gmt":"2024-04-01T06:02:28","slug":"blog","status":"publish","type":"page","link":"https:\/\/dentnis.com\/de\/blog\/","title":{"rendered":"Artikel"},"content":{"rendered":"<div class=\"wpb-content-wrapper\"><p>[vc_row][vc_column]   \n\n\n\n<div class=\"archive-overlay\">\n\n<div id=\"overlay\"><\/div>\n\n<\/div>\n\n\n\n<!-- Banner -->\n\n<section class=\"Page-Banner \">\n\n<div class=\"container\">\n\n\t<div class=\"row page-banner-row h-100\">\n\n\t\t<div class=\"col-12 col-md-6 col-lg-5 page-banner-text\">\n\n\t\t\t<span data-aos=\"fade-up\" data-aos-easing=\"linear\" data-aos-duration=\"900\">DENTN\u0130S<\/span>\n\n\t\t\t<h1 data-aos=\"fade-up\" data-aos-easing=\"linear\" data-aos-duration=\"900\">Artikel<\/h1>\n\n\t\t\t\n\n\t\t<\/div>\n\n\t\t<div class=\"col-12 col-md-6 col-lg-6 page-banner-img\">\n\n\t\t\t\n\n\t\t<\/div>\n\n\t<\/div>\n\n<\/div>\n\n<\/section>\n\n<!-- Banner -->\n\n\t[vc_column_text]\n\n    <section class=\"Archive-Content\">\n\n    <div class=\"container\">\n\n        <div class=\"row our-treatments\">\n\n        \n\n            \n\n\n\n                <div class=\"col-12 col-md-6 col-sm-6 col-xl-4\" data-aos=\"fade-up\" data-aos-easing=\"linear\"\n\n                data-aos-duration=\"1000\">\n\n              \n\n                    <div class=\"card-img \">\n\n                        <div class=\"img\">\n\n                        <a href=\"https:\/\/dentnis.com\/de\/zirkonkrone\/\">   <img decoding=\"async\" src=\"https:\/\/dentnis.com\/wp-content\/uploads\/zirkonyum-dis-kaplama-fiyatlari-2026-img-kapak.png\" alt=\"Zirkonkrone\">   <\/a>\n\n                        <\/div>\n\n                        <div class=\"card-img-body\">\n\n                            <div class=\"d-flex flex-column\">\n\n                                <span class=\"number \">1<\/span>\n\n                                <a href=\"https:\/\/dentnis.com\/de\/zirkonkrone\/\">      <h3 class=\"title \">Zirkonkrone<\/h3> <\/a>\n\n                            <\/div>\n\n                            <a href=\"https:\/\/dentnis.com\/de\/zirkonkrone\/\" class=\"btn-icon\">\n\n                                <img decoding=\"async\" src=\"\/wp-content\/themes\/dentnis\/img\/Our-Treatments\/Arrow.svg\" alt=\"arrow\">\n\n                            <\/a>\n\n\n\n                        <\/div>\n\n                    <\/div>\n\n             \n\n            <\/div>\n\n     \n\n            \n\n            \n\n\n\n                <div class=\"col-12 col-md-6 col-sm-6 col-xl-4\" data-aos=\"fade-up\" data-aos-easing=\"linear\"\n\n                data-aos-duration=\"1000\">\n\n              \n\n                    <div class=\"card-img \">\n\n                        <div class=\"img\">\n\n                        <a href=\"https:\/\/dentnis.com\/de\/orthodontie\/\">   <img decoding=\"async\" src=\"https:\/\/dentnis.com\/wp-content\/uploads\/Orthodontics-img-cover.png\" alt=\"Orthodontie\">   <\/a>\n\n                        <\/div>\n\n                        <div class=\"card-img-body\">\n\n                            <div class=\"d-flex flex-column\">\n\n                                <span class=\"number \">2<\/span>\n\n                                <a href=\"https:\/\/dentnis.com\/de\/orthodontie\/\">      <h3 class=\"title \">Orthodontie<\/h3> <\/a>\n\n                            <\/div>\n\n                            <a href=\"https:\/\/dentnis.com\/de\/orthodontie\/\" class=\"btn-icon\">\n\n                                <img decoding=\"async\" src=\"\/wp-content\/themes\/dentnis\/img\/Our-Treatments\/Arrow.svg\" alt=\"arrow\">\n\n                            <\/a>\n\n\n\n                        <\/div>\n\n                    <\/div>\n\n             \n\n            <\/div>\n\n     \n\n            \n\n            \n\n\n\n                <div class=\"col-12 col-md-6 col-sm-6 col-xl-4\" data-aos=\"fade-up\" data-aos-easing=\"linear\"\n\n                data-aos-duration=\"1000\">\n\n              \n\n                    <div class=\"card-img \">\n\n                        <div class=\"img\">\n\n                        <a href=\"https:\/\/dentnis.com\/de\/artenamel-verfahren\/\">   <img decoding=\"async\" src=\"https:\/\/dentnis.com\/wp-content\/uploads\/Art-Enemal-Bonding-Teknig-img-kapak.png\" alt=\"Artenamel Verfahren\">   <\/a>\n\n                        <\/div>\n\n                        <div class=\"card-img-body\">\n\n                            <div class=\"d-flex flex-column\">\n\n                                <span class=\"number \">3<\/span>\n\n                                <a href=\"https:\/\/dentnis.com\/de\/artenamel-verfahren\/\">      <h3 class=\"title \">Artenamel Verfahren<\/h3> <\/a>\n\n                            <\/div>\n\n                            <a href=\"https:\/\/dentnis.com\/de\/artenamel-verfahren\/\" class=\"btn-icon\">\n\n                                <img decoding=\"async\" src=\"\/wp-content\/themes\/dentnis\/img\/Our-Treatments\/Arrow.svg\" alt=\"arrow\">\n\n                            <\/a>\n\n\n\n                        <\/div>\n\n                    <\/div>\n\n             \n\n            <\/div>\n\n     \n\n            \n\n            \n\n\n\n                <div class=\"col-12 col-md-6 col-sm-6 col-xl-4\" data-aos=\"fade-up\" data-aos-easing=\"linear\"\n\n                data-aos-duration=\"1000\">\n\n              \n\n                    <div class=\"card-img \">\n\n                        <div class=\"img\">\n\n                        <a href=\"https:\/\/dentnis.com\/de\/wurzelbehandlung\/\">   <img decoding=\"async\" src=\"https:\/\/dentnis.com\/wp-content\/uploads\/Wurzelbehandlung-img-cover.png\" alt=\"Wurzelbehandlung\">   <\/a>\n\n                        <\/div>\n\n                        <div class=\"card-img-body\">\n\n                            <div class=\"d-flex flex-column\">\n\n                                <span class=\"number \">4<\/span>\n\n                                <a href=\"https:\/\/dentnis.com\/de\/wurzelbehandlung\/\">      <h3 class=\"title \">Wurzelbehandlung<\/h3> <\/a>\n\n                            <\/div>\n\n                            <a href=\"https:\/\/dentnis.com\/de\/wurzelbehandlung\/\" class=\"btn-icon\">\n\n                                <img decoding=\"async\" src=\"\/wp-content\/themes\/dentnis\/img\/Our-Treatments\/Arrow.svg\" alt=\"arrow\">\n\n                            <\/a>\n\n\n\n                        <\/div>\n\n                    <\/div>\n\n             \n\n            <\/div>\n\n     \n\n            \n\n            \n\n\n\n                <div class=\"col-12 col-md-6 col-sm-6 col-xl-4\" data-aos=\"fade-up\" data-aos-easing=\"linear\"\n\n                data-aos-duration=\"1000\">\n\n              \n\n                    <div class=\"card-img \">\n\n                        <div class=\"img\">\n\n                        <a href=\"https:\/\/dentnis.com\/de\/anti-aging-behandlungen\/\">   <img decoding=\"async\" src=\"https:\/\/dentnis.com\/wp-content\/uploads\/Anti-Aging-Dis-Hekimligi-img-kapak.png\" alt=\"Anti Aging Behandlungen\">   <\/a>\n\n                        <\/div>\n\n                        <div class=\"card-img-body\">\n\n                            <div class=\"d-flex flex-column\">\n\n                                <span class=\"number \">5<\/span>\n\n                                <a href=\"https:\/\/dentnis.com\/de\/anti-aging-behandlungen\/\">      <h3 class=\"title \">Anti Aging Behandlungen<\/h3> <\/a>\n\n                            <\/div>\n\n                            <a href=\"https:\/\/dentnis.com\/de\/anti-aging-behandlungen\/\" class=\"btn-icon\">\n\n                                <img decoding=\"async\" src=\"\/wp-content\/themes\/dentnis\/img\/Our-Treatments\/Arrow.svg\" alt=\"arrow\">\n\n                            <\/a>\n\n\n\n                        <\/div>\n\n                    <\/div>\n\n             \n\n            <\/div>\n\n     \n\n            \n\n            \n\n\n\n                <div class=\"col-12 col-md-6 col-sm-6 col-xl-4\" data-aos=\"fade-up\" data-aos-easing=\"linear\"\n\n                data-aos-duration=\"1000\">\n\n              \n\n                    <div class=\"card-img \">\n\n                        <div class=\"img\">\n\n                        <a href=\"https:\/\/dentnis.com\/de\/zahnbleaching\/\">   <img decoding=\"async\" src=\"https:\/\/dentnis.com\/wp-content\/uploads\/Dis-Beyazlatma-Bleaching-Nedir-img-kapak.png\" alt=\"Zahnbleaching\">   <\/a>\n\n                        <\/div>\n\n                        <div class=\"card-img-body\">\n\n                            <div class=\"d-flex flex-column\">\n\n                                <span class=\"number \">6<\/span>\n\n                                <a href=\"https:\/\/dentnis.com\/de\/zahnbleaching\/\">      <h3 class=\"title \">Zahnbleaching<\/h3> <\/a>\n\n                            <\/div>\n\n                            <a href=\"https:\/\/dentnis.com\/de\/zahnbleaching\/\" class=\"btn-icon\">\n\n                                <img decoding=\"async\" src=\"\/wp-content\/themes\/dentnis\/img\/Our-Treatments\/Arrow.svg\" alt=\"arrow\">\n\n                            <\/a>\n\n\n\n                        <\/div>\n\n                    <\/div>\n\n             \n\n            <\/div>\n\n     \n\n            \n\n            \n\n\n\n                <div class=\"col-12 col-md-6 col-sm-6 col-xl-4\" data-aos=\"fade-up\" data-aos-easing=\"linear\"\n\n                data-aos-duration=\"1000\">\n\n              \n\n                    <div class=\"card-img \">\n\n                        <div class=\"img\">\n\n                        <a href=\"https:\/\/dentnis.com\/de\/rosa-aesthetik\/\">   <img decoding=\"async\" src=\"https:\/\/dentnis.com\/wp-content\/uploads\/Pembe-Estetik-img-kapak.png\" alt=\"Rosa \u00c4sthetik\">   <\/a>\n\n                        <\/div>\n\n                        <div class=\"card-img-body\">\n\n                            <div class=\"d-flex flex-column\">\n\n                                <span class=\"number \">7<\/span>\n\n                                <a href=\"https:\/\/dentnis.com\/de\/rosa-aesthetik\/\">      <h3 class=\"title \">Rosa \u00c4sthetik<\/h3> <\/a>\n\n                            <\/div>\n\n                            <a href=\"https:\/\/dentnis.com\/de\/rosa-aesthetik\/\" class=\"btn-icon\">\n\n                                <img decoding=\"async\" src=\"\/wp-content\/themes\/dentnis\/img\/Our-Treatments\/Arrow.svg\" alt=\"arrow\">\n\n                            <\/a>\n\n\n\n                        <\/div>\n\n                    <\/div>\n\n             \n\n            <\/div>\n\n     \n\n            \n\n            \n\n\n\n                <div class=\"col-12 col-md-6 col-sm-6 col-xl-4\" data-aos=\"fade-up\" data-aos-easing=\"linear\"\n\n                data-aos-duration=\"1000\">\n\n              \n\n                    <div class=\"card-img \">\n\n                        <div class=\"img\">\n\n                        <a href=\"https:\/\/dentnis.com\/de\/aesthetische-fuellung\/\">   <img decoding=\"async\" src=\"https:\/\/dentnis.com\/wp-content\/uploads\/Estetik-Porselen-Dolgu-img-kapak.png\" alt=\"\u00c4sthetische F\u00fcllung\">   <\/a>\n\n                        <\/div>\n\n                        <div class=\"card-img-body\">\n\n                            <div class=\"d-flex flex-column\">\n\n                                <span class=\"number \">8<\/span>\n\n                                <a href=\"https:\/\/dentnis.com\/de\/aesthetische-fuellung\/\">      <h3 class=\"title \">\u00c4sthetische F\u00fcllung<\/h3> <\/a>\n\n                            <\/div>\n\n                            <a href=\"https:\/\/dentnis.com\/de\/aesthetische-fuellung\/\" class=\"btn-icon\">\n\n                                <img decoding=\"async\" src=\"\/wp-content\/themes\/dentnis\/img\/Our-Treatments\/Arrow.svg\" alt=\"arrow\">\n\n                            <\/a>\n\n\n\n                        <\/div>\n\n                    <\/div>\n\n             \n\n            <\/div>\n\n     \n\n            \n\n            \n\n\n\n                <div class=\"col-12 col-md-6 col-sm-6 col-xl-4\" data-aos=\"fade-up\" data-aos-easing=\"linear\"\n\n                data-aos-duration=\"1000\">\n\n              \n\n                    <div class=\"card-img \">\n\n                        <div class=\"img\">\n\n                        <a href=\"https:\/\/dentnis.com\/de\/orale-diagnose\/\">   <img decoding=\"async\" src=\"https:\/\/dentnis.com\/wp-content\/uploads\/Oral-Diagnoz-Nedir-img-kapak.png\" alt=\"Orale Diagnose\">   <\/a>\n\n                        <\/div>\n\n                        <div class=\"card-img-body\">\n\n                            <div class=\"d-flex flex-column\">\n\n                                <span class=\"number \">9<\/span>\n\n                                <a href=\"https:\/\/dentnis.com\/de\/orale-diagnose\/\">      <h3 class=\"title \">Orale Diagnose<\/h3> <\/a>\n\n                            <\/div>\n\n                            <a href=\"https:\/\/dentnis.com\/de\/orale-diagnose\/\" class=\"btn-icon\">\n\n                                <img decoding=\"async\" src=\"\/wp-content\/themes\/dentnis\/img\/Our-Treatments\/Arrow.svg\" alt=\"arrow\">\n\n                            <\/a>\n\n\n\n                        <\/div>\n\n                    <\/div>\n\n             \n\n            <\/div>\n\n     \n\n            \n\n        <div class=\"pagination d-flex justify-content-center\" data-aos=\"fade-up\" data-aos-easing=\"linear\"\n\n                    data-aos-duration=\"1500\">    <nav aria-label=\"Page navigation example\"><ul class=\"pagination\"><li class=\"page-item\"><span aria-current=\"page\" class=\"page-numbers current\">1<\/span><\/li><li class=\"page-item\"><a class=\"page-numbers\" href=\"https:\/\/dentnis.com\/de\/wp-json\/wp\/v2\/pages\/1467\/page\/2\/\">2<\/a><\/li><li class=\"page-item\"><a class=\"next page-numbers\" href=\"https:\/\/dentnis.com\/de\/wp-json\/wp\/v2\/pages\/1467\/page\/2\/\"><div class=\"page-link button\" href=\"#\" aria-label=\"Next\">\n\n                                    <img decoding=\"async\" src=\"\/wp-content\/themes\/dentnis\/img\/ArchivePage\/PaginationRightArrow.svg\" alt=\"right\">\n\n                                <\/div><span>nach vorne<\/span><\/a><\/li> <\/nav><\/ul><\/div>\n\n        <\/div>\n\n    <\/div>\n\n<\/section> \n\n        [\/vc_column_text][\/vc_column][\/vc_row]<\/p>\n<\/div>","protected":false},"excerpt":{"rendered":"<p>[vc_row][vc_column][vc_column_text][\/vc_column_text][\/vc_column][\/vc_row]<\/p>\n","protected":false},"author":1,"featured_media":0,"parent":0,"menu_order":0,"comment_status":"closed","ping_status":"closed","template":"","meta":{"_acf_changed":false,"footnotes":""},"class_list":["post-1467","page","type-page","status-publish","hentry"],"acf":[],"yoast_head":"<!-- This site is optimized with the Yoast SEO plugin v27.4 - https:\/\/yoast.com\/product\/yoast-seo-wordpress\/ -->\n<title>Artikel - DentNis \u00ae<\/title>\n<meta name=\"description\" content=\"Sie k\u00f6nnen unsere aktuellen Artikel zum Thema Zahnbehandlungen verfolgen.\" \/>\n<meta name=\"robots\" content=\"index, follow, max-snippet:-1, max-image-preview:large, max-video-preview:-1\" \/>\n<link rel=\"canonical\" href=\"https:\/\/dentnis.com\/de\/blog\/\" \/>\n<meta property=\"og:locale\" content=\"de_DE\" \/>\n<meta property=\"og:type\" content=\"article\" \/>\n<meta property=\"og:title\" content=\"Artikel - DentNis \u00ae\" \/>\n<meta property=\"og:description\" content=\"Sie k\u00f6nnen unsere aktuellen Artikel zum Thema Zahnbehandlungen verfolgen.\" \/>\n<meta property=\"og:url\" content=\"https:\/\/dentnis.com\/de\/blog\/\" \/>\n<meta property=\"og:site_name\" content=\"DentNis \u00ae\" \/>\n<meta property=\"article:publisher\" content=\"https:\/\/www.facebook.com\/profile.php?id=100008965091602\" \/>\n<meta property=\"article:modified_time\" content=\"2024-04-01T06:02:28+00:00\" \/>\n<meta name=\"twitter:card\" content=\"summary_large_image\" \/>\n<meta name=\"twitter:label1\" content=\"Gesch\u00e4tzte Lesezeit\" \/>\n\t<meta name=\"twitter:data1\" content=\"1\u00a0Minute\" \/>\n<script type=\"application\/ld+json\" class=\"yoast-schema-graph\">{\"@context\":\"https:\\\/\\\/schema.org\",\"@graph\":[{\"@type\":\"WebPage\",\"@id\":\"https:\\\/\\\/dentnis.com\\\/de\\\/blog\\\/\",\"url\":\"https:\\\/\\\/dentnis.com\\\/de\\\/blog\\\/\",\"name\":\"Artikel - DentNis \u00ae\",\"isPartOf\":{\"@id\":\"https:\\\/\\\/dentnis.com\\\/de\\\/#website\"},\"datePublished\":\"2024-02-27T11:20:53+00:00\",\"dateModified\":\"2024-04-01T06:02:28+00:00\",\"description\":\"Sie k\u00f6nnen unsere aktuellen Artikel zum Thema Zahnbehandlungen verfolgen.\",\"breadcrumb\":{\"@id\":\"https:\\\/\\\/dentnis.com\\\/de\\\/blog\\\/#breadcrumb\"},\"inLanguage\":\"de\",\"potentialAction\":[{\"@type\":\"ReadAction\",\"target\":[\"https:\\\/\\\/dentnis.com\\\/de\\\/blog\\\/\"]}]},{\"@type\":\"BreadcrumbList\",\"@id\":\"https:\\\/\\\/dentnis.com\\\/de\\\/blog\\\/#breadcrumb\",\"itemListElement\":[{\"@type\":\"ListItem\",\"position\":1,\"name\":\"Anasayfa\",\"item\":\"https:\\\/\\\/dentnis.com\\\/de\\\/\"},{\"@type\":\"ListItem\",\"position\":2,\"name\":\"Artikel\"}]},{\"@type\":\"WebSite\",\"@id\":\"https:\\\/\\\/dentnis.com\\\/de\\\/#website\",\"url\":\"https:\\\/\\\/dentnis.com\\\/de\\\/\",\"name\":\"DentNis \u00ae\",\"description\":\"G\u00fcl\u00fc\u015f\u00fcn\u00fcz Kalbinizin Aynas\u0131d\u0131r...\",\"publisher\":{\"@id\":\"https:\\\/\\\/dentnis.com\\\/de\\\/#organization\"},\"potentialAction\":[{\"@type\":\"SearchAction\",\"target\":{\"@type\":\"EntryPoint\",\"urlTemplate\":\"https:\\\/\\\/dentnis.com\\\/de\\\/?s={search_term_string}\"},\"query-input\":{\"@type\":\"PropertyValueSpecification\",\"valueRequired\":true,\"valueName\":\"search_term_string\"}}],\"inLanguage\":\"de\"},{\"@type\":\"Organization\",\"@id\":\"https:\\\/\\\/dentnis.com\\\/de\\\/#organization\",\"name\":\"DentNis\",\"url\":\"https:\\\/\\\/dentnis.com\\\/de\\\/\",\"logo\":{\"@type\":\"ImageObject\",\"inLanguage\":\"de\",\"@id\":\"https:\\\/\\\/dentnis.com\\\/de\\\/#\\\/schema\\\/logo\\\/image\\\/\",\"url\":\"https:\\\/\\\/dentnis.com\\\/wp-content\\\/uploads\\\/Logo.svg\",\"contentUrl\":\"https:\\\/\\\/dentnis.com\\\/wp-content\\\/uploads\\\/Logo.svg\",\"width\":1,\"height\":1,\"caption\":\"DentNis\"},\"image\":{\"@id\":\"https:\\\/\\\/dentnis.com\\\/de\\\/#\\\/schema\\\/logo\\\/image\\\/\"},\"sameAs\":[\"https:\\\/\\\/www.facebook.com\\\/profile.php?id=100008965091602\",\"https:\\\/\\\/www.instagram.com\\\/doktornarin\\\/\",\"https:\\\/\\\/www.linkedin.com\\\/company\\\/estetik-gulus-tasarimi-dentnis-nisantasi\\\/\",\"https:\\\/\\\/www.youtube.com\\\/channel\\\/UCfv6kUPsCAq1tIw8T7AClOw\"]}]}<\/script>\n<!-- \/ Yoast SEO plugin. -->","yoast_head_json":{"title":"Artikel - DentNis \u00ae","description":"Sie k\u00f6nnen unsere aktuellen Artikel zum Thema Zahnbehandlungen verfolgen.","robots":{"index":"index","follow":"follow","max-snippet":"max-snippet:-1","max-image-preview":"max-image-preview:large","max-video-preview":"max-video-preview:-1"},"canonical":"https:\/\/dentnis.com\/de\/blog\/","og_locale":"de_DE","og_type":"article","og_title":"Artikel - DentNis \u00ae","og_description":"Sie k\u00f6nnen unsere aktuellen Artikel zum Thema Zahnbehandlungen verfolgen.","og_url":"https:\/\/dentnis.com\/de\/blog\/","og_site_name":"DentNis \u00ae","article_publisher":"https:\/\/www.facebook.com\/profile.php?id=100008965091602","article_modified_time":"2024-04-01T06:02:28+00:00","twitter_card":"summary_large_image","twitter_misc":{"Gesch\u00e4tzte Lesezeit":"1\u00a0Minute"},"schema":{"@context":"https:\/\/schema.org","@graph":[{"@type":"WebPage","@id":"https:\/\/dentnis.com\/de\/blog\/","url":"https:\/\/dentnis.com\/de\/blog\/","name":"Artikel - DentNis \u00ae","isPartOf":{"@id":"https:\/\/dentnis.com\/de\/#website"},"datePublished":"2024-02-27T11:20:53+00:00","dateModified":"2024-04-01T06:02:28+00:00","description":"Sie k\u00f6nnen unsere aktuellen Artikel zum Thema Zahnbehandlungen verfolgen.","breadcrumb":{"@id":"https:\/\/dentnis.com\/de\/blog\/#breadcrumb"},"inLanguage":"de","potentialAction":[{"@type":"ReadAction","target":["https:\/\/dentnis.com\/de\/blog\/"]}]},{"@type":"BreadcrumbList","@id":"https:\/\/dentnis.com\/de\/blog\/#breadcrumb","itemListElement":[{"@type":"ListItem","position":1,"name":"Anasayfa","item":"https:\/\/dentnis.com\/de\/"},{"@type":"ListItem","position":2,"name":"Artikel"}]},{"@type":"WebSite","@id":"https:\/\/dentnis.com\/de\/#website","url":"https:\/\/dentnis.com\/de\/","name":"DentNis \u00ae","description":"G\u00fcl\u00fc\u015f\u00fcn\u00fcz Kalbinizin Aynas\u0131d\u0131r...","publisher":{"@id":"https:\/\/dentnis.com\/de\/#organization"},"potentialAction":[{"@type":"SearchAction","target":{"@type":"EntryPoint","urlTemplate":"https:\/\/dentnis.com\/de\/?s={search_term_string}"},"query-input":{"@type":"PropertyValueSpecification","valueRequired":true,"valueName":"search_term_string"}}],"inLanguage":"de"},{"@type":"Organization","@id":"https:\/\/dentnis.com\/de\/#organization","name":"DentNis","url":"https:\/\/dentnis.com\/de\/","logo":{"@type":"ImageObject","inLanguage":"de","@id":"https:\/\/dentnis.com\/de\/#\/schema\/logo\/image\/","url":"https:\/\/dentnis.com\/wp-content\/uploads\/Logo.svg","contentUrl":"https:\/\/dentnis.com\/wp-content\/uploads\/Logo.svg","width":1,"height":1,"caption":"DentNis"},"image":{"@id":"https:\/\/dentnis.com\/de\/#\/schema\/logo\/image\/"},"sameAs":["https:\/\/www.facebook.com\/profile.php?id=100008965091602","https:\/\/www.instagram.com\/doktornarin\/","https:\/\/www.linkedin.com\/company\/estetik-gulus-tasarimi-dentnis-nisantasi\/","https:\/\/www.youtube.com\/channel\/UCfv6kUPsCAq1tIw8T7AClOw"]}]}},"_links":{"self":[{"href":"https:\/\/dentnis.com\/de\/wp-json\/wp\/v2\/pages\/1467","targetHints":{"allow":["GET"]}}],"collection":[{"href":"https:\/\/dentnis.com\/de\/wp-json\/wp\/v2\/pages"}],"about":[{"href":"https:\/\/dentnis.com\/de\/wp-json\/wp\/v2\/types\/page"}],"author":[{"embeddable":true,"href":"https:\/\/dentnis.com\/de\/wp-json\/wp\/v2\/users\/1"}],"replies":[{"embeddable":true,"href":"https:\/\/dentnis.com\/de\/wp-json\/wp\/v2\/comments?post=1467"}],"version-history":[{"count":12,"href":"https:\/\/dentnis.com\/de\/wp-json\/wp\/v2\/pages\/1467\/revisions"}],"predecessor-version":[{"id":2971,"href":"https:\/\/dentnis.com\/de\/wp-json\/wp\/v2\/pages\/1467\/revisions\/2971"}],"wp:attachment":[{"href":"https:\/\/dentnis.com\/de\/wp-json\/wp\/v2\/media?parent=1467"}],"curies":[{"name":"wp","href":"https:\/\/api.w.org\/{rel}","templated":true}]}}