{"id":1465,"date":"2026-03-08T09:45:03","date_gmt":"2026-03-08T09:45:03","guid":{"rendered":"https:\/\/dentniswp.bootests.com\/anasayfa\/"},"modified":"2026-04-06T12:50:12","modified_gmt":"2026-04-06T12:50:12","slug":"anasayfa","status":"publish","type":"page","link":"https:\/\/dentnis.com\/de\/","title":{"rendered":"Startseite"},"content":{"rendered":"","protected":false},"excerpt":{"rendered":"","protected":false},"author":1,"featured_media":0,"parent":0,"menu_order":0,"comment_status":"closed","ping_status":"closed","template":"page-anasayfa.php","meta":{"_acf_changed":false,"footnotes":""},"class_list":["post-1465","page","type-page","status-publish","hentry"],"acf":[],"yoast_head":"<!-- This site is optimized with the Yoast SEO plugin v27.3 - https:\/\/yoast.com\/product\/yoast-seo-wordpress\/ -->\n<title>Bester \u00c4sthetischer Zahnarzt T\u00fcrkei | Dr. Abdulkadir Narin | DentNis \u00ae<\/title>\n<meta name=\"description\" content=\"Bester \u00e4sthetischer Zahnarzt der T\u00fcrkei \u2013 Implantate, Porzellan-Kronen, Laminat-Veneers und Smile Makeover. Deutschsprachiger Service.\" \/>\n<meta name=\"robots\" content=\"index, follow, max-snippet:-1, max-image-preview:large, max-video-preview:-1\" \/>\n<link rel=\"canonical\" href=\"https:\/\/dentnis.com\/de\/\" \/>\n<meta property=\"og:locale\" content=\"de_DE\" \/>\n<meta property=\"og:type\" content=\"article\" \/>\n<meta property=\"og:title\" content=\"Bester \u00c4sthetischer Zahnarzt T\u00fcrkei | Dr. Abdulkadir Narin | DentNis \u00ae\" \/>\n<meta property=\"og:description\" content=\"Bester \u00e4sthetischer Zahnarzt der T\u00fcrkei \u2013 Implantate, Porzellan-Kronen, Laminat-Veneers und Smile Makeover. Deutschsprachiger Service.\" \/>\n<meta property=\"og:url\" content=\"https:\/\/dentnis.com\/de\/\" \/>\n<meta property=\"og:site_name\" content=\"DentNis \u00ae\" \/>\n<meta property=\"article:publisher\" content=\"https:\/\/www.facebook.com\/profile.php?id=100008965091602\" \/>\n<meta property=\"article:modified_time\" content=\"2026-04-06T12:50:12+00:00\" \/>\n<meta name=\"twitter:card\" content=\"summary_large_image\" \/>\n<script type=\"application\/ld+json\" class=\"yoast-schema-graph\">{\"@context\":\"https:\\\/\\\/schema.org\",\"@graph\":[{\"@type\":\"WebPage\",\"@id\":\"https:\\\/\\\/dentnis.com\\\/de\\\/\",\"url\":\"https:\\\/\\\/dentnis.com\\\/de\\\/\",\"name\":\"Bester \u00c4sthetischer Zahnarzt T\u00fcrkei | Dr. Abdulkadir Narin | DentNis \u00ae\",\"isPartOf\":{\"@id\":\"https:\\\/\\\/dentnis.com\\\/de\\\/#website\"},\"datePublished\":\"2026-03-08T09:45:03+00:00\",\"dateModified\":\"2026-04-06T12:50:12+00:00\",\"description\":\"Bester \u00e4sthetischer Zahnarzt der T\u00fcrkei \u2013 Implantate, Porzellan-Kronen, Laminat-Veneers und Smile Makeover. Deutschsprachiger Service.\",\"breadcrumb\":{\"@id\":\"https:\\\/\\\/dentnis.com\\\/de\\\/#breadcrumb\"},\"inLanguage\":\"de\",\"potentialAction\":[{\"@type\":\"ReadAction\",\"target\":[\"https:\\\/\\\/dentnis.com\\\/de\\\/\"]}]},{\"@type\":\"BreadcrumbList\",\"@id\":\"https:\\\/\\\/dentnis.com\\\/de\\\/#breadcrumb\",\"itemListElement\":[{\"@type\":\"ListItem\",\"position\":1,\"name\":\"Anasayfa\",\"item\":\"https:\\\/\\\/dentnis.com\\\/de\\\/\"},{\"@type\":\"ListItem\",\"position\":2,\"name\":\"Startseite\"}]},{\"@type\":\"WebSite\",\"@id\":\"https:\\\/\\\/dentnis.com\\\/de\\\/#website\",\"url\":\"https:\\\/\\\/dentnis.com\\\/de\\\/\",\"name\":\"DentNis \u00ae\",\"description\":\"G\u00fcl\u00fc\u015f\u00fcn\u00fcz Kalbinizin Aynas\u0131d\u0131r...\",\"publisher\":{\"@id\":\"https:\\\/\\\/dentnis.com\\\/de\\\/#organization\"},\"potentialAction\":[{\"@type\":\"SearchAction\",\"target\":{\"@type\":\"EntryPoint\",\"urlTemplate\":\"https:\\\/\\\/dentnis.com\\\/de\\\/?s={search_term_string}\"},\"query-input\":{\"@type\":\"PropertyValueSpecification\",\"valueRequired\":true,\"valueName\":\"search_term_string\"}}],\"inLanguage\":\"de\"},{\"@type\":\"Organization\",\"@id\":\"https:\\\/\\\/dentnis.com\\\/de\\\/#organization\",\"name\":\"DentNis\",\"url\":\"https:\\\/\\\/dentnis.com\\\/de\\\/\",\"logo\":{\"@type\":\"ImageObject\",\"inLanguage\":\"de\",\"@id\":\"https:\\\/\\\/dentnis.com\\\/de\\\/#\\\/schema\\\/logo\\\/image\\\/\",\"url\":\"https:\\\/\\\/dentnis.com\\\/wp-content\\\/uploads\\\/Logo.svg\",\"contentUrl\":\"https:\\\/\\\/dentnis.com\\\/wp-content\\\/uploads\\\/Logo.svg\",\"width\":1,\"height\":1,\"caption\":\"DentNis\"},\"image\":{\"@id\":\"https:\\\/\\\/dentnis.com\\\/de\\\/#\\\/schema\\\/logo\\\/image\\\/\"},\"sameAs\":[\"https:\\\/\\\/www.facebook.com\\\/profile.php?id=100008965091602\",\"https:\\\/\\\/www.instagram.com\\\/doktornarin\\\/\",\"https:\\\/\\\/www.linkedin.com\\\/company\\\/estetik-gulus-tasarimi-dentnis-nisantasi\\\/\",\"https:\\\/\\\/www.youtube.com\\\/channel\\\/UCfv6kUPsCAq1tIw8T7AClOw\"]}]}<\/script>\n<!-- \/ Yoast SEO plugin. -->","yoast_head_json":{"title":"Bester \u00c4sthetischer Zahnarzt T\u00fcrkei | Dr. Abdulkadir Narin | DentNis \u00ae","description":"Bester \u00e4sthetischer Zahnarzt der T\u00fcrkei \u2013 Implantate, Porzellan-Kronen, Laminat-Veneers und Smile Makeover. Deutschsprachiger Service.","robots":{"index":"index","follow":"follow","max-snippet":"max-snippet:-1","max-image-preview":"max-image-preview:large","max-video-preview":"max-video-preview:-1"},"canonical":"https:\/\/dentnis.com\/de\/","og_locale":"de_DE","og_type":"article","og_title":"Bester \u00c4sthetischer Zahnarzt T\u00fcrkei | Dr. Abdulkadir Narin | DentNis \u00ae","og_description":"Bester \u00e4sthetischer Zahnarzt der T\u00fcrkei \u2013 Implantate, Porzellan-Kronen, Laminat-Veneers und Smile Makeover. Deutschsprachiger Service.","og_url":"https:\/\/dentnis.com\/de\/","og_site_name":"DentNis \u00ae","article_publisher":"https:\/\/www.facebook.com\/profile.php?id=100008965091602","article_modified_time":"2026-04-06T12:50:12+00:00","twitter_card":"summary_large_image","schema":{"@context":"https:\/\/schema.org","@graph":[{"@type":"WebPage","@id":"https:\/\/dentnis.com\/de\/","url":"https:\/\/dentnis.com\/de\/","name":"Bester \u00c4sthetischer Zahnarzt T\u00fcrkei | Dr. Abdulkadir Narin | DentNis \u00ae","isPartOf":{"@id":"https:\/\/dentnis.com\/de\/#website"},"datePublished":"2026-03-08T09:45:03+00:00","dateModified":"2026-04-06T12:50:12+00:00","description":"Bester \u00e4sthetischer Zahnarzt der T\u00fcrkei \u2013 Implantate, Porzellan-Kronen, Laminat-Veneers und Smile Makeover. Deutschsprachiger Service.","breadcrumb":{"@id":"https:\/\/dentnis.com\/de\/#breadcrumb"},"inLanguage":"de","potentialAction":[{"@type":"ReadAction","target":["https:\/\/dentnis.com\/de\/"]}]},{"@type":"BreadcrumbList","@id":"https:\/\/dentnis.com\/de\/#breadcrumb","itemListElement":[{"@type":"ListItem","position":1,"name":"Anasayfa","item":"https:\/\/dentnis.com\/de\/"},{"@type":"ListItem","position":2,"name":"Startseite"}]},{"@type":"WebSite","@id":"https:\/\/dentnis.com\/de\/#website","url":"https:\/\/dentnis.com\/de\/","name":"DentNis \u00ae","description":"G\u00fcl\u00fc\u015f\u00fcn\u00fcz Kalbinizin Aynas\u0131d\u0131r...","publisher":{"@id":"https:\/\/dentnis.com\/de\/#organization"},"potentialAction":[{"@type":"SearchAction","target":{"@type":"EntryPoint","urlTemplate":"https:\/\/dentnis.com\/de\/?s={search_term_string}"},"query-input":{"@type":"PropertyValueSpecification","valueRequired":true,"valueName":"search_term_string"}}],"inLanguage":"de"},{"@type":"Organization","@id":"https:\/\/dentnis.com\/de\/#organization","name":"DentNis","url":"https:\/\/dentnis.com\/de\/","logo":{"@type":"ImageObject","inLanguage":"de","@id":"https:\/\/dentnis.com\/de\/#\/schema\/logo\/image\/","url":"https:\/\/dentnis.com\/wp-content\/uploads\/Logo.svg","contentUrl":"https:\/\/dentnis.com\/wp-content\/uploads\/Logo.svg","width":1,"height":1,"caption":"DentNis"},"image":{"@id":"https:\/\/dentnis.com\/de\/#\/schema\/logo\/image\/"},"sameAs":["https:\/\/www.facebook.com\/profile.php?id=100008965091602","https:\/\/www.instagram.com\/doktornarin\/","https:\/\/www.linkedin.com\/company\/estetik-gulus-tasarimi-dentnis-nisantasi\/","https:\/\/www.youtube.com\/channel\/UCfv6kUPsCAq1tIw8T7AClOw"]}]}},"_links":{"self":[{"href":"https:\/\/dentnis.com\/de\/wp-json\/wp\/v2\/pages\/1465","targetHints":{"allow":["GET"]}}],"collection":[{"href":"https:\/\/dentnis.com\/de\/wp-json\/wp\/v2\/pages"}],"about":[{"href":"https:\/\/dentnis.com\/de\/wp-json\/wp\/v2\/types\/page"}],"author":[{"embeddable":true,"href":"https:\/\/dentnis.com\/de\/wp-json\/wp\/v2\/users\/1"}],"replies":[{"embeddable":true,"href":"https:\/\/dentnis.com\/de\/wp-json\/wp\/v2\/comments?post=1465"}],"version-history":[{"count":4,"href":"https:\/\/dentnis.com\/de\/wp-json\/wp\/v2\/pages\/1465\/revisions"}],"predecessor-version":[{"id":3256,"href":"https:\/\/dentnis.com\/de\/wp-json\/wp\/v2\/pages\/1465\/revisions\/3256"}],"wp:attachment":[{"href":"https:\/\/dentnis.com\/de\/wp-json\/wp\/v2\/media?parent=1465"}],"curies":[{"name":"wp","href":"https:\/\/api.w.org\/{rel}","templated":true}]}}